{"id":998,"date":"2019-03-26T19:53:59","date_gmt":"2019-03-26T18:53:59","guid":{"rendered":"https:\/\/www.lebens-impuls-center.ch\/?page_id=998"},"modified":"2019-12-03T14:03:38","modified_gmt":"2019-12-03T13:03:38","slug":"bestellformular-vom-schweizerschafwolle-wohlfuehl-kissen-mit-dem-einzigartigen-edelsteinkern","status":"publish","type":"page","link":"https:\/\/www.lebens-impuls-center.ch\/?page_id=998","title":{"rendered":"Bestellformular vom Schweizerschafwolle-Wohlf\u00fchl-Kissen mit dem einzigartigen Edelsteinkern"},"content":{"rendered":"\n<figure class=\"wp-block-image\"><img loading=\"lazy\" decoding=\"async\" width=\"623\" height=\"1024\" src=\"https:\/\/www.lebens-impuls-center.ch\/wp-content\/uploads\/2019\/03\/Foto-25.03.19-16-41-09-623x1024.jpg\" alt=\"\" class=\"wp-image-992\" srcset=\"https:\/\/www.lebens-impuls-center.ch\/wp-content\/uploads\/2019\/03\/Foto-25.03.19-16-41-09-623x1024.jpg 623w, https:\/\/www.lebens-impuls-center.ch\/wp-content\/uploads\/2019\/03\/Foto-25.03.19-16-41-09-183x300.jpg 183w, https:\/\/www.lebens-impuls-center.ch\/wp-content\/uploads\/2019\/03\/Foto-25.03.19-16-41-09-768x1261.jpg 768w, https:\/\/www.lebens-impuls-center.ch\/wp-content\/uploads\/2019\/03\/Foto-25.03.19-16-41-09.jpg 898w\" sizes=\"auto, (max-width: 623px) 100vw, 623px\" \/><\/figure>\n\n\n\n<p><em><strong>Unsere tolle Farbauswahl:<\/strong> silber, dunkelorangerot, hellorange, weinrot, violett, wei\u00df, beige, kiwigr\u00fcn, petrolgr\u00fcnblau, dunkelblau, hellblau<\/em><\/p>\n\n\n\n\n<div class=\"wpcf7 no-js\" id=\"wpcf7-f996-o1\" lang=\"de-DE\" dir=\"ltr\" data-wpcf7-id=\"996\">\n<div class=\"screen-reader-response\"><p role=\"status\" aria-live=\"polite\" aria-atomic=\"true\"><\/p> <ul><\/ul><\/div>\n<form action=\"\/index.php?rest_route=%2Fwp%2Fv2%2Fpages%2F998#wpcf7-f996-o1\" method=\"post\" class=\"wpcf7-form init\" aria-label=\"Kontaktformular\" novalidate=\"novalidate\" data-status=\"init\">\n<fieldset class=\"hidden-fields-container\"><input type=\"hidden\" name=\"_wpcf7\" value=\"996\" \/><input type=\"hidden\" name=\"_wpcf7_version\" value=\"6.1.5\" \/><input type=\"hidden\" name=\"_wpcf7_locale\" value=\"de_DE\" \/><input type=\"hidden\" name=\"_wpcf7_unit_tag\" value=\"wpcf7-f996-o1\" \/><input type=\"hidden\" name=\"_wpcf7_container_post\" value=\"0\" \/><input type=\"hidden\" name=\"_wpcf7_posted_data_hash\" value=\"\" \/>\n<\/fieldset>\n<p> Betreff<br \/>\n<span class=\"wpcf7-form-control-wrap\" data-name=\"your-subject\"><input size=\"40\" maxlength=\"400\" class=\"wpcf7-form-control wpcf7-text\" aria-invalid=\"false\" value=\"\" type=\"text\" name=\"your-subject\" \/><\/span>\n<\/p>\n<p> Ihr Vorname (Pflichtfeld)<br \/>\n<span class=\"wpcf7-form-control-wrap\" data-name=\"your-name\"><input size=\"40\" maxlength=\"400\" class=\"wpcf7-form-control wpcf7-text wpcf7-validates-as-required\" aria-required=\"true\" aria-invalid=\"false\" value=\"\" type=\"text\" name=\"your-name\" \/><\/span>\n<\/p>\n<p> Ihr Nachname (Pflichtfeld)<br \/>\n<span class=\"wpcf7-form-control-wrap\" data-name=\"text-186_Nachname\"><input size=\"40\" maxlength=\"400\" class=\"wpcf7-form-control wpcf7-text wpcf7-validates-as-required\" aria-required=\"true\" aria-invalid=\"false\" value=\"\" type=\"text\" name=\"text-186_Nachname\" \/><\/span>\n<\/p>\n<p> Strasse mit Hausnummer (Pflichtfeld)<br \/>\n<span class=\"wpcf7-form-control-wrap\" data-name=\"Adresse\"><input size=\"40\" maxlength=\"400\" class=\"wpcf7-form-control wpcf7-text wpcf7-validates-as-required\" aria-required=\"true\" aria-invalid=\"false\" value=\"\" type=\"text\" name=\"Adresse\" \/><\/span>\n<\/p>\n<p> Ihre PLZ mit Ort (Pflichtfeld)<br \/>\n<span class=\"wpcf7-form-control-wrap\" data-name=\"PLZmitOrt\"><input size=\"40\" maxlength=\"400\" class=\"wpcf7-form-control wpcf7-text wpcf7-validates-as-required\" aria-required=\"true\" aria-invalid=\"false\" value=\"\" type=\"text\" name=\"PLZmitOrt\" \/><\/span>\n<\/p>\n<p> erreichbare Telefonnummer (Pflichtfeld)<br \/>\n<span class=\"wpcf7-form-control-wrap\" data-name=\"Telefonnummer\"><input size=\"40\" maxlength=\"400\" class=\"wpcf7-form-control wpcf7-tel wpcf7-validates-as-required wpcf7-text wpcf7-validates-as-tel\" aria-required=\"true\" aria-invalid=\"false\" value=\"\" type=\"tel\" name=\"Telefonnummer\" \/><\/span>\n<\/p>\n<p> Ihre Emailadresse (Pflichtfeld)<br \/>\n<span class=\"wpcf7-form-control-wrap\" data-name=\"email-44\"><input size=\"40\" maxlength=\"400\" class=\"wpcf7-form-control wpcf7-email wpcf7-validates-as-required wpcf7-text wpcf7-validates-as-email\" aria-required=\"true\" aria-invalid=\"false\" value=\"\" type=\"email\" name=\"email-44\" \/><\/span>\n<\/p>\n<p><span class=\"wpcf7-form-control-wrap\" data-name=\"acceptance-903\"><span class=\"wpcf7-form-control wpcf7-acceptance\"><span class=\"wpcf7-list-item\"><input type=\"checkbox\" name=\"acceptance-903\" value=\"1\" aria-invalid=\"false\" \/><\/span><\/span><\/span> (Pflichtfeld) hiermit bestelle ich Schweizerschafwolle-Wohlf\u00fchl-Kissen mit dem einzigartigen Edelsteinkern f\u00fcr den Einf\u00fchrungspreis von je CHF 138.00 (exkl. A-Post-Versand CHF 9.- oder B-Post-Versand CHF 7.-, sowie den anfallenden Postgeb\u00fchren bei Einzahlung an der Poststelle. Diese Kosten werden auf Ihrer Rechnung aufgef\u00fchrt).\n<\/p>\n<p> ich bestelle<br \/>\n<span class=\"wpcf7-form-control-wrap\" data-name=\"number-568\"><input class=\"wpcf7-form-control wpcf7-number wpcf7-validates-as-number\" min=\"0\" max=\"50\" aria-invalid=\"false\" value=\"0\" type=\"number\" name=\"number-568\" \/><\/span> Anzahl Wohlf\u00fchl-Kissen in silber\n<\/p>\n<p> ich bestelle<br \/>\n<span class=\"wpcf7-form-control-wrap\" data-name=\"number-569\"><input class=\"wpcf7-form-control wpcf7-number wpcf7-validates-as-number\" min=\"0\" max=\"50\" aria-invalid=\"false\" value=\"0\" type=\"number\" name=\"number-569\" \/><\/span> Anzahl Wohlf\u00fchl-Kissen in dunkelorangerot\n<\/p>\n<p> ich bestelle<br \/>\n<span class=\"wpcf7-form-control-wrap\" data-name=\"number-570\"><input class=\"wpcf7-form-control wpcf7-number wpcf7-validates-as-number\" min=\"0\" max=\"50\" aria-invalid=\"false\" value=\"0\" type=\"number\" name=\"number-570\" \/><\/span> Anzahl Wohlf\u00fchl-Kissen in hellorange\n<\/p>\n<p> ich bestelle<br \/>\n<span class=\"wpcf7-form-control-wrap\" data-name=\"number-571\"><input class=\"wpcf7-form-control wpcf7-number wpcf7-validates-as-number\" min=\"0\" max=\"50\" aria-invalid=\"false\" value=\"0\" type=\"number\" name=\"number-571\" \/><\/span> Anzahl Wohlf\u00fchl-Kissen in weinrot\n<\/p>\n<p> ich bestelle<br \/>\n<span class=\"wpcf7-form-control-wrap\" data-name=\"number-572\"><input class=\"wpcf7-form-control wpcf7-number wpcf7-validates-as-number\" min=\"0\" max=\"50\" aria-invalid=\"false\" value=\"0\" type=\"number\" name=\"number-572\" \/><\/span> Anzahl Wohlf\u00fchl-Kissen in violett\n<\/p>\n<p> ich bestelle<br \/>\n<span class=\"wpcf7-form-control-wrap\" data-name=\"number-573\"><input class=\"wpcf7-form-control wpcf7-number wpcf7-validates-as-number\" min=\"0\" max=\"50\" aria-invalid=\"false\" value=\"0\" type=\"number\" name=\"number-573\" \/><\/span> Anzahl Wohlf\u00fchl-Kissen in wei\u00df\n<\/p>\n<p> ich bestelle<br \/>\n<span class=\"wpcf7-form-control-wrap\" data-name=\"number-574\"><input class=\"wpcf7-form-control wpcf7-number wpcf7-validates-as-number\" min=\"0\" max=\"50\" aria-invalid=\"false\" value=\"0\" type=\"number\" name=\"number-574\" \/><\/span> Anzahl Wohlf\u00fchl-Kissen in beige\n<\/p>\n<p> ich bestelle<br \/>\n<span class=\"wpcf7-form-control-wrap\" data-name=\"number-575\"><input class=\"wpcf7-form-control wpcf7-number wpcf7-validates-as-number\" min=\"0\" max=\"50\" aria-invalid=\"false\" value=\"0\" type=\"number\" name=\"number-575\" \/><\/span> Anzahl Wohlf\u00fchl-Kissen in kiwigr\u00fcn\n<\/p>\n<p> ich bestelle<br \/>\n<span class=\"wpcf7-form-control-wrap\" data-name=\"number-576\"><input class=\"wpcf7-form-control wpcf7-number wpcf7-validates-as-number\" min=\"0\" max=\"50\" aria-invalid=\"false\" value=\"0\" type=\"number\" name=\"number-576\" \/><\/span> Anzahl Wohlf\u00fchl-Kissen in petrolgr\u00fcnblau\n<\/p>\n<p> ich bestelle<br \/>\n<span class=\"wpcf7-form-control-wrap\" data-name=\"number-577\"><input class=\"wpcf7-form-control wpcf7-number wpcf7-validates-as-number\" min=\"0\" max=\"50\" aria-invalid=\"false\" value=\"0\" type=\"number\" name=\"number-577\" \/><\/span> Anzahl Wohlf\u00fchl-Kissen in dunkelblau\n<\/p>\n<p> ich bestelle<br \/>\n<span class=\"wpcf7-form-control-wrap\" data-name=\"number-578\"><input class=\"wpcf7-form-control wpcf7-number wpcf7-validates-as-number\" min=\"0\" max=\"50\" aria-invalid=\"false\" value=\"0\" type=\"number\" name=\"number-578\" \/><\/span> Anzahl Wohlf\u00fchl-Kissen in hellblau\n<\/p>\n<p> die Lieferung erfolgt (Pflichtfeld)<br \/>\n<span class=\"wpcf7-form-control-wrap\" data-name=\"checkbox-769\"><span class=\"wpcf7-form-control wpcf7-checkbox wpcf7-validates-as-required\"><span class=\"wpcf7-list-item first\"><label><input type=\"checkbox\" name=\"checkbox-769[]\" value=\"per A-Post-Versand CHF 9.-\" \/><span class=\"wpcf7-list-item-label\">per A-Post-Versand CHF 9.-<\/span><\/label><\/span><span class=\"wpcf7-list-item\"><label><input type=\"checkbox\" name=\"checkbox-769[]\" value=\"per B-Post-Versand CHF 7.-\" \/><span class=\"wpcf7-list-item-label\">per B-Post-Versand CHF 7.-<\/span><\/label><\/span><span class=\"wpcf7-list-item last\"><label><input type=\"checkbox\" name=\"checkbox-769[]\" value=\"per pers\u00f6nlichen Kontakt  (der Abholtermin\/-Liefertermin wird vorg\u00e4ngig miteinander vereinbart)\" \/><span class=\"wpcf7-list-item-label\">per pers\u00f6nlichen Kontakt  (der Abholtermin\/-Liefertermin wird vorg\u00e4ngig miteinander vereinbart)<\/span><\/label><\/span><\/span><\/span>\n<\/p>\n<p> ich zahle die Vorauskasse (Pflichtfeld)<br \/>\n<span class=\"wpcf7-form-control-wrap\" data-name=\"checkbox-770\"><span class=\"wpcf7-form-control wpcf7-checkbox wpcf7-validates-as-required\"><span class=\"wpcf7-list-item first\"><label><input type=\"checkbox\" name=\"checkbox-770[]\" value=\"per E-Banking-Einzahlung\" \/><span class=\"wpcf7-list-item-label\">per E-Banking-Einzahlung<\/span><\/label><\/span><span class=\"wpcf7-list-item last\"><label><input type=\"checkbox\" name=\"checkbox-770[]\" value=\"per Zahlung mit einem Einzahlungsschein an der Poststelle (Achtung bei dieser Variante wird die Postgeb\u00fchr von CHF 2.50 in Rechnung gestellt)\" \/><span class=\"wpcf7-list-item-label\">per Zahlung mit einem Einzahlungsschein an der Poststelle (Achtung bei dieser Variante wird die Postgeb\u00fchr von CHF 2.50 in Rechnung gestellt)<\/span><\/label><\/span><\/span><\/span>\n<\/p>\n<p><label> Nach dem Eingang Ihrer Bestellung erhalten Sie ein Best\u00e4tigungsmail vom LEBENS-IMPULS-CENTER mit Ihrer Rechnung und den Einzahlungsdaten. Sobald die vollst\u00e4ndige Vorauskasse eingetroffen ist, wird das Wohlf\u00fchl-Kissen schnellstm\u00f6glich ausgeliefert. Bei vielen gleichzeitigen Bestelleing\u00e4ngen k\u00f6nnen evtl. leichte Lieferungsverz\u00f6gerungen eintreten, da das Wohlf\u00fchl-Kissen in zeitintensiver sorgf\u00e4ltiger Handarbeit hergestellt wird. In einem solchen Fall werden Sie nat\u00fcrlich vom LEBENS-IMPULS-CENTER dar\u00fcber informiert. Herzlichen Dank f\u00fcr das entgegengebrachte Verst\u00e4ndnis <\/label>\n<\/p>\n<p><label> <span class=\"wpcf7-form-control-wrap\" data-name=\"Einverstaendniserklaerung\"><span class=\"wpcf7-form-control wpcf7-acceptance\"><span class=\"wpcf7-list-item\"><input type=\"checkbox\" name=\"Einverstaendniserklaerung\" value=\"1\" aria-invalid=\"false\" \/><\/span><\/span><\/span> (Pflichtfeld) Ich bin in Kenntnis und damit einverstanden, dass die Bestellung mit der Herausgabe des Wohlf\u00fchl-Kissens erst abgeschlossen wird, wenn der Eingang der vollst\u00e4ndigen Vorauszahlung eingetroffen ist. Das Lebens-Impuls-Center reserviert hierf\u00fcr 11 Tage die Anzahl der bestellten Wohlf\u00fchl-Kissen. Nach Ablauf der 11 Tage verf\u00e4llt der Reservierungsschutz. Das Wohlf\u00fchl-Kissen bleibt vollumf\u00e4nglich Eigentum des LEBENS-IMPULS-CENTERS, bis die Bestellung mit der Auslieferung definitiv abgeschlossen ist. <\/label>\n<\/p>\n<p><label> Herzlichen Dank f\u00fcr Ihren Einkauf und viel freudiges Wohlgef\u00fchl mit dem Schweizerschafwolle-Wohlf\u00fchl-Kissen und seinem einzigartigen Edelsteinkern<br \/>\nIhr LEBENS-IMPULS-CENTER <\/label>\n<\/p>\n<p> Ihre Nachricht<br \/>\n<span class=\"wpcf7-form-control-wrap\" data-name=\"your-message\"><textarea cols=\"40\" rows=\"10\" maxlength=\"2000\" class=\"wpcf7-form-control wpcf7-textarea\" aria-invalid=\"false\" name=\"your-message\"><\/textarea><\/span>\n<\/p>\n<p><label><input class=\"wpcf7-form-control wpcf7-submit has-spinner\" type=\"submit\" value=\"Senden\" \/><\/label>\n<\/p><p style=\"display: none !important;\" class=\"akismet-fields-container\" data-prefix=\"_wpcf7_ak_\"><label>&#916;<textarea name=\"_wpcf7_ak_hp_textarea\" cols=\"45\" rows=\"8\" maxlength=\"100\"><\/textarea><\/label><input type=\"hidden\" id=\"ak_js_1\" name=\"_wpcf7_ak_js\" value=\"99\"\/><script type=\"text\/javascript\">\n\/* <![CDATA[ *\/\ndocument.getElementById( \"ak_js_1\" ).setAttribute( \"value\", ( new Date() ).getTime() );\n\/* ]]> *\/\n<\/script>\n<\/p><div class=\"wpcf7-response-output\" aria-hidden=\"true\"><\/div>\n<\/form>\n<\/div>\n\n\n\n\n<p><br><\/p>\n","protected":false},"excerpt":{"rendered":"<p>Unsere tolle Farbauswahl: silber, dunkelorangerot, hellorange, weinrot, violett, wei\u00df, beige, kiwigr\u00fcn, petrolgr\u00fcnblau, dunkelblau, hellblau<\/p>\n","protected":false},"author":2,"featured_media":0,"parent":0,"menu_order":0,"comment_status":"closed","ping_status":"closed","template":"","meta":{"footnotes":""},"class_list":["post-998","page","type-page","status-publish","hentry"],"aioseo_notices":[],"_links":{"self":[{"href":"https:\/\/www.lebens-impuls-center.ch\/index.php?rest_route=\/wp\/v2\/pages\/998","targetHints":{"allow":["GET"]}}],"collection":[{"href":"https:\/\/www.lebens-impuls-center.ch\/index.php?rest_route=\/wp\/v2\/pages"}],"about":[{"href":"https:\/\/www.lebens-impuls-center.ch\/index.php?rest_route=\/wp\/v2\/types\/page"}],"author":[{"embeddable":true,"href":"https:\/\/www.lebens-impuls-center.ch\/index.php?rest_route=\/wp\/v2\/users\/2"}],"replies":[{"embeddable":true,"href":"https:\/\/www.lebens-impuls-center.ch\/index.php?rest_route=%2Fwp%2Fv2%2Fcomments&post=998"}],"version-history":[{"count":2,"href":"https:\/\/www.lebens-impuls-center.ch\/index.php?rest_route=\/wp\/v2\/pages\/998\/revisions"}],"predecessor-version":[{"id":1000,"href":"https:\/\/www.lebens-impuls-center.ch\/index.php?rest_route=\/wp\/v2\/pages\/998\/revisions\/1000"}],"wp:attachment":[{"href":"https:\/\/www.lebens-impuls-center.ch\/index.php?rest_route=%2Fwp%2Fv2%2Fmedia&parent=998"}],"curies":[{"name":"wp","href":"https:\/\/api.w.org\/{rel}","templated":true}]}}