{"id":969,"date":"2018-11-15T17:56:39","date_gmt":"2018-11-15T16:56:39","guid":{"rendered":"http:\/\/www.lebens-impuls-center.ch\/?page_id=969"},"modified":"2018-11-15T17:56:39","modified_gmt":"2018-11-15T16:56:39","slug":"gutscheinformular-lebens-impuls-centr","status":"publish","type":"page","link":"https:\/\/www.lebens-impuls-center.ch\/?page_id=969","title":{"rendered":"Gutscheinformular LEBENS-IMPULS-CENTR"},"content":{"rendered":"\n<div class=\"wpcf7 no-js\" id=\"wpcf7-f875-o1\" lang=\"de-DE\" dir=\"ltr\" data-wpcf7-id=\"875\">\n<div class=\"screen-reader-response\"><p role=\"status\" aria-live=\"polite\" aria-atomic=\"true\"><\/p> <ul><\/ul><\/div>\n<form action=\"\/index.php?rest_route=%2Fwp%2Fv2%2Fpages%2F969#wpcf7-f875-o1\" method=\"post\" class=\"wpcf7-form init\" aria-label=\"Kontaktformular\" novalidate=\"novalidate\" data-status=\"init\">\n<fieldset class=\"hidden-fields-container\"><input type=\"hidden\" name=\"_wpcf7\" value=\"875\" \/><input type=\"hidden\" name=\"_wpcf7_version\" value=\"6.1.5\" \/><input type=\"hidden\" name=\"_wpcf7_locale\" value=\"de_DE\" \/><input type=\"hidden\" name=\"_wpcf7_unit_tag\" value=\"wpcf7-f875-o1\" \/><input type=\"hidden\" name=\"_wpcf7_container_post\" value=\"0\" \/><input type=\"hidden\" name=\"_wpcf7_posted_data_hash\" value=\"\" \/>\n<\/fieldset>\n<p> Betreff<br \/>\n<span class=\"wpcf7-form-control-wrap\" data-name=\"your-subject\"><input size=\"40\" maxlength=\"400\" class=\"wpcf7-form-control wpcf7-text\" aria-invalid=\"false\" value=\"\" type=\"text\" name=\"your-subject\" \/><\/span>\n<\/p>\n<p> Ihr Vorname (Pflichtfeld)<br \/>\n<span class=\"wpcf7-form-control-wrap\" data-name=\"your-name\"><input size=\"40\" maxlength=\"400\" class=\"wpcf7-form-control wpcf7-text wpcf7-validates-as-required\" aria-required=\"true\" aria-invalid=\"false\" value=\"\" type=\"text\" name=\"your-name\" \/><\/span>\n<\/p>\n<p> Ihr Nachname (Pflichtfeld)<br \/>\n<span class=\"wpcf7-form-control-wrap\" data-name=\"text-186_Nachname\"><input size=\"40\" maxlength=\"400\" class=\"wpcf7-form-control wpcf7-text wpcf7-validates-as-required\" aria-required=\"true\" aria-invalid=\"false\" value=\"\" type=\"text\" name=\"text-186_Nachname\" \/><\/span>\n<\/p>\n<p> Strasse mit Hausnummer (Pflichtfeld)<br \/>\n<span class=\"wpcf7-form-control-wrap\" data-name=\"Adresse\"><input size=\"40\" maxlength=\"400\" class=\"wpcf7-form-control wpcf7-text wpcf7-validates-as-required\" aria-required=\"true\" aria-invalid=\"false\" value=\"\" type=\"text\" name=\"Adresse\" \/><\/span>\n<\/p>\n<p> Ihre PLZ mit Ort (Pflichtfeld)<br \/>\n<span class=\"wpcf7-form-control-wrap\" data-name=\"PLZmitOrt\"><input size=\"40\" maxlength=\"400\" class=\"wpcf7-form-control wpcf7-text wpcf7-validates-as-required\" aria-required=\"true\" aria-invalid=\"false\" value=\"\" type=\"text\" name=\"PLZmitOrt\" \/><\/span>\n<\/p>\n<p> erreichbare Telefonnummer (Pflichtfeld)<br \/>\n<span class=\"wpcf7-form-control-wrap\" data-name=\"Telefonnummer\"><input size=\"40\" maxlength=\"400\" class=\"wpcf7-form-control wpcf7-tel wpcf7-validates-as-required wpcf7-text wpcf7-validates-as-tel\" aria-required=\"true\" aria-invalid=\"false\" value=\"\" type=\"tel\" name=\"Telefonnummer\" \/><\/span>\n<\/p>\n<p> Ihre Emailadresse (Pflichtfeld)<br \/>\n<span class=\"wpcf7-form-control-wrap\" data-name=\"email-44\"><input size=\"40\" maxlength=\"400\" class=\"wpcf7-form-control wpcf7-email wpcf7-validates-as-required wpcf7-text wpcf7-validates-as-email\" aria-required=\"true\" aria-invalid=\"false\" value=\"\" type=\"email\" name=\"email-44\" \/><\/span>\n<\/p>\n<p><span class=\"wpcf7-form-control-wrap\" data-name=\"ichbestelle\"><span class=\"wpcf7-form-control wpcf7-acceptance\"><span class=\"wpcf7-list-item\"><input type=\"checkbox\" name=\"ichbestelle\" value=\"1\" aria-invalid=\"false\" \/><\/span><\/span><\/span> (Pflichtfeld) hiermit bestelle ich Gutscheine im Wert von je CHF 50.- vom LEBENS-IMPULS-CENTER mit kostenlosem A-Post-Versand in die Schweiz\n<\/p>\n<p> ich bestelle<br \/>\n<span class=\"wpcf7-form-control-wrap\" data-name=\"number-787\"><input class=\"wpcf7-form-control wpcf7-number wpcf7-validates-as-required wpcf7-validates-as-number\" min=\"1\" max=\"50\" aria-required=\"true\" aria-invalid=\"false\" value=\"1\" type=\"number\" name=\"number-787\" \/><\/span> Anzahl Gutscheine im Wert von je CHF 50.-\n<\/p>\n<p> ich zahle (Pflichtfeld)<br \/>\n<span class=\"wpcf7-form-control-wrap\" data-name=\"checkbox-76\"><span class=\"wpcf7-form-control wpcf7-checkbox wpcf7-validates-as-required\"><span class=\"wpcf7-list-item first\"><input type=\"checkbox\" name=\"checkbox-76[]\" value=\"per E-Banking-Einzahlung\" \/><span class=\"wpcf7-list-item-label\">per E-Banking-Einzahlung<\/span><\/span><span class=\"wpcf7-list-item last\"><input type=\"checkbox\" name=\"checkbox-76[]\" value=\"per Zahlung per Einzahlungsschein an der Poststelle (Achtung bei dieser Variante wird die Postgeb\u00fchr von CHF 2.50 in Rechnung gestellt)\" \/><span class=\"wpcf7-list-item-label\">per Zahlung per Einzahlungsschein an der Poststelle (Achtung bei dieser Variante wird die Postgeb\u00fchr von CHF 2.50 in Rechnung gestellt)<\/span><\/span><\/span><\/span>\n<\/p>\n<p><label> Nach Eingang der Bestellung bekommen Sie ein Best\u00e4tigungsmail mit der Rechnung und den Einzahlungsdaten. Die Gutscheine werden daraufhin per A-Post versendet.<br \/>\nNach Eingang der vollst\u00e4ndigen Zahlung werden die Gutscheine aktiviert und sind somit bei allen Angeboten vom LEBENS-IMPULS-CENTER einl\u00f6sbar. Herzlichen Dank f\u00fcr das entgegengebrachte Vertrauen gegen\u00fcber dem LEBENS-IMPULS-CENTER <\/label>\n<\/p>\n<p><label> <span class=\"wpcf7-form-control-wrap\" data-name=\"Einverstaendniserklaerung\"><span class=\"wpcf7-form-control wpcf7-acceptance\"><span class=\"wpcf7-list-item\"><input type=\"checkbox\" name=\"Einverstaendniserklaerung\" value=\"1\" aria-invalid=\"false\" \/><\/span><\/span><\/span> (Pflichtfeld) Ich bin in Kenntnis und damit einverstanden, dass die Gutscheine erst aktiviert werden, wenn die vollst\u00e4ndige Einzahlung auf dem Konto vom LEBENS-IMPULS-CENTER eingetroffen ist. Mit bestem Dank f\u00fcr das Verst\u00e4ndnis. <\/label>\n<\/p>\n<p><label> Herzlichen Dank f\u00fcr Ihre Bestellung und viel Freude beim Verschenken von den Gutscheinen.<br \/>\nIhr LEBENS-IMPULS-CENTER <\/label>\n<\/p>\n<p> Ihre Nachricht<br \/>\n<span class=\"wpcf7-form-control-wrap\" data-name=\"your-message\"><textarea cols=\"40\" rows=\"10\" maxlength=\"2000\" class=\"wpcf7-form-control wpcf7-textarea\" aria-invalid=\"false\" name=\"your-message\"><\/textarea><\/span>\n<\/p>\n<p><label><input class=\"wpcf7-form-control wpcf7-submit has-spinner\" type=\"submit\" value=\"Senden\" \/><\/label>\n<\/p><p style=\"display: none !important;\" class=\"akismet-fields-container\" data-prefix=\"_wpcf7_ak_\"><label>&#916;<textarea name=\"_wpcf7_ak_hp_textarea\" cols=\"45\" rows=\"8\" maxlength=\"100\"><\/textarea><\/label><input type=\"hidden\" id=\"ak_js_1\" name=\"_wpcf7_ak_js\" value=\"219\"\/><script type=\"text\/javascript\">\n\/* <![CDATA[ *\/\ndocument.getElementById( \"ak_js_1\" ).setAttribute( \"value\", ( new Date() ).getTime() );\n\/* ]]> *\/\n<\/script>\n<\/p><div class=\"wpcf7-response-output\" aria-hidden=\"true\"><\/div>\n<\/form>\n<\/div>\n\n","protected":false},"excerpt":{"rendered":"","protected":false},"author":2,"featured_media":0,"parent":0,"menu_order":0,"comment_status":"closed","ping_status":"closed","template":"","meta":{"footnotes":""},"class_list":["post-969","page","type-page","status-publish","hentry"],"aioseo_notices":[],"_links":{"self":[{"href":"https:\/\/www.lebens-impuls-center.ch\/index.php?rest_route=\/wp\/v2\/pages\/969","targetHints":{"allow":["GET"]}}],"collection":[{"href":"https:\/\/www.lebens-impuls-center.ch\/index.php?rest_route=\/wp\/v2\/pages"}],"about":[{"href":"https:\/\/www.lebens-impuls-center.ch\/index.php?rest_route=\/wp\/v2\/types\/page"}],"author":[{"embeddable":true,"href":"https:\/\/www.lebens-impuls-center.ch\/index.php?rest_route=\/wp\/v2\/users\/2"}],"replies":[{"embeddable":true,"href":"https:\/\/www.lebens-impuls-center.ch\/index.php?rest_route=%2Fwp%2Fv2%2Fcomments&post=969"}],"version-history":[{"count":1,"href":"https:\/\/www.lebens-impuls-center.ch\/index.php?rest_route=\/wp\/v2\/pages\/969\/revisions"}],"predecessor-version":[{"id":970,"href":"https:\/\/www.lebens-impuls-center.ch\/index.php?rest_route=\/wp\/v2\/pages\/969\/revisions\/970"}],"wp:attachment":[{"href":"https:\/\/www.lebens-impuls-center.ch\/index.php?rest_route=%2Fwp%2Fv2%2Fmedia&parent=969"}],"curies":[{"name":"wp","href":"https:\/\/api.w.org\/{rel}","templated":true}]}}