{"id":936,"date":"2018-11-12T17:32:19","date_gmt":"2018-11-12T16:32:19","guid":{"rendered":"http:\/\/www.lebens-impuls-center.ch\/?page_id=936"},"modified":"2019-12-03T14:17:52","modified_gmt":"2019-12-03T13:17:52","slug":"free-flow-energy","status":"publish","type":"page","link":"https:\/\/www.lebens-impuls-center.ch\/?page_id=936","title":{"rendered":"Free Flow Energy"},"content":{"rendered":"<h5><span style=\"color: #333399;\"><em><strong><span style=\"color: #333399;\"><span style=\"color: #ff0000;\">Einmalige Weltneuheit:<\/span> Free Flow Energy<\/span>&#8230;..<\/strong><\/em><\/span><\/h5>\n<p><em><strong>Dies ist die weltweit neue Energiearbeit der aktuellen Zeit, welche immer mehr das Wohlbefinden des Menschen verbessert. Beim Geburtszeitpunkt eines Menschen beginnt die Reise des Lebensweges auf dieser irdischen Welt. Der Geburtsaugenblick ist der energetische Fingerabdruck eines jeden Menschen und beinhaltet somit das gesamte reine Potential und die individuelle Veranlagungen. Jeder Mensch kommt als vollkommenes, harmonisches und reines Wesen auf die Erde. Ab dem Moment der Geburt beginnen die \u00e4usseren Pr\u00e4gungen von den situativen Umst\u00e4nden und des \u00e4ussern Umfeldes. Oftmals kommt daher der Mensch mit der Zeit in eine immer gr\u00f6sser werdende Disbalance, welche sich schlussendlich in den sichtbaren Ausdruck bringt. Auff\u00e4llige ungesunde Verhaltensmuster, Krankheiten, Misserfolge, Unf\u00e4lle usw. sind die Folge eines aus dem Gleichgewicht gefallenen Menschen. Hier kommt nun &#8222;Free Flow Energy&#8220; hilfreich unterst\u00fctzend ins Spiel.<br \/>\n<\/strong><\/em><\/p>\n<p><a href=\"https:\/\/www.lebens-impuls-center.ch\/wp-content\/uploads\/2018\/11\/Free-Flow-Energy.jpg\"><img loading=\"lazy\" decoding=\"async\" class=\"alignnone size-medium wp-image-916 alignleft\" src=\"https:\/\/www.lebens-impuls-center.ch\/wp-content\/uploads\/2018\/11\/Free-Flow-Energy-298x300.jpg\" alt=\"\" width=\"298\" height=\"300\" srcset=\"https:\/\/www.lebens-impuls-center.ch\/wp-content\/uploads\/2018\/11\/Free-Flow-Energy-298x300.jpg 298w, https:\/\/www.lebens-impuls-center.ch\/wp-content\/uploads\/2018\/11\/Free-Flow-Energy-150x150.jpg 150w, https:\/\/www.lebens-impuls-center.ch\/wp-content\/uploads\/2018\/11\/Free-Flow-Energy-768x773.jpg 768w, https:\/\/www.lebens-impuls-center.ch\/wp-content\/uploads\/2018\/11\/Free-Flow-Energy.jpg 886w\" sizes=\"auto, (max-width: 298px) 100vw, 298px\" \/><\/a><\/p>\n<p><strong><em>Es ist wissenschaftlich bewiesen, dass wir Menschen reine Energie-\/Schwingungswesen sind, welches \u00fcber die intensive Komprimierung der Energie den festen individuellen Menschenk\u00f6rper erschafft. Da wir Menschen in der Basis nichts anderes als Energie sind, ist klar, dass wir mit jeder Energie, welche kommt in Resonanz gehen k\u00f6nnen und somit unser Menschsein pr\u00e4gt. Vieles l\u00e4uft oftmals auf der unbewussten Ebene ab, denn die unz\u00e4hligen \u00e4usseren Einfl\u00fcsse kann der Mensch niemals alle bewusst verarbeiten. Trotzdem haben alle in Resonanz stehenden unbewussten Einfl\u00fcsse eine Wirkung auf den jeweiligen Menschen. Lebensbejaende und Lebensverneinende. Oftmals ist diese unsichtbare Wirkungskraft so stark, dass diese ein lebensbestimmendes Eigenleben f\u00fchrt und weitaus machtvoll Dinge bestimmt\/erschafft, ohne dass der unbewusste Mensch eingreifen und wenn notwendig gegensteuern kann.\u00a0 <\/em><\/strong><\/p>\n<p><em><strong>LebensbeJAende Energien: Liebe, Freude, Gesundheit, Natur, Dankbarkeit, Free Flow Energy usw.<\/strong><\/em><\/p>\n<p><em><strong>LebensverNEINende Energien: Hass, Neid, Missgunst, \u00c4ngste, Misstrauen, Zerrst\u00f6rungskraft usw.<\/strong><\/em><\/p>\n<p><strong><em>H\u00e4ufen sich immer mehr UNGESUNDE lebensverneinende Einfl\u00fcsse und er findet kein gesundes wieder ausgleichendes Ventil f\u00fcr den Ausdruck, so ger\u00e4t der Mensch immer mehr in ein Ungleichgewicht. Dieses wird immer klarer ersichtlich. Ein bewusster Mensch reagiert auf diese Disbalance in seinem eigenen System fr\u00fcher als ein unbewusster Mensch, dies ist auch der Grund, warum ein bewusster Mensch auch wieder in einem schnelleren Zeitraum im Gleichgewicht ist.<br \/>\n<\/em><\/strong><\/p>\n<p><em><strong>\u00dcber die genauen Geburtsdaten erzeugt &#8222;Free Flow Energy&#8220; den energetischen Fingerabdruck eines Menschen, welcher beim Geburtsaugenblick vollst\u00e4ndig und harmonisch ist. Dieses individuelle Farb- und Klangschwingungsmuster wirkt \u00fcber die gezielt Frequenzbeschallung auf den jeweiligen Menschen ein und bringt den disbalancierten Menschen immer mehr wieder in die Gesundung\/ ins Gleichgewicht des vollkommenen Schwingungswesen, welches wir im Augenblick der Geburt sind. Da wir alle nichts anderes als komprimierte Energie\/fester Menschenk\u00f6rper sind, kommt w\u00e4hrend der Frequenzbeschallung der menschliche K\u00f6rper in Schwingung und gleicht sich \u00fcber das individuell erstellte Farb- und Klangspiel aus. Der wieder ins Gleichgewicht kommende Mensch wird ersichtlich auf den unterschiedlichsten Ebenen des Lebensalltages. Die Auswirkungen gehen \u00fcber die k\u00f6rperliche Gesundung hinaus. <\/strong><\/em><\/p>\n<h5><span style=\"color: #333399;\"><em><strong>Schwingungsenergetische Beschallungssitzung&#8230;..<\/strong><\/em><\/span><\/h5>\n<p><em><strong><span style=\"color: #0000ff;\">Dauer:\u00a0<\/span>\u00a0\u00a0\u00a0\u00a0\u00a0\u00a0\u00a0\u00a0\u00a0\u00a0\u00a0\u00a0\u00a0\u00a0\u00a0\u00a0\u00a0\u00a0\u00a0\u00a0\u00a0\u00a0 1 1\/2 Stunde pro Sitzung<\/strong><\/em><\/p>\n<p><em><strong><span style=\"color: #0000ff;\">Preis:\u00a0\u00a0<\/span>\u00a0\u00a0\u00a0\u00a0\u00a0\u00a0\u00a0\u00a0\u00a0\u00a0\u00a0\u00a0\u00a0\u00a0\u00a0\u00a0\u00a0\u00a0\u00a0\u00a0\u00a0\u00a0 CHF 150.-<\/strong> (aktuell profitiert man noch von diesem speziellen Einf\u00fchrungspreis)<\/em><\/p>\n<p><em><strong><span style=\"color: #0000ff;\">Behandlungsort:\u00a0\u00a0 <span style=\"color: #333333;\">aktuell in Kerns im Kt. Obwalden<\/span><\/span><\/strong><span style=\"color: #0000ff;\"><span style=\"color: #333333;\">\u00a0<\/span><\/span>(Wegbeschreibung erfolgt bei der pers\u00f6nlichen Terminvereinbarung)<\/em><\/p>\n<p><em><strong><span style=\"color: #0000ff;\">Beinhaltende Dienstleistung einer Sitzung: \u00a0<\/span><br \/>\n<\/strong><\/em><\/p>\n<p><em><strong>&#8211; <\/strong><\/em><em><strong>ca. 60 Min. individuelle Frequenzbeschallung<\/strong><\/em><\/p>\n<p><strong><em>&#8211; w\u00e4hrend der Beschallung wird der Klient \u00fcber reine Healing-Energie-Arbeit begleitet<\/em><\/strong> <em>(aufschlussreiche Botschaften werden empfangen)<\/em><\/p>\n<p><em><strong>&#8211; 20 &#8211; 30 Min. Nachbesprechung mit der \u00dcbermittlung der erhaltenen themaspezifischen Botschaften und deren Umsetzung<br \/>\n<\/strong><\/em><\/p>\n<p><em><strong>&#8211; w\u00e4hrend der Beschallung wird einen Edelstein mit der individuellen Farb-und Klangschwingung programmiert\u00a0<\/strong>(dieser Edelstein dient Daheim f\u00fcr das t\u00e4gliche Wasser programmieren, welches man trinkt) <\/em><\/p>\n<p><em><strong>&#8211; 1. Beschallungstermin: kostenloses Spezialtrinkglas mit dem programmierten Edelstein<\/strong><\/em><\/p>\n<p><em><strong>&#8211; bei Bedarf kostenloser Nachbetreuungssupport \u00fcber Mobile-Nachrichten oder Telefon<\/strong><\/em><\/p>\n<p><em><strong><span style=\"color: #0000ff;\">Ablauf:\u00a0\u00a0<\/span>\u00a0\u00a0\u00a0\u00a0\u00a0\u00a0\u00a0\u00a0\u00a0\u00a0\u00a0\u00a0\u00a0\u00a0\u00a0\u00a0\u00a0\u00a0 <\/strong><\/em><\/p>\n<p><em><strong>der Klient liegt w\u00e4hrend der Beschallung entspannt auf der Therapieliege und l\u00e4sst die individuellen Farb- und Klangfrequenzen mit der begleitende Healing-Energiearbeit auf sich wirken. Hierf\u00fcr wird bequeme Kleidungsst\u00fccke empfohlen.<br \/>\n<\/strong><\/em><\/p>\n<h5><span style=\"color: #333399;\"><em><strong>Anzahl der schwingungsenergetische Beschallungssitzungen&#8230;..<\/strong><\/em><\/span><\/h5>\n<p><em><strong>Die Anzahl der Sitzungseinheiten h\u00e4ngt vom Schweregrad der behandelbaren Situationslage ab. Je gr\u00f6sser, komplexer und wie l\u00e4nger das sichtbargewordene Ungleichgewicht beim Menschen bereits ist, umso l\u00e4nger dauert die Wiederstandsetzung des Gleichgewichtes. Des Weiteren \u00fcbernimmt jeder Klient eigenverantwortlich das Tempo seines Erfolgs-\/Ver\u00e4nderungsbestreben selbst, denn wenn jemanden willentlich und ernsthaft seinen so wichtigen selbstbestimmten Eigenanteil annimmt, sowie aktiv und bewusst in die gewinnbringende Ver\u00e4nderung geht, wie schneller d\u00fcrfen weitreichende Erfolge erzielt werden. <\/strong><\/em><\/p>\n<p><em><strong>Wird eine wirklich effiziente verinnerlichte Wirkung angestrebt, so werden mind. 5 Sitzungen empfohlen. <\/strong><\/em><\/p>\n<p><em><strong>F\u00fcr die Automatisierung der Ver\u00e4nderungswirkungskraft eines Themas und deren Verfestigung braucht es laut Wissenschaft mind. 21 Tage, des Weiteren bestimmt auch hier der Klient selbst, wie stark die Wirkungskraft in sich verinnerlicht und automatisiert wird und zwar \u00fcber die eigene t\u00e4gliche Impulssetzung. Dies ist der Grund, wieso der zeitliche Abstand zwischen den einzelnen Themen-Sitzungen 3 &#8211; 4 Wochen betr\u00e4gt. Wird aber w\u00e4hrend diesen 3 &#8211; 4 Wochen eines spezifischen Themabereiches eine Hilfestellung \u00fcber weitere individuelle Beschallungsimpulse gew\u00fcnscht, so k\u00f6nnen unterst\u00fctzende Kurzbeschallungstermine von 60 Min. gebucht werden <\/strong><\/em><em>(aktuell wird auch hier vom Einf\u00fchrungsangebot von CHF 100.- profitiert). <\/em><\/p>\n<p><em><strong>Die Beschallungsarbeit Free Flow Energy ist mit medizinischen, psychologischen oder alternativen Therapieformen kombinierbar. Free Flow Energy &#8211; Behandlungsarbeit ersetzt keine wirklich medizinisch notwendige Behandlungsform und einen Arztbesuch.<br \/>\n<\/strong><\/em><\/p>\n<h5><span style=\"color: #333399;\"><em><strong>Buchungsinformationen&#8230;..<\/strong><\/em><\/span><\/h5>\n<p><em><strong><span style=\"color: #0000ff;\">Mobile:\u00a0\u00a0<\/span>\u00a0\u00a0\u00a0\u00a0\u00a0\u00a0\u00a0\u00a0\u00a0 \u00a0 \u00a0 \u00a0 \u00a0 \u00a0 \u00a0 \u00a0 \u00a0 \u00a0 \u00a0 \u00a0 \u00a0 \u00a0 \u00a0 \u00a0 \u00a0 \u00a0 \u00a0 079 869 48 56\u00a0 <\/strong>(f\u00fcr pers\u00f6nliche Terminvereinbarungen)<\/em><\/p>\n<p><em><strong><span style=\"color: #0000ff;\">Verhinderung eines Termins:<\/span> \u00a0\u00a0\u00a0 bitte 24h vor Ablaufes des Termines abmelden <\/strong>(somit wird Verrechnung aufgehoben)<\/em><\/p>\n<p><em><strong><span style=\"color: #0000ff;\">Bezahlung:\u00a0\u00a0<\/span>\u00a0\u00a0\u00a0\u00a0\u00a0\u00a0\u00a0\u00a0\u00a0\u00a0\u00a0\u00a0\u00a0\u00a0\u00a0\u00a0\u00a0\u00a0\u00a0\u00a0\u00a0\u00a0\u00a0\u00a0\u00a0\u00a0\u00a0\u00a0\u00a0\u00a0\u00a0\u00a0\u00a0\u00a0\u00a0\u00a0 Barzahlung vor Ort<\/strong><\/em><\/p>\n<p><em><strong>Weitere Ausk\u00fcnfte:\u00a0\u00a0\u00a0\u00a0\u00a0\u00a0\u00a0\u00a0\u00a0\u00a0\u00a0\u00a0\u00a0\u00a0\u00a0\u00a0\u00a0\u00a0\u00a0\u00a0\u00a0\u00a0 <\/strong><\/em><\/p>\n<p><em><strong>Bei Fragen und Unklarheiten steht Ihnen das LEBENS-IMPULS-CENTER gerne per Mobiletelefon, per Mail oder direkt \u00fcber dieses <a href=\"https:\/\/www.lebens-impuls-center.ch\/?page_id=19\" target=\"_blank\" rel=\"noopener noreferrer\">Kontaktformular\u00a0<\/a>in Bereitschaft. <\/strong><\/em><\/p>\n","protected":false},"excerpt":{"rendered":"<p>Einmalige Weltneuheit: Free Flow Energy&#8230;.. Dies ist die weltweit neue Energiearbeit der aktuellen Zeit, welche immer mehr das Wohlbefinden des Menschen verbessert. Beim Geburtszeitpunkt eines Menschen beginnt die Reise des Lebensweges auf dieser irdischen Welt. Der Geburtsaugenblick ist der energetische Fingerabdruck eines jeden Menschen und beinhaltet somit das gesamte reine Potential und die individuelle Veranlagungen. [&hellip;]<\/p>\n","protected":false},"author":2,"featured_media":0,"parent":0,"menu_order":0,"comment_status":"closed","ping_status":"closed","template":"","meta":{"footnotes":""},"class_list":["post-936","page","type-page","status-publish","hentry"],"aioseo_notices":[],"_links":{"self":[{"href":"https:\/\/www.lebens-impuls-center.ch\/index.php?rest_route=\/wp\/v2\/pages\/936","targetHints":{"allow":["GET"]}}],"collection":[{"href":"https:\/\/www.lebens-impuls-center.ch\/index.php?rest_route=\/wp\/v2\/pages"}],"about":[{"href":"https:\/\/www.lebens-impuls-center.ch\/index.php?rest_route=\/wp\/v2\/types\/page"}],"author":[{"embeddable":true,"href":"https:\/\/www.lebens-impuls-center.ch\/index.php?rest_route=\/wp\/v2\/users\/2"}],"replies":[{"embeddable":true,"href":"https:\/\/www.lebens-impuls-center.ch\/index.php?rest_route=%2Fwp%2Fv2%2Fcomments&post=936"}],"version-history":[{"count":20,"href":"https:\/\/www.lebens-impuls-center.ch\/index.php?rest_route=\/wp\/v2\/pages\/936\/revisions"}],"predecessor-version":[{"id":1008,"href":"https:\/\/www.lebens-impuls-center.ch\/index.php?rest_route=\/wp\/v2\/pages\/936\/revisions\/1008"}],"wp:attachment":[{"href":"https:\/\/www.lebens-impuls-center.ch\/index.php?rest_route=%2Fwp%2Fv2%2Fmedia&parent=936"}],"curies":[{"name":"wp","href":"https:\/\/api.w.org\/{rel}","templated":true}]}}