{"id":85,"date":"2015-09-13T15:15:32","date_gmt":"2015-09-13T13:15:32","guid":{"rendered":"http:\/\/www.lebens-impuls-center.ch\/?page_id=85"},"modified":"2018-11-15T18:20:20","modified_gmt":"2018-11-15T17:20:20","slug":"anita-von-ah","status":"publish","type":"page","link":"https:\/\/www.lebens-impuls-center.ch\/?page_id=85","title":{"rendered":"Anita von Ah"},"content":{"rendered":"<p><em>Als wichtigstes Fundament dient die Liebe, Sicherheit durch Fachwissen, Lebenserfahrung, Kreativit\u00e4t und ein gutes Gesp\u00fcr f\u00fcr Menschen und ihre Themen! Ich bin immer auf eine nachhaltige L\u00f6sung ausgerichtet.<\/em><\/p>\n<h6><strong>Nichts muss, alles darf sein!<\/strong><\/h6>\n<p>&nbsp;<\/p>\n<h5><strong>zu meiner Person&#8230;..<\/strong><\/h5>\n<p><strong><a href=\"https:\/\/www.lebens-impuls-center.ch\/wp-content\/uploads\/2015\/09\/2016-06-24-20.05.31_Passfoto.jpg\"><img loading=\"lazy\" decoding=\"async\" class=\"size-medium wp-image-727 alignleft\" src=\"https:\/\/www.lebens-impuls-center.ch\/wp-content\/uploads\/2015\/09\/2016-06-24-20.05.31_Passfoto-220x300.jpg\" alt=\"\" width=\"220\" height=\"300\" srcset=\"https:\/\/www.lebens-impuls-center.ch\/wp-content\/uploads\/2015\/09\/2016-06-24-20.05.31_Passfoto-220x300.jpg 220w, https:\/\/www.lebens-impuls-center.ch\/wp-content\/uploads\/2015\/09\/2016-06-24-20.05.31_Passfoto.jpg 403w\" sizes=\"auto, (max-width: 220px) 100vw, 220px\" \/><\/a><\/strong><em>Mein Name ist Anita von Ah, bin eine alleinerziehende Mutter von drei wunderbaren Kindern.<br \/>\n<\/em><\/p>\n<p><em>Als interessierten Mensch an allem was das Leben so bietet, forsche ich von Klein an nach Verst\u00e4ndnis und Klarheit. Mein Bestreben ist erst ges\u00e4ttigt, wenn ich das tiefe Verst\u00e4ndnis des Lebens entschl\u00fcsselt habe!<\/em><\/p>\n<p><em>Das bereits angeh\u00e4ufte Wissen und Verst\u00e4ndnis setze ich bewusst f\u00fcr meine berufliche T\u00e4tigkeit als tiefenpsychologische Systemmentorin, aber auch f\u00fcr mein Leben und mein dazugeh\u00f6riges Umfeld ein. Nat\u00fcrlich nur f\u00fcr diejenigen, welche gerne von diesem Lebensschatz profitieren m\u00f6chten. Es ist der Weg, welcher das positive SEIN in ihrer ganzen Vielfalt und M\u00f6glichkeiten manifestierend in die Welt bringen will.<\/em><\/p>\n<p><em>Diese lebenslange Forschungsarbeit f\u00fchrt mich bis anhin in verschiedenste Erfahrungen und Erlebnissen.<\/em><br \/>\n<em> Nicht auszuschliessen sind einige sehr schwere &amp; schwierige Lebensaufgaben, welche mich ab und zu an die Grenzen brachten.<\/em><\/p>\n<p><em>Mein Leben hat sich gesagt, bei Anita lass ich nichts aus, sie soll die positive &amp; negative Intensit\u00e4t des Lebens in ihren unterschiedlichsten Facetten wahrlich durchleben und dann die daraus entstanden Erkenntnisse f\u00fcr das gesamte Wohl des Lebens einsetzen!<\/em><\/p>\n<h6><em><strong>Es ist so, der gr\u00f6sste Lehrmeister, ist das Leben selbst!<\/strong><\/em><\/h6>\n<p><em>Im Nachhinein bin ich dankbar, f\u00fcr ALLE Erkenntnisse, welche ich erfahren und erlernen durfte. Eine Vielfalt der unermesslichen Tiefe von Himmel und H\u00f6lle, hat es gebraucht, f\u00fcr den Menschen, welcher ich heute bin! Und diesen Erfahrungsschatz kann mir niemanden mehr nehmen!<\/em><\/p>\n<p><em>Mit der Zeit kristallisierte sich immer mehr heraus, dass mein besonderes Interesse dem ganzheitlichen Menschen, seiner Umwelt und seiner unendlichen F\u00fclle vom Leben galt. Dies bewegte mich, dass ich meine Zeit verschiedensten Ausbildungen widmete, welche ich dann schlussendlich auch beendigend absolvierte. Nat\u00fcrlich geh\u00f6rt hierf\u00fcr, das Sammeln der vertieften Erfahrungen und Erkenntnissen im Lebensalltag, welche dann immer ins berufliche Schaffen miteinfliessen. Meine grosse F\u00e4higkeit besteht darin, dass ich den Mensch in seiner Ganzheit mit all seinen Vernetzungen erfasse, sowie die Vielf\u00e4ltigkeit von Lebenswerkzeugen und M\u00f6glichkeiten des Lebens sinnvoll und achtungsvoll nutze. Die einzelnen Teilaspekte werden so miteinander verbunden, dass ein neues positives individuelles Ganzes entstehen darf, welches mit dem Fluss des Lebens geht.<\/em><\/p>\n<p><em>Mit den Jahren sammelte sich viel Wissen &amp; Verst\u00e4ndnis gegen\u00fcber dem Leben und dem Menschen an. Aus welchem Blickwinkel ich schaue, es kommt immer auf dasselbe heraus:<\/em><\/p>\n<h6><em><strong>Man kann den einzelnen Menschen nicht schubladisieren!<\/strong><\/em><\/h6>\n<p><em>Eine wirkungsvolle Begleitung beginnt mit einer echten respektvollen achtsamen wertefreien Haltung gegen\u00fcber eines jeden Menschen, sowie einer pers\u00f6nlichen Annahme seiner Situation und Wesens. Erst daraus kann eine pers\u00f6nlich abgestimmte Unterst\u00fctzung entwickelt und vollzogen werden.<\/em><br \/>\n<em> Weiter ist es mir ganz wichtig, den unterst\u00fctzungsbed\u00fcrftigen Personen, die notwendige Hilfe und Impulse anbietend gew\u00e4hrleisten, welche sie brauchen, um m\u00f6glichst bald <strong>unabh\u00e4ngig<\/strong> und <strong>eigenverantwortlich<\/strong> ihre Schritte f\u00fcr die Ver\u00e4nderung alleine meisternd in ihr eigenes Leben tragen k\u00f6nnen! Mein Ziel ist es, dass jede Person eigenst\u00e4ndig und gest\u00e4rkt mit gesundem selbst-BEWUSSTSEIN seinem Lebensweg folgt.<\/em><\/p>\n<p><em>Alle Angebote vom LEBENS-IMPULS-CENTER sind auf diesem Lebensmotto aufgebaut.<\/em><\/p>\n<p>&nbsp;<\/p>\n<p>&nbsp;<\/p>\n<h5><em><strong>wichtige pr\u00e4gende Punkte von meinem Werdegang&#8230;..<\/strong><\/em><\/h5>\n<p>&nbsp;<\/p>\n<p><em><strong>\u263c <span style=\"color: #8716b8;\">Kindheit &amp; Familie\u00a0<\/span> \u00bb Aufgewachsen auf einem Bauernhof mit 7 Geschwistern<\/strong><\/em><br \/>\n<em><strong>\u263c<span style=\"color: #8716b8;\"> Jugend &amp; Gesellschaft\u00a0<\/span> \u00bb Blauring und sp\u00e4ter Blauringleiterin<\/strong><\/em><br \/>\n<em><strong>\u263c <span style=\"color: #8716b8;\">Brauchtum &amp; Gesellschaft<\/span>\u00a0 \u00bb Mitgr\u00fcnderin einer Guggenmusik<\/strong><\/em><br \/>\n<em><strong>\u263c <span style=\"color: #8716b8;\">Natur &amp; Familie\u00a0<\/span> \u00bb dipl. b\u00e4uerliche Hausangestellte<\/strong><\/em><br \/>\n<em><strong>\u263c <span style=\"color: #8716b8;\">Kind &amp; P\u00e4dagogik<\/span>\u00a0 \u00bb dipl. Kinderg\u00e4rtnerin inkl. sp\u00e4ter Grundstufe<\/strong><\/em><br \/>\n<em><strong>\u263c <span style=\"color: #8716b8;\">Erwachsene &amp; Gesellschaft<\/span>\u00a0 \u00bb Co-Pr\u00e4sidentin der Kindergartenkonferenz Limmatthal in der Stadt Z\u00fcrich<\/strong><\/em><br \/>\n<em><strong>\u263c <span style=\"color: #8716b8;\">Mensch &amp; Seele<\/span>\u00a0 \u00bb anerkannte Aura-Soma-Therapeutin<\/strong><\/em><br \/>\n<em><strong>\u263c <span style=\"color: #8716b8;\">Mensch &amp; Natur &amp; Gesundheit\u00a0 <\/span>\u00bb dipl. Phytotherapeutin (Pflanzenheilkunde)<\/strong><\/em><br \/>\n<em><strong>\u263c <span style=\"color: #8716b8;\">Mensch &amp; K\u00f6rper\/ Materie\u00a0 <\/span>\u00bb gepr\u00fcft in Anatomie und Pathologie<\/strong><\/em><br \/>\n<em><strong>\u263c <span style=\"color: #8716b8;\">Mensch &amp; Himmel\u00a0<\/span> \u00bb zertifizierte Astrologin (2 j\u00e4hrige Grundausbildung)<\/strong><\/em><br \/>\n<em><strong>\u263c <span style=\"color: #8716b8;\">Mensch &amp; Energie\u00a0 <\/span>\u00bb geweiht in Reiki<\/strong><\/em><br \/>\n<em><strong>\u263c <span style=\"color: #8716b8;\">Mensch &amp; System &amp; Universum\u00a0 <\/span>\u00bb zertifizierte SchwingungsEnergetikerin und dipl. systemischer Heilcoach<\/strong><\/em><br \/>\n<em><strong>\u263c <\/strong><\/em><em><strong><span style=\"color: #8716b8;\">Mensch &amp; Matrix &amp; Energie\u00a0 \u00bb <\/span>zertifiziert in Quantenheilung<\/strong><\/em><br \/>\n<em><strong>\u263c <span style=\"color: #8716b8;\">Familie &amp; Liebe\u00a0 <\/span>\u00bb Partnerschaften und Mutter von 3 Kinder<\/strong><\/em><\/p>\n<p>&nbsp;<\/p>\n<p><em><strong>\u263c Weitere Besuche von verschiedenen Kursen und Seminaren in Aromatherapie, Kinesiologie, Pendeln, Gemmotherapie, Channeling, Ern\u00e4hrung, Light Beamer, Psycho-Physiognomik\/ Patho-Physiognomik usw. <\/strong><\/em><br \/>\n<em><strong>Weiterf\u00fchrende Studien auf den unterschiedlichsten Gebieten sowie dauerndes intensives durchforsten von Lebensthemen und ihre Begebenheiten. <\/strong><\/em><br \/>\n<em><strong>Es ist eine Selbstverst\u00e4ndlichkeit f\u00fcr mich, gegen\u00fcber sich selber immer selbstreflektierend zu sein, sich dem Geist der Zeit anzupassen durch Weiterbildungen und Eigenentwicklung, stetig das Wissen und Verst\u00e4ndnis zu erweitern. <\/strong><\/em><\/p>\n","protected":false},"excerpt":{"rendered":"<p>Als wichtigstes Fundament dient die Liebe, Sicherheit durch Fachwissen, Lebenserfahrung, Kreativit\u00e4t und ein gutes Gesp\u00fcr f\u00fcr Menschen und ihre Themen! Ich bin immer auf eine nachhaltige L\u00f6sung ausgerichtet. Nichts muss, alles darf sein! &nbsp; zu meiner Person&#8230;.. Mein Name ist Anita von Ah, bin eine alleinerziehende Mutter von drei wunderbaren Kindern. Als interessierten Mensch an [&hellip;]<\/p>\n","protected":false},"author":1,"featured_media":0,"parent":9,"menu_order":0,"comment_status":"closed","ping_status":"closed","template":"","meta":{"footnotes":""},"class_list":["post-85","page","type-page","status-publish","hentry"],"aioseo_notices":[],"_links":{"self":[{"href":"https:\/\/www.lebens-impuls-center.ch\/index.php?rest_route=\/wp\/v2\/pages\/85","targetHints":{"allow":["GET"]}}],"collection":[{"href":"https:\/\/www.lebens-impuls-center.ch\/index.php?rest_route=\/wp\/v2\/pages"}],"about":[{"href":"https:\/\/www.lebens-impuls-center.ch\/index.php?rest_route=\/wp\/v2\/types\/page"}],"author":[{"embeddable":true,"href":"https:\/\/www.lebens-impuls-center.ch\/index.php?rest_route=\/wp\/v2\/users\/1"}],"replies":[{"embeddable":true,"href":"https:\/\/www.lebens-impuls-center.ch\/index.php?rest_route=%2Fwp%2Fv2%2Fcomments&post=85"}],"version-history":[{"count":3,"href":"https:\/\/www.lebens-impuls-center.ch\/index.php?rest_route=\/wp\/v2\/pages\/85\/revisions"}],"predecessor-version":[{"id":979,"href":"https:\/\/www.lebens-impuls-center.ch\/index.php?rest_route=\/wp\/v2\/pages\/85\/revisions\/979"}],"up":[{"embeddable":true,"href":"https:\/\/www.lebens-impuls-center.ch\/index.php?rest_route=\/wp\/v2\/pages\/9"}],"wp:attachment":[{"href":"https:\/\/www.lebens-impuls-center.ch\/index.php?rest_route=%2Fwp%2Fv2%2Fmedia&parent=85"}],"curies":[{"name":"wp","href":"https:\/\/api.w.org\/{rel}","templated":true}]}}