{"id":76,"date":"2015-09-13T15:01:01","date_gmt":"2015-09-13T13:01:01","guid":{"rendered":"http:\/\/www.lebens-impuls-center.ch\/?page_id=76"},"modified":"2016-10-17T14:19:36","modified_gmt":"2016-10-17T12:19:36","slug":"einzelsitzung-2","status":"publish","type":"page","link":"https:\/\/www.lebens-impuls-center.ch\/?page_id=76","title":{"rendered":"systemische Einzelaufstellung"},"content":{"rendered":"<h5><strong>Gr\u00fcnde f\u00fcr eine systemische Einzelaufstellung&#8230;..<\/strong><\/h5>\n<p><em>Die systemische Einzelaufstellung ist ein wertvolles Instrument, wenn vor einem Aufstellungsgruppenseminar noch unterst\u00fctzende vorkehrende Massnahmen geleistet werden muss. Des Weiteren, gibt es sehr viele Menschen, welche f\u00fcr das Behandeln von ihrer Problematiken einen kleineren Rahmen vorziehen. In der systemischen Einzelaufstellung wird diesem Bed\u00fcrfnis nachgekommen. Im normalen Fall sind dabei die\/der KlientIn und die tiefenpsychologische Systemmentorin anwesend, sowie eine kostenlose Begleitperson. Es wird individuell der Situation angepasst gearbeitet. <\/em><\/p>\n<p>&nbsp;<\/p>\n<p>&nbsp;<\/p>\n<h5><strong>Aufstellungsbrett mit Figuren und Symbole&#8230;..<\/strong><\/h5>\n<p><em> F\u00fcr die &#8222;Live&#8220;-Aufstellung wird das Aufstellungsbrett benutzt. Anstelle der menschlichen Stellvertetungen bei der Gruppenaufstellung wird auf diesem drehbaren runden Aufstellungsbrett\u00a0 mit Figuren und Symboliken gearbeitet. Hierf\u00fcr wird das Anliegen mit einfachen Bausteinen positioniert und Schritt f\u00fcr Schritt auf das Endergebnis hin gearbeitet. Wie auf einer B\u00fchne k\u00f6nnen nun die aufgestellten Personen in ihrer Beziehung zueinander, in ihren Positionen und etwaigen Subsystemen beobachtet und analysiert werden. Dabei werden immer mehr aufschlussreiche Faktoren sichtbar und bietet dann die M\u00f6glichkeit des harmonischen Ordnens.<br \/>\n<\/em><\/p>\n<p><em>Das drehbare Aufstellungsbrett bew\u00e4hrt sich als eine unkomplizierte und jederzeit einsetzbare Massnahme, sowie mitunter zeigt sich auf ihm schon nach kurzer Zeit die Dynamik innerhalb eines Systems. <\/em><br \/>\n<em> Insbesondere Kindern und Jugendlichen sprechen stark auf das Arbeiten mit P\u00fcppchen und Symboliken an. Diese helfen ihnen, sich die einzelnen betroffenen Menschen oder andere Bausteine ihres Problems besser vorzustellen, sowie k\u00f6nnen auch ohne viele Worte ihren inneren Zustand zum Ausdruck bringen.<br \/>\n<\/em><\/p>\n<p>&nbsp;<\/p>\n<h5><strong>Bodenanker mit Symbolen&#8230;..<\/strong><\/h5>\n<p><em>n\u00e4here Informationen folgen&#8230;&#8230;&#8230;..Danke f\u00fcr das Verst\u00e4ndnis<\/em><\/p>\n<p>&nbsp;<\/p>\n<p>&nbsp;<\/p>\n<p>&nbsp;<\/p>\n","protected":false},"excerpt":{"rendered":"<p>Gr\u00fcnde f\u00fcr eine systemische Einzelaufstellung&#8230;.. Die systemische Einzelaufstellung ist ein wertvolles Instrument, wenn vor einem Aufstellungsgruppenseminar noch unterst\u00fctzende vorkehrende Massnahmen geleistet werden muss. Des Weiteren, gibt es sehr viele Menschen, welche f\u00fcr das Behandeln von ihrer Problematiken einen kleineren Rahmen vorziehen. In der systemischen Einzelaufstellung wird diesem Bed\u00fcrfnis nachgekommen. Im normalen Fall sind dabei die\/der [&hellip;]<\/p>\n","protected":false},"author":1,"featured_media":0,"parent":49,"menu_order":0,"comment_status":"closed","ping_status":"closed","template":"","meta":{"footnotes":""},"class_list":["post-76","page","type-page","status-publish","hentry"],"aioseo_notices":[],"_links":{"self":[{"href":"https:\/\/www.lebens-impuls-center.ch\/index.php?rest_route=\/wp\/v2\/pages\/76","targetHints":{"allow":["GET"]}}],"collection":[{"href":"https:\/\/www.lebens-impuls-center.ch\/index.php?rest_route=\/wp\/v2\/pages"}],"about":[{"href":"https:\/\/www.lebens-impuls-center.ch\/index.php?rest_route=\/wp\/v2\/types\/page"}],"author":[{"embeddable":true,"href":"https:\/\/www.lebens-impuls-center.ch\/index.php?rest_route=\/wp\/v2\/users\/1"}],"replies":[{"embeddable":true,"href":"https:\/\/www.lebens-impuls-center.ch\/index.php?rest_route=%2Fwp%2Fv2%2Fcomments&post=76"}],"version-history":[{"count":0,"href":"https:\/\/www.lebens-impuls-center.ch\/index.php?rest_route=\/wp\/v2\/pages\/76\/revisions"}],"up":[{"embeddable":true,"href":"https:\/\/www.lebens-impuls-center.ch\/index.php?rest_route=\/wp\/v2\/pages\/49"}],"wp:attachment":[{"href":"https:\/\/www.lebens-impuls-center.ch\/index.php?rest_route=%2Fwp%2Fv2%2Fmedia&parent=76"}],"curies":[{"name":"wp","href":"https:\/\/api.w.org\/{rel}","templated":true}]}}