{"id":631,"date":"2015-12-10T10:58:08","date_gmt":"2015-12-10T09:58:08","guid":{"rendered":"http:\/\/www.lebens-impuls-center.ch\/?page_id=631"},"modified":"2018-11-15T19:35:16","modified_gmt":"2018-11-15T18:35:16","slug":"weihnachten-gutscheine","status":"publish","type":"page","link":"https:\/\/www.lebens-impuls-center.ch\/?page_id=631","title":{"rendered":"Gutscheine"},"content":{"rendered":"<p><a href=\"https:\/\/www.lebens-impuls-center.ch\/wp-content\/uploads\/2015\/09\/Gutschein01_50.png\"><img loading=\"lazy\" decoding=\"async\" class=\"alignleft wp-image-487 size-medium\" src=\"https:\/\/www.lebens-impuls-center.ch\/wp-content\/uploads\/2015\/09\/Gutschein01_50-300x213.png\" alt=\"\" width=\"300\" height=\"213\" srcset=\"https:\/\/www.lebens-impuls-center.ch\/wp-content\/uploads\/2015\/09\/Gutschein01_50-300x213.png 300w, https:\/\/www.lebens-impuls-center.ch\/wp-content\/uploads\/2015\/09\/Gutschein01_50-1024x726.png 1024w, https:\/\/www.lebens-impuls-center.ch\/wp-content\/uploads\/2015\/09\/Gutschein01_50.png 1748w\" sizes=\"auto, (max-width: 300px) 100vw, 300px\" \/><\/a><\/p>\n<p>&nbsp;<\/p>\n<h5><span style=\"color: #339966;\"><strong><em>Das Leben &#8211; Augenblicke der Liebe!<\/em><\/strong><\/span><\/h5>\n<p><em>Wie viele liebe und wertvolle Menschen begleiten uns tagt\u00e4glich durch das ganze Jahr.<br \/>\nZwischendurch treten neue Menschen in den eigenen Lebensalltag, aber auch manchmal trennen sich mehr oder weniger gemeinsame Wege mit lieben Menschen.<\/em><\/p>\n<p>&nbsp;<\/p>\n<p>&nbsp;<\/p>\n<h5><span style=\"color: #339966;\"><strong><em>Jeder Zeit besteht die M\u00f6glichkeit des Ausdrucks seiner Dankbarkeit gegen\u00fcber lieben Menschen&#8230;..<\/em><\/strong><\/span><\/h5>\n<p><em>Wie oft tun wir dies?<\/em><br \/>\n<em>Wann haben wir das letzte Mal f\u00fcr uns wichtigen Menschen gezeigt, welchen wichtigen Bestandteil sie sind?<\/em><\/p>\n<p><em><strong>In unserem Lebensalltag besteht immer wieder die M\u00f6glichkeit, dass es ein Augenblick der dankbaren Liebe ist, welcher in sich grosse Freude verstr\u00f6hmt &#8211; <\/strong><\/em><\/p>\n<p><em><strong>warum nicht JETZT\u00a0 &#8211;\u00a0 mit einem <a href=\"https:\/\/www.lebens-impuls-center.ch\/?page_id=969\" target=\"_blank\" rel=\"noopener\">GUTSCHEIN<\/a><br \/>\n<\/strong><\/em><\/p>\n<p><em>ja &#8211;\u00a0 JETZT ist ein sch\u00f6nen Moment f\u00fcr das Zeigen, wie wertvoll und bereichernd ein lieben Menschen f\u00fcr das eigene Leben ist. <\/em><br \/>\n<em>Es lohnt sich auf jeden Fall<\/em><em>, wenn man sich mal bewusste Gedanken \u00fcber solch liebe Menschen macht.<br \/>\n<\/em><\/p>\n<p><em>Wo steht diese Person im Leben?<\/em><br \/>\n<em>Was sind die wirklichen Herzw\u00fcnsche?<\/em><br \/>\n<em>Mit was kann man dieser Person eine echte Freude bereiten?<\/em><br \/>\n<em>Wie kann ich diese Person \u00fcberraschen und meine Wertsch\u00e4tzung in den Ausdruck bringen?<\/em><br \/>\n<em>Kann ich etwas beisteuern, dass dieser liebe Mensch ein friedliches Leben geniessen kann?<br \/>\n<\/em><br \/>\n<em>Manchmal gen\u00fcgt bereits ein von Herzen kommendes Wort oder eine liebevolle Gestik und man schenkt jemanden einen unvergesslichen ber\u00fchrenden Gl\u00fccksmoment.<br \/>\n<\/em><\/p>\n<p><em><strong>Ganz kleine banale ECHTE Aufmerksamkeiten bewirken oft wahre Wunder.<\/strong><\/em><\/p>\n<p><em>Denn es beginnt genau dort, wenn die liebe Person <strong>sp\u00fcrt<\/strong>, dass man sich bewusst die Zeit genommen hat, f\u00fcr das Aussuchen eines Geschenkes und\/oder einer Aufmerksamkeit. In diesem subtilen Augenblick ist die <strong>wahre Freude<\/strong> garantiert. <\/em><br \/>\n<em>Auch wenn leider oft diese Freude nicht offen ausgedr\u00fcckt wird, nicht offensichtlich erkennbar ist, wird sich das innere Herz still freuen! Ist man dennoch sehr aufmerksam gegen\u00fcber der beschenkten Person, so darf immer, auch die versteckte Freude wahrgenommen werden!<\/em><\/p>\n<p>&nbsp;<\/p>\n<h5><span style=\"color: #339966;\"><strong>Ein sinnvolles und lebensorientiert gew\u00e4hltes Geschenk\u00fcberraschung mit Garantie auf Freude und Wohlbefinden&#8230;..<\/strong><\/span><\/h5>\n<p><em>Das LEBENS-IMPULS-CENTER hat sich das Ziel gesetzt, dass es die Menschen in ein <strong>freudvolles und nachhaltig selbst\u00e4ndiges Wohlbefinden<\/strong> begleitet. Die Berufung als tiefenpsychologische Systemmentorin beinhaltet \u00fcber die Lebensjahren hinweg so viele Facetten der unterschiedlichen Arten der Menschenbegleitung, so dass \u00fcber ein pers\u00f6nliches Telefongespr\u00e4ch garantiert herausgefunden wird, welchen Dienst\/ welchen <strong>LEBENSIMPULS<\/strong> f\u00fcr den jeweiligen Menschen als ersten Schritt in die gew\u00fcnschte Richtung des pers\u00f6nlichen Wohlbefindens aktuell wertvoll ist. Da immer individuell auf den einzelnen Menschen eingegangen wird, so erfolgt schlussendlich oft ein pers\u00f6nlich angepasstes Dienstleistungsangebot vom LEBENS-IMPULS-CENTER. <\/em><\/p>\n<p><em>Daher sind GUTSCHEINE vom LEBENS-IMPULS-CENTER immer sehr wertvolle Geschenk\u00fcberraschungen, welche sicherlich die angestrebte und wohlverdiente Aufmerksamkeit der herzlichen Dankbarkeit \u00fcbermittelt und \u00fcber das Ausf\u00fchren das Ziel der wertsch\u00e4tzenden Idee erreicht. <\/em><\/p>\n<p>&nbsp;<\/p>\n<h5><span style=\"color: #339966;\"><strong>Gutscheine von LEBENS-IMPULS-CENTER&#8230;..<\/strong><\/span><\/h5>\n<p><em>Das LEBENS-IMPULS-CENTER hat aktuell\u00a0 <a href=\"https:\/\/www.lebens-impuls-center.ch\/?page_id=969\" target=\"_blank\" rel=\"noopener\">Gutscheine<\/a> in der H\u00f6he von jeweils CHF 50.-, welche in unterschiedlicher Anzahl ausgeh\u00e4ndigt werden kann. <\/em><br \/>\n<em>Diese Gutscheine k\u00f6nnen bei allen Angeboten vom LEBENS-IMPULS-CENTER eingesetzt werden.<br \/>\n<\/em><br \/>\n<em>Bin mir sicher, dass f\u00fcr jede beschenkte Person garantiert etwas gefunden wird, bei welchem das LEBENS-IMPULS-CENTER ihren wertsch\u00e4tzenden Dienst leisten kann.<br \/>\nManchmal ist einfach ein vorg\u00e4ngiges pers\u00f6nliches Gespr\u00e4ch am Telefon notwendig, so dass gemeinsam herausgefunden werden kann, welches Angebot dem Beschenkten gerade am Meisten dient.<br \/>\n<\/em><\/p>\n<p><em>Weitere Informationen und Details \u00fcber die einzelnen Angeboten findet man auf dieser Webseite, sowie wird gerne \u00fcber pers\u00f6nlichen Kontakt weitere Ausk\u00fcnfte erteilt.<br \/>\n<\/em><\/p>\n<p><strong><em>Das LEBENS-IMPULS-CENTER ist erreichbar \u00fcber das <a href=\"https:\/\/www.lebens-impuls-center.ch\/?page_id=19\" target=\"_blank\" rel=\"noopener\">Kontaktformular<\/a> oder<\/em><\/strong><br \/>\n<em>Mobile: 079 869 48 56<\/em><br \/>\n<em>E-Mail: info@lebens-impuls-center.ch<\/em><\/p>\n<p>&nbsp;<\/p>\n<p><em>Nun w\u00fcscht das LEBENS-IMPULS-CENTER eine bereichernde Zeitqualit\u00e4t mit vielen wundervollen Momenten.<\/em><br \/>\n<em>Anita<\/em><br \/>\n<em>Lebens-Impuls-Center<\/em><\/p>\n<p>&nbsp;<\/p>\n<h5><span style=\"color: #339966;\"><strong>Gutscheinbestellformular&#8230;..<\/strong><\/span><\/h5>\n\n<div class=\"wpcf7 no-js\" id=\"wpcf7-f875-o1\" lang=\"de-DE\" dir=\"ltr\" data-wpcf7-id=\"875\">\n<div class=\"screen-reader-response\"><p role=\"status\" aria-live=\"polite\" aria-atomic=\"true\"><\/p> <ul><\/ul><\/div>\n<form action=\"\/index.php?rest_route=%2Fwp%2Fv2%2Fpages%2F631#wpcf7-f875-o1\" method=\"post\" class=\"wpcf7-form init\" aria-label=\"Kontaktformular\" novalidate=\"novalidate\" data-status=\"init\">\n<fieldset class=\"hidden-fields-container\"><input type=\"hidden\" name=\"_wpcf7\" value=\"875\" \/><input type=\"hidden\" name=\"_wpcf7_version\" value=\"6.1.5\" \/><input type=\"hidden\" name=\"_wpcf7_locale\" value=\"de_DE\" \/><input type=\"hidden\" name=\"_wpcf7_unit_tag\" value=\"wpcf7-f875-o1\" \/><input type=\"hidden\" name=\"_wpcf7_container_post\" value=\"0\" \/><input type=\"hidden\" name=\"_wpcf7_posted_data_hash\" value=\"\" \/>\n<\/fieldset>\n<p> Betreff<br \/>\n<span class=\"wpcf7-form-control-wrap\" data-name=\"your-subject\"><input size=\"40\" maxlength=\"400\" class=\"wpcf7-form-control wpcf7-text\" aria-invalid=\"false\" value=\"\" type=\"text\" name=\"your-subject\" \/><\/span>\n<\/p>\n<p> Ihr Vorname (Pflichtfeld)<br \/>\n<span class=\"wpcf7-form-control-wrap\" data-name=\"your-name\"><input size=\"40\" maxlength=\"400\" class=\"wpcf7-form-control wpcf7-text wpcf7-validates-as-required\" aria-required=\"true\" aria-invalid=\"false\" value=\"\" type=\"text\" name=\"your-name\" \/><\/span>\n<\/p>\n<p> Ihr Nachname (Pflichtfeld)<br \/>\n<span class=\"wpcf7-form-control-wrap\" data-name=\"text-186_Nachname\"><input size=\"40\" maxlength=\"400\" class=\"wpcf7-form-control wpcf7-text wpcf7-validates-as-required\" aria-required=\"true\" aria-invalid=\"false\" value=\"\" type=\"text\" name=\"text-186_Nachname\" \/><\/span>\n<\/p>\n<p> Strasse mit Hausnummer (Pflichtfeld)<br \/>\n<span class=\"wpcf7-form-control-wrap\" data-name=\"Adresse\"><input size=\"40\" maxlength=\"400\" class=\"wpcf7-form-control wpcf7-text wpcf7-validates-as-required\" aria-required=\"true\" aria-invalid=\"false\" value=\"\" type=\"text\" name=\"Adresse\" \/><\/span>\n<\/p>\n<p> Ihre PLZ mit Ort (Pflichtfeld)<br \/>\n<span class=\"wpcf7-form-control-wrap\" data-name=\"PLZmitOrt\"><input size=\"40\" maxlength=\"400\" class=\"wpcf7-form-control wpcf7-text wpcf7-validates-as-required\" aria-required=\"true\" aria-invalid=\"false\" value=\"\" type=\"text\" name=\"PLZmitOrt\" \/><\/span>\n<\/p>\n<p> erreichbare Telefonnummer (Pflichtfeld)<br \/>\n<span class=\"wpcf7-form-control-wrap\" data-name=\"Telefonnummer\"><input size=\"40\" maxlength=\"400\" class=\"wpcf7-form-control wpcf7-tel wpcf7-validates-as-required wpcf7-text wpcf7-validates-as-tel\" aria-required=\"true\" aria-invalid=\"false\" value=\"\" type=\"tel\" name=\"Telefonnummer\" \/><\/span>\n<\/p>\n<p> Ihre Emailadresse (Pflichtfeld)<br \/>\n<span class=\"wpcf7-form-control-wrap\" data-name=\"email-44\"><input size=\"40\" maxlength=\"400\" class=\"wpcf7-form-control wpcf7-email wpcf7-validates-as-required wpcf7-text wpcf7-validates-as-email\" aria-required=\"true\" aria-invalid=\"false\" value=\"\" type=\"email\" name=\"email-44\" \/><\/span>\n<\/p>\n<p><span class=\"wpcf7-form-control-wrap\" data-name=\"ichbestelle\"><span class=\"wpcf7-form-control wpcf7-acceptance\"><span class=\"wpcf7-list-item\"><input type=\"checkbox\" name=\"ichbestelle\" value=\"1\" aria-invalid=\"false\" \/><\/span><\/span><\/span> (Pflichtfeld) hiermit bestelle ich Gutscheine im Wert von je CHF 50.- vom LEBENS-IMPULS-CENTER mit kostenlosem A-Post-Versand in die Schweiz\n<\/p>\n<p> ich bestelle<br \/>\n<span class=\"wpcf7-form-control-wrap\" data-name=\"number-787\"><input class=\"wpcf7-form-control wpcf7-number wpcf7-validates-as-required wpcf7-validates-as-number\" min=\"1\" max=\"50\" aria-required=\"true\" aria-invalid=\"false\" value=\"1\" type=\"number\" name=\"number-787\" \/><\/span> Anzahl Gutscheine im Wert von je CHF 50.-\n<\/p>\n<p> ich zahle (Pflichtfeld)<br \/>\n<span class=\"wpcf7-form-control-wrap\" data-name=\"checkbox-76\"><span class=\"wpcf7-form-control wpcf7-checkbox wpcf7-validates-as-required\"><span class=\"wpcf7-list-item first\"><input type=\"checkbox\" name=\"checkbox-76[]\" value=\"per E-Banking-Einzahlung\" \/><span class=\"wpcf7-list-item-label\">per E-Banking-Einzahlung<\/span><\/span><span class=\"wpcf7-list-item last\"><input type=\"checkbox\" name=\"checkbox-76[]\" value=\"per Zahlung per Einzahlungsschein an der Poststelle (Achtung bei dieser Variante wird die Postgeb\u00fchr von CHF 2.50 in Rechnung gestellt)\" \/><span class=\"wpcf7-list-item-label\">per Zahlung per Einzahlungsschein an der Poststelle (Achtung bei dieser Variante wird die Postgeb\u00fchr von CHF 2.50 in Rechnung gestellt)<\/span><\/span><\/span><\/span>\n<\/p>\n<p><label> Nach Eingang der Bestellung bekommen Sie ein Best\u00e4tigungsmail mit der Rechnung und den Einzahlungsdaten. Die Gutscheine werden daraufhin per A-Post versendet.<br \/>\nNach Eingang der vollst\u00e4ndigen Zahlung werden die Gutscheine aktiviert und sind somit bei allen Angeboten vom LEBENS-IMPULS-CENTER einl\u00f6sbar. Herzlichen Dank f\u00fcr das entgegengebrachte Vertrauen gegen\u00fcber dem LEBENS-IMPULS-CENTER <\/label>\n<\/p>\n<p><label> <span class=\"wpcf7-form-control-wrap\" data-name=\"Einverstaendniserklaerung\"><span class=\"wpcf7-form-control wpcf7-acceptance\"><span class=\"wpcf7-list-item\"><input type=\"checkbox\" name=\"Einverstaendniserklaerung\" value=\"1\" aria-invalid=\"false\" \/><\/span><\/span><\/span> (Pflichtfeld) Ich bin in Kenntnis und damit einverstanden, dass die Gutscheine erst aktiviert werden, wenn die vollst\u00e4ndige Einzahlung auf dem Konto vom LEBENS-IMPULS-CENTER eingetroffen ist. Mit bestem Dank f\u00fcr das Verst\u00e4ndnis. <\/label>\n<\/p>\n<p><label> Herzlichen Dank f\u00fcr Ihre Bestellung und viel Freude beim Verschenken von den Gutscheinen.<br \/>\nIhr LEBENS-IMPULS-CENTER <\/label>\n<\/p>\n<p> Ihre Nachricht<br \/>\n<span class=\"wpcf7-form-control-wrap\" data-name=\"your-message\"><textarea cols=\"40\" rows=\"10\" maxlength=\"2000\" class=\"wpcf7-form-control wpcf7-textarea\" aria-invalid=\"false\" name=\"your-message\"><\/textarea><\/span>\n<\/p>\n<p><label><input class=\"wpcf7-form-control wpcf7-submit has-spinner\" type=\"submit\" value=\"Senden\" \/><\/label>\n<\/p><p style=\"display: none !important;\" class=\"akismet-fields-container\" data-prefix=\"_wpcf7_ak_\"><label>&#916;<textarea name=\"_wpcf7_ak_hp_textarea\" cols=\"45\" rows=\"8\" maxlength=\"100\"><\/textarea><\/label><input type=\"hidden\" id=\"ak_js_1\" name=\"_wpcf7_ak_js\" value=\"70\"\/><script type=\"text\/javascript\">\n\/* <![CDATA[ *\/\ndocument.getElementById( \"ak_js_1\" ).setAttribute( \"value\", ( new Date() ).getTime() );\n\/* ]]> *\/\n<\/script>\n<\/p><div class=\"wpcf7-response-output\" aria-hidden=\"true\"><\/div>\n<\/form>\n<\/div>\n\n<p>&nbsp;<\/p>\n","protected":false},"excerpt":{"rendered":"<p>&nbsp; Das Leben &#8211; Augenblicke der Liebe! Wie viele liebe und wertvolle Menschen begleiten uns tagt\u00e4glich durch das ganze Jahr. Zwischendurch treten neue Menschen in den eigenen Lebensalltag, aber auch manchmal trennen sich mehr oder weniger gemeinsame Wege mit lieben Menschen. &nbsp; &nbsp; Jeder Zeit besteht die M\u00f6glichkeit des Ausdrucks seiner Dankbarkeit gegen\u00fcber lieben Menschen&#8230;.. [&hellip;]<\/p>\n","protected":false},"author":2,"featured_media":0,"parent":0,"menu_order":0,"comment_status":"closed","ping_status":"closed","template":"","meta":{"footnotes":""},"class_list":["post-631","page","type-page","status-publish","hentry"],"aioseo_notices":[],"_links":{"self":[{"href":"https:\/\/www.lebens-impuls-center.ch\/index.php?rest_route=\/wp\/v2\/pages\/631","targetHints":{"allow":["GET"]}}],"collection":[{"href":"https:\/\/www.lebens-impuls-center.ch\/index.php?rest_route=\/wp\/v2\/pages"}],"about":[{"href":"https:\/\/www.lebens-impuls-center.ch\/index.php?rest_route=\/wp\/v2\/types\/page"}],"author":[{"embeddable":true,"href":"https:\/\/www.lebens-impuls-center.ch\/index.php?rest_route=\/wp\/v2\/users\/2"}],"replies":[{"embeddable":true,"href":"https:\/\/www.lebens-impuls-center.ch\/index.php?rest_route=%2Fwp%2Fv2%2Fcomments&post=631"}],"version-history":[{"count":16,"href":"https:\/\/www.lebens-impuls-center.ch\/index.php?rest_route=\/wp\/v2\/pages\/631\/revisions"}],"predecessor-version":[{"id":974,"href":"https:\/\/www.lebens-impuls-center.ch\/index.php?rest_route=\/wp\/v2\/pages\/631\/revisions\/974"}],"wp:attachment":[{"href":"https:\/\/www.lebens-impuls-center.ch\/index.php?rest_route=%2Fwp%2Fv2%2Fmedia&parent=631"}],"curies":[{"name":"wp","href":"https:\/\/api.w.org\/{rel}","templated":true}]}}