{"id":59,"date":"2015-09-13T14:29:24","date_gmt":"2015-09-13T12:29:24","guid":{"rendered":"http:\/\/www.lebens-impuls-center.ch\/?page_id=59"},"modified":"2018-05-17T17:16:18","modified_gmt":"2018-05-17T15:16:18","slug":"therapiekonzept","status":"publish","type":"page","link":"https:\/\/www.lebens-impuls-center.ch\/?page_id=59","title":{"rendered":"Therapiekonzept"},"content":{"rendered":"<h5 style=\"text-align: left;\"><strong>Hilfe, mein Leben ger\u00e4t aus den Fugen&#8230;..<\/strong><\/h5>\n<p style=\"text-align: left;\"><em>In Ihrem Leben gibt es schwierige Themen,<\/em><br \/>\n<em> unertr\u00e4gliche Problematiken schreien nach L\u00f6sungen,<\/em><br \/>\n<em> das Leben zerrt an Ihrer Lebenskraft,<\/em><br \/>\n<em> Sie wissen nicht mehr weiter,<\/em><br \/>\n<em> Sie k\u00f6nnen kaum noch einen klaren Gedanken fassen,<\/em><br \/>\n<em> das Leben ger\u00e4t aus allen Fugen,<\/em><\/p>\n<p style=\"text-align: left;\"><em>Sie sind dadurch einfach stark in Ihrer Lebensqualit\u00e4t behindert.<\/em><\/p>\n<p><em>Solche unangenehme Dinge erschleichen immer mehr eine gr\u00f6ssere Pr\u00e4senz in Ihrem Dasein. Vieles verselbst\u00e4ndigt sich von alleine und ehe es Ihnen bewusst wird, stecken Sie schon in einem Lebensenergie beraubenden Kreislauf, aus welchem Sie nicht mehr ausbrechen k\u00f6nnen.<\/em><br \/>\n<em> Manchmal fehlt Ihnen das Wissen \u00fcber die anstehenden Lebensschritte, oder die Schritte sind bekannt, aber Ihnen fehlt einfach die Ressource und Kraft f\u00fcr die Umsetzung der notwendigen Ver\u00e4nderungen.<\/em><\/p>\n<p>&nbsp;<\/p>\n<p>&nbsp;<\/p>\n<h5><strong>l\u00e4ngerfristiges pers\u00f6nliches Begleitkonzept&#8230;..<\/strong><\/h5>\n<p><em>Das LEBENS-IMPULS-CENTER, bietet l\u00e4ngerfristige Begleitungskonzepte an, welche individuell auf den einzelnen Klienten abgestimmt wird.<\/em><\/p>\n<p><em>Wer sich f\u00fcr diese intensive pers\u00f6nliche Begleitung entscheidet, darf sich vertrauensvoll auf die unterst\u00fctzende Hilfe freuen. Das LEBENS-IMPULS-CENTER kristallisiert f\u00fcr Sie die Auswahl der optimalen Angebote heraus, aus welchen Sie dann schlussendlich ausw\u00e4hlen. Es wird alles f\u00fcr Sie getan, so dass Sie die anstehenden Problematiken erfolgsversprechend meistern k\u00f6nnen.<\/em><br \/>\n<em> Mit der Zeit d\u00fcrfen Sie ein gekl\u00e4rtes Leben begr\u00fcssen und gest\u00e4rkt die neu gewonnene Lebensqualit\u00e4t mit all seinen Vorz\u00fcge vollst\u00e4ndig geniessen.<\/em><\/p>\n<p><em>Der Vorteil von einem l\u00e4ngerfristigen Begleitungskonzept ist, dass durch das intensive Begleiten eine garantierte Nachhaltigkeit f\u00fcr das ganze Leben erzielt werden kann. Das Leben zeigt sich pl\u00f6tzlich in den unterschiedlichsten Facetten und die erfolgsversprechenden M\u00f6glichkeiten k\u00f6nnen erkannt und selbst\u00e4ndig umgesetzt werden.<\/em><\/p>\n<p><em>Beim ersten Termin wird eine ausf\u00fchrliche Anamnese \u00fcber die aktuelle Situation erstellt und das gew\u00fcnschte Anliegen gezielt ausformuliert. Dauert ca. 30-60 Minuten. Das im Vorfeld ausgef\u00fcllte Datenblatt liefert wertvolle Hinweise und erm\u00f6glicht ein effizientes Zeitmanagement.<\/em><br \/>\n<em> Gemeinsam wird Ihr pers\u00f6nliches Begleitkonzept ausgearbeitet. Wichtige Punkte wie Dauer, Art &amp; Weise der Begleitung, der Rhythmus, sowie der Aufwand wird gekl\u00e4rt und festgelegt. Die ersten Schritte werden in die Wege geleitet.<\/em><\/p>\n<p><em>Nach jeder Begleitung, wird gemeinsam festgehalten, welche Erfolge sich bereits eingestellt haben und was f\u00fcr das Erreichen des Zieles noch ben\u00f6tigt wird.<\/em><\/p>\n<p>&nbsp;<\/p>\n<p>&nbsp;<\/p>\n<h5><strong>Preise&#8230;..<\/strong><\/h5>\n<p><em>Bei jeder 10. Sitzung wird Ihnen eine Begleitstunde geschenkt.<br \/>\n<\/em><\/p>\n<p><em><strong>Einzelbegleitung:<\/strong><\/em><\/p>\n<p><em>\u00a0120.00 CHF pro Stunde<br \/>\n<\/em><\/p>\n<p><em><strong>Paarbegleitung:<\/strong><\/em><\/p>\n<p><em>170.00 CHF pro Stunde<\/em><\/p>\n<p>&nbsp;<\/p>\n<p><em>Mit dem Preis wird das Gleichgewicht vom Geben und Nehmen hergestellt. Der notwendige Ausgleicht schafft die Basis eines erzielten Erfolges, welcher einen sehr wichtigen essenziellen Bestandteil f\u00fcr den eigenen Fluss seines erf\u00fcllten Lebens ist!\u00a0 <\/em><\/p>\n<p><em><strong>Bei finanziellen H\u00e4rtef\u00e4llen kann \u00fcber eine Tarifver\u00e4nderung verhandelt werden.<\/strong> Denn aus eigner Erfahrung weiss ich, dass die finanzielle Verh\u00e4ltnisse je nach Situation variieren kann. In welcher Lebenslage man gerade steckt, dies soll kein blockierendes Hindernis sein, f\u00fcr eine gesunde angestrebte Ver\u00e4nderung ohne dass die universellen Lebensgesetze missachtet werden! <\/em><\/p>\n<p><em>Der Ausgleich ist ein wesentlicher Punkt im zwischenmenschlichen Bereichen. Es spielt keine Rolle, um welche Art von zwischenmenschlichen Beziehung es sich handelt. F\u00fcr ein harmonisches Miteinander muss ein Gleichgewicht hergestellt sein, dieses beeinflusst wiederum das Erreichen eines Zieles\/ Wunsches\/ angestrebten positives Endergebnisses. Denn steht das Gleichgewicht zwischen Geben und Nehmen in Schieflage, so unterbindet man den harmonischen Lebensfluss, die Basis eines vollumfassenden gl\u00fccklichen Lebens.<\/em><br \/>\n<em> Es ist egal ob es sich um eine Liebesbeziehung, Gesch\u00e4ftsbeziehung, Arbeitsbeziehung, Therapiebeziehung, Freundschaftsbeziehung, famili\u00e4re Beziehung usw. handelt, ist etwas im Ungleichgewicht dann ist es blockiert und untergr\u00e4bt somit das positive Miteinander, welches die Basis von allem ist.<\/em><\/p>\n<p>&nbsp;<\/p>\n","protected":false},"excerpt":{"rendered":"<p>Hilfe, mein Leben ger\u00e4t aus den Fugen&#8230;.. In Ihrem Leben gibt es schwierige Themen, unertr\u00e4gliche Problematiken schreien nach L\u00f6sungen, das Leben zerrt an Ihrer Lebenskraft, Sie wissen nicht mehr weiter, Sie k\u00f6nnen kaum noch einen klaren Gedanken fassen, das Leben ger\u00e4t aus allen Fugen, Sie sind dadurch einfach stark in Ihrer Lebensqualit\u00e4t behindert. Solche unangenehme [&hellip;]<\/p>\n","protected":false},"author":1,"featured_media":0,"parent":49,"menu_order":0,"comment_status":"closed","ping_status":"closed","template":"","meta":{"footnotes":""},"class_list":["post-59","page","type-page","status-publish","hentry"],"aioseo_notices":[],"_links":{"self":[{"href":"https:\/\/www.lebens-impuls-center.ch\/index.php?rest_route=\/wp\/v2\/pages\/59","targetHints":{"allow":["GET"]}}],"collection":[{"href":"https:\/\/www.lebens-impuls-center.ch\/index.php?rest_route=\/wp\/v2\/pages"}],"about":[{"href":"https:\/\/www.lebens-impuls-center.ch\/index.php?rest_route=\/wp\/v2\/types\/page"}],"author":[{"embeddable":true,"href":"https:\/\/www.lebens-impuls-center.ch\/index.php?rest_route=\/wp\/v2\/users\/1"}],"replies":[{"embeddable":true,"href":"https:\/\/www.lebens-impuls-center.ch\/index.php?rest_route=%2Fwp%2Fv2%2Fcomments&post=59"}],"version-history":[{"count":2,"href":"https:\/\/www.lebens-impuls-center.ch\/index.php?rest_route=\/wp\/v2\/pages\/59\/revisions"}],"predecessor-version":[{"id":897,"href":"https:\/\/www.lebens-impuls-center.ch\/index.php?rest_route=\/wp\/v2\/pages\/59\/revisions\/897"}],"up":[{"embeddable":true,"href":"https:\/\/www.lebens-impuls-center.ch\/index.php?rest_route=\/wp\/v2\/pages\/49"}],"wp:attachment":[{"href":"https:\/\/www.lebens-impuls-center.ch\/index.php?rest_route=%2Fwp%2Fv2%2Fmedia&parent=59"}],"curies":[{"name":"wp","href":"https:\/\/api.w.org\/{rel}","templated":true}]}}