{"id":567,"date":"2015-10-20T13:04:59","date_gmt":"2015-10-20T11:04:59","guid":{"rendered":"http:\/\/www.lebens-impuls-center.ch\/?page_id=567"},"modified":"2018-11-14T17:42:42","modified_gmt":"2018-11-14T16:42:42","slug":"events","status":"publish","type":"page","link":"https:\/\/www.lebens-impuls-center.ch\/?page_id=567","title":{"rendered":"Events"},"content":{"rendered":"<p><em>Zurzeit sind keine Events im Jahr 2018 geplant.<\/em><\/p>\n<p>&nbsp;<\/p>\n<p><em>Besteht ein Bed\u00fcrfnis f\u00fcr einen Anlass, bei welcher etwas Aussergew\u00f6hnliches gesucht wird, dann darf gerne mit dem LEBENS-IMPULS-CENTER\u00a0 <a href=\"https:\/\/www.lebens-impuls-center.ch\/?page_id=19\">Kontakt<\/a>\u00a0 aufgenommen werden, so dass die M\u00f6glichkeiten und die W\u00fcnsche miteinander angeschaut und geplant werden k\u00f6nnen. <\/em><\/p>\n<p><em>Das LEBENS-IMPULS-CENTER steht Ihnen gerne zur Verf\u00fcgung<br \/>\n<\/em><\/p>\n<p><em>\u00bb f\u00fcr Sie<\/em><\/p>\n<p><em> \u00bb\u00a0f\u00fcr Ihre Familie\u00a0\u00a0\u00a0\u00a0\u00a0\u00a0 <\/em><\/p>\n<p><em>\u00bb f\u00fcr Ihr Team<\/em><\/p>\n<p><em>\u00bb<\/em> <em>f\u00fcr Ihren Gesch\u00e4ftsanlass<\/em><\/p>\n<p><em>\u00bb\u00a0 f\u00fcr Ihren Verein<\/em><\/p>\n<p><em>\u00bb\u00a0 f\u00fcr Ihre Organisation <\/em><\/p>\n<p><em>\u00bb<\/em> &#8230;&#8230;&#8230;..<\/p>\n<p><em>spezielle pers\u00f6nlich zugeschnittene Kurse, Seminare, Abende f\u00fcr Sie auszuarbeiten.<\/em><\/p>\n","protected":false},"excerpt":{"rendered":"<p>Zurzeit sind keine Events im Jahr 2018 geplant. &nbsp; Besteht ein Bed\u00fcrfnis f\u00fcr einen Anlass, bei welcher etwas Aussergew\u00f6hnliches gesucht wird, dann darf gerne mit dem LEBENS-IMPULS-CENTER\u00a0 Kontakt\u00a0 aufgenommen werden, so dass die M\u00f6glichkeiten und die W\u00fcnsche miteinander angeschaut und geplant werden k\u00f6nnen. Das LEBENS-IMPULS-CENTER steht Ihnen gerne zur Verf\u00fcgung \u00bb f\u00fcr Sie \u00bb\u00a0f\u00fcr Ihre [&hellip;]<\/p>\n","protected":false},"author":2,"featured_media":0,"parent":13,"menu_order":0,"comment_status":"closed","ping_status":"closed","template":"","meta":{"footnotes":""},"class_list":["post-567","page","type-page","status-publish","hentry"],"aioseo_notices":[],"_links":{"self":[{"href":"https:\/\/www.lebens-impuls-center.ch\/index.php?rest_route=\/wp\/v2\/pages\/567","targetHints":{"allow":["GET"]}}],"collection":[{"href":"https:\/\/www.lebens-impuls-center.ch\/index.php?rest_route=\/wp\/v2\/pages"}],"about":[{"href":"https:\/\/www.lebens-impuls-center.ch\/index.php?rest_route=\/wp\/v2\/types\/page"}],"author":[{"embeddable":true,"href":"https:\/\/www.lebens-impuls-center.ch\/index.php?rest_route=\/wp\/v2\/users\/2"}],"replies":[{"embeddable":true,"href":"https:\/\/www.lebens-impuls-center.ch\/index.php?rest_route=%2Fwp%2Fv2%2Fcomments&post=567"}],"version-history":[{"count":2,"href":"https:\/\/www.lebens-impuls-center.ch\/index.php?rest_route=\/wp\/v2\/pages\/567\/revisions"}],"predecessor-version":[{"id":962,"href":"https:\/\/www.lebens-impuls-center.ch\/index.php?rest_route=\/wp\/v2\/pages\/567\/revisions\/962"}],"up":[{"embeddable":true,"href":"https:\/\/www.lebens-impuls-center.ch\/index.php?rest_route=\/wp\/v2\/pages\/13"}],"wp:attachment":[{"href":"https:\/\/www.lebens-impuls-center.ch\/index.php?rest_route=%2Fwp%2Fv2%2Fmedia&parent=567"}],"curies":[{"name":"wp","href":"https:\/\/api.w.org\/{rel}","templated":true}]}}