{"id":56,"date":"2015-09-13T14:28:11","date_gmt":"2015-09-13T12:28:11","guid":{"rendered":"http:\/\/www.lebens-impuls-center.ch\/?page_id=56"},"modified":"2018-11-12T14:18:16","modified_gmt":"2018-11-12T13:18:16","slug":"erstgespraech","status":"publish","type":"page","link":"https:\/\/www.lebens-impuls-center.ch\/?page_id=56","title":{"rendered":"Erstgespr\u00e4ch"},"content":{"rendered":"<p style=\"text-align: justify;\"><em>Im Erstgespr\u00e4ch werden die Anliegen, die Bed\u00fcrfnisse und die Erwartungen des Klienten abgekl\u00e4rt, sowie die M\u00f6glichkeiten vom Lebens-Impuls-Centers aufgezeigt.<\/em><\/p>\n<p style=\"text-align: justify;\"><em>Erfordert die bestehende Situation erstmals eine andere Unterst\u00fctzung und\/oder Massnahme, dann wird auf m\u00f6gliche Angebote von Anderen hingewiesen. Das Lebens-Impuls-Center arbeitet eng mit anderen unterst\u00fctzenden Personen und Institutionen zusammen.<\/em><\/p>\n<p style=\"text-align: justify;\"><em>Von Anfang bis zum Ende steht die professionelle Betreuung des Klienten im Vordergrund. Alles wird streng vertraulich und unter Schweigepflicht behandelt. Das Lebens-Impuls-Center ist in jedem Zeitpunkt bestrebt, dass das Bestm\u00f6gliche f\u00fcr jeden einzelnen Klienten erfolgt.<\/em><\/p>\n<p style=\"text-align: justify;\"><em>Im Weiteren lernen Sie Ihre SchwingungsEnergetikerin\/ tiefenpsychologische Systemmentorin bei diesem ersten Kontakt pers\u00f6nlich kennen. Sympathie und Vertrauen ist eine notwendige Voraussetzung f\u00fcr einen gemeinsamen erfolgreichen Weg.<\/em><\/p>\n<p style=\"text-align: justify;\"><em>Das Erstgespr\u00e4ch dauert in der Regel 15-20 Minuten und ist selbstverst\u00e4ndlich kostenlos und unverbindlich.<\/em><\/p>\n","protected":false},"excerpt":{"rendered":"<p>Im Erstgespr\u00e4ch werden die Anliegen, die Bed\u00fcrfnisse und die Erwartungen des Klienten abgekl\u00e4rt, sowie die M\u00f6glichkeiten vom Lebens-Impuls-Centers aufgezeigt. Erfordert die bestehende Situation erstmals eine andere Unterst\u00fctzung und\/oder Massnahme, dann wird auf m\u00f6gliche Angebote von Anderen hingewiesen. Das Lebens-Impuls-Center arbeitet eng mit anderen unterst\u00fctzenden Personen und Institutionen zusammen. Von Anfang bis zum Ende steht die [&hellip;]<\/p>\n","protected":false},"author":1,"featured_media":0,"parent":49,"menu_order":0,"comment_status":"closed","ping_status":"closed","template":"","meta":{"footnotes":""},"class_list":["post-56","page","type-page","status-publish","hentry"],"aioseo_notices":[],"_links":{"self":[{"href":"https:\/\/www.lebens-impuls-center.ch\/index.php?rest_route=\/wp\/v2\/pages\/56","targetHints":{"allow":["GET"]}}],"collection":[{"href":"https:\/\/www.lebens-impuls-center.ch\/index.php?rest_route=\/wp\/v2\/pages"}],"about":[{"href":"https:\/\/www.lebens-impuls-center.ch\/index.php?rest_route=\/wp\/v2\/types\/page"}],"author":[{"embeddable":true,"href":"https:\/\/www.lebens-impuls-center.ch\/index.php?rest_route=\/wp\/v2\/users\/1"}],"replies":[{"embeddable":true,"href":"https:\/\/www.lebens-impuls-center.ch\/index.php?rest_route=%2Fwp%2Fv2%2Fcomments&post=56"}],"version-history":[{"count":2,"href":"https:\/\/www.lebens-impuls-center.ch\/index.php?rest_route=\/wp\/v2\/pages\/56\/revisions"}],"predecessor-version":[{"id":913,"href":"https:\/\/www.lebens-impuls-center.ch\/index.php?rest_route=\/wp\/v2\/pages\/56\/revisions\/913"}],"up":[{"embeddable":true,"href":"https:\/\/www.lebens-impuls-center.ch\/index.php?rest_route=\/wp\/v2\/pages\/49"}],"wp:attachment":[{"href":"https:\/\/www.lebens-impuls-center.ch\/index.php?rest_route=%2Fwp%2Fv2%2Fmedia&parent=56"}],"curies":[{"name":"wp","href":"https:\/\/api.w.org\/{rel}","templated":true}]}}