{"id":49,"date":"2015-09-13T14:10:46","date_gmt":"2015-09-13T12:10:46","guid":{"rendered":"http:\/\/www.lebens-impuls-center.ch\/?page_id=49"},"modified":"2018-11-12T14:14:06","modified_gmt":"2018-11-12T13:14:06","slug":"therapieablauf","status":"publish","type":"page","link":"https:\/\/www.lebens-impuls-center.ch\/?page_id=49","title":{"rendered":"Beratung"},"content":{"rendered":"<blockquote><p>Wer sich die Zeit nimmt sich zu informieren,<\/p>\n<p>wird bewusst WAHR-nehmen,<\/p>\n<p>was das Richtige ist,<\/p>\n<p>f\u00fcr den n\u00e4chsten Schritt &#8230;.<\/p>\n<p>&nbsp;<\/p><\/blockquote>\n<p><em>Die Beratung ist dem LEBENS-IMPULS-CENTER\u00a0 einen wichtigen Teilaspekt. Hier finden Sie die unterschiedlichste Informationen \u00fcber <\/em><\/p>\n<p><em>die <a href=\"https:\/\/www.lebens-impuls-center.ch\/?page_id=376\">\u00d6ffnungszeiten<\/a><\/em><\/p>\n<p><em><a href=\"https:\/\/www.lebens-impuls-center.ch\/?page_id=91\">Voraussetzung einer erfolgreichen Begleitung<\/a><\/em><\/p>\n<p><em><a href=\"https:\/\/www.lebens-impuls-center.ch\/?page_id=254\">Ursprung einer Problematik<\/a><\/em><\/p>\n<p><em><a href=\"https:\/\/www.lebens-impuls-center.ch\/?page_id=56\">Erstgespr\u00e4ch<\/a><\/em><\/p>\n<p><em>\u00fcber das pers\u00f6nliche <a href=\"https:\/\/www.lebens-impuls-center.ch\/?page_id=59\">Therapiekonzept<\/a><\/em><\/p>\n<p><em><a href=\"https:\/\/www.lebens-impuls-center.ch\/?page_id=76\">Einzelsitzung<\/a><\/em><\/p>\n<p><em>was darf man bei <a href=\"https:\/\/www.lebens-impuls-center.ch\/?page_id=71\">Seminare<\/a>\u00a0 und\u00a0\u00a0<a href=\"https:\/\/www.lebens-impuls-center.ch\/?page_id=78\">Kursen<\/a> erwarten<\/em><\/p>\n<p><em>was f\u00fcr ein <a href=\"https:\/\/www.lebens-impuls-center.ch\/?page_id=239\">Preissystem<\/a> f\u00fchrt das LEBENS-IMPULS-CENTER<\/em><\/p>\n<p><em>und was sind immer wieder die gestellten <a href=\"https:\/\/www.lebens-impuls-center.ch\/?page_id=158\">Fragen und Antworten<\/a>.<\/em><\/p>\n<p>&nbsp;<\/p>\n<p><strong><em>Gerne d\u00fcrfen Sie mit dem LEBENS-IMPULS-CENTER\u00a0\u00a0<a href=\"https:\/\/www.lebens-impuls-center.ch\/?page_id=19\">Kontakt<\/a>\u00a0\u00a0 aufnehmen.<\/em><\/strong><\/p>\n<p>&nbsp;<\/p>\n<p>&nbsp;<\/p>\n<p>&nbsp;<\/p>\n","protected":false},"excerpt":{"rendered":"<p>Wer sich die Zeit nimmt sich zu informieren, wird bewusst WAHR-nehmen, was das Richtige ist, f\u00fcr den n\u00e4chsten Schritt &#8230;. &nbsp; Die Beratung ist dem LEBENS-IMPULS-CENTER\u00a0 einen wichtigen Teilaspekt. Hier finden Sie die unterschiedlichste Informationen \u00fcber die \u00d6ffnungszeiten Voraussetzung einer erfolgreichen Begleitung Ursprung einer Problematik Erstgespr\u00e4ch \u00fcber das pers\u00f6nliche Therapiekonzept Einzelsitzung was darf man bei [&hellip;]<\/p>\n","protected":false},"author":1,"featured_media":0,"parent":0,"menu_order":15,"comment_status":"closed","ping_status":"closed","template":"","meta":{"footnotes":""},"class_list":["post-49","page","type-page","status-publish","hentry"],"aioseo_notices":[],"_links":{"self":[{"href":"https:\/\/www.lebens-impuls-center.ch\/index.php?rest_route=\/wp\/v2\/pages\/49","targetHints":{"allow":["GET"]}}],"collection":[{"href":"https:\/\/www.lebens-impuls-center.ch\/index.php?rest_route=\/wp\/v2\/pages"}],"about":[{"href":"https:\/\/www.lebens-impuls-center.ch\/index.php?rest_route=\/wp\/v2\/types\/page"}],"author":[{"embeddable":true,"href":"https:\/\/www.lebens-impuls-center.ch\/index.php?rest_route=\/wp\/v2\/users\/1"}],"replies":[{"embeddable":true,"href":"https:\/\/www.lebens-impuls-center.ch\/index.php?rest_route=%2Fwp%2Fv2%2Fcomments&post=49"}],"version-history":[{"count":1,"href":"https:\/\/www.lebens-impuls-center.ch\/index.php?rest_route=\/wp\/v2\/pages\/49\/revisions"}],"predecessor-version":[{"id":911,"href":"https:\/\/www.lebens-impuls-center.ch\/index.php?rest_route=\/wp\/v2\/pages\/49\/revisions\/911"}],"wp:attachment":[{"href":"https:\/\/www.lebens-impuls-center.ch\/index.php?rest_route=%2Fwp%2Fv2%2Fmedia&parent=49"}],"curies":[{"name":"wp","href":"https:\/\/api.w.org\/{rel}","templated":true}]}}