{"id":472,"date":"2015-10-08T17:39:52","date_gmt":"2015-10-08T15:39:52","guid":{"rendered":"http:\/\/www.lebens-impuls-center.ch\/?page_id=472"},"modified":"2018-11-15T19:31:43","modified_gmt":"2018-11-15T18:31:43","slug":"persoenlichkeitsentwicklung","status":"publish","type":"page","link":"https:\/\/www.lebens-impuls-center.ch\/?page_id=472","title":{"rendered":"Pers\u00f6nlichkeitsentwicklung"},"content":{"rendered":"<blockquote><p>Erkenne wer Du bist,<\/p>\n<p>dann weisst Du,<\/p>\n<p>welches Deinen wahrhaftigen Weg ist!<\/p><\/blockquote>\n<p>&nbsp;<\/p>\n<p><em>Jeder Mensch ist ein Teil vom gesamten System des Universums. Jedes einzelne Teilst\u00fcck entspringt von der All-Umfassender-Sch\u00f6pfungskraft oder man kann es auch benennen, aus dem reinen unendlichen Geist, welches der Sch\u00f6pfer von allem ist.<br \/>\n<\/em><em>Man kann es sich so vorstellen:<br \/>\nJemanden hat eine Idee von einer Maschine. Zuerst werden die spezifischen einzelnen Teile hergestellt und nach der Ordnung\/Regeln des Funktionalen zusammen-GESEZT. Diese Maschine l\u00e4uft nur einwandfrei, wenn die Gesetze der Technik beachtet werden. Jedes noch so kleine Teilst\u00fcck hat seine Funktion und Aufgabe und es kann nur DAS zum grossen Ganzen beitragen, was wirklich seiner Entsprechung entspricht. Denn eine Schraube kann nicht die Aufgabe eines Zahnrades \u00fcbernehmen, SELBST-verst\u00e4ndlich gilt dies auch im umgekehrten Fall! Alles hat seine Wichtigkeit im ganzen System der Maschine. Was n\u00fctzt einer Schraube zu tr\u00e4umen, will toll das Zahnrad ist und sogar zu versuchen mit Biegen und Brechen sich so zu verhalten wie das Zahnrad. Es wird nie funktionieren! Verbiegt sich die Schraube, dann l\u00e4uft die Maschine nicht mehr!<br \/>\nWas erkennen wir aus diesem Beispiel, dass jeder Mensch, das individuelle Teilst\u00fcck, SEINE Aufgabe f\u00fcr das Funktionieren des gesamten Systems beisteuert!\u00a0 Sich seiner SELBST nicht bewusst-SEIN oder sich sogar versuchen zu verbiegen, nein, das tr\u00e4gt nichts zur universellen Harmonie z.B. einer Gesellschaft, einer Familie, einer Gruppe bei! Erst wenn alle in-SICH wichtigen Teilst\u00fccke eines Systems weiss, was SEINE WAHRE Aufgabe ist, erst dann ist die Funktion vollst\u00e4ndig im Fluss!<br \/>\nWenn alle mithelfen, so profitiert jedes einzelne St\u00fcck vom Gesamten! <\/em><\/p>\n<p><em>\u00a0<\/em><\/p>\n<p><em>Brauchen Sie Unterst\u00fctzung beim Finden Ihrer Aufgabe, bei welcher Sie einfach durch das SELBSTSEIN im System befriedigt dem Weg des Lebens folgen k\u00f6nnen mit all seinen unendlichen M\u00f6glichkeiten wie z.B. dem genussvollen Leben, so d\u00fcrfen Sie sich mit dem LEBENS-IMPULS-CENTER in\u00a0 <strong><a href=\"https:\/\/www.lebens-impuls-center.ch\/?page_id=19\">Kontakt<\/a> <\/strong>setzen.<\/em><\/p>\n<p><em>Bei Fragen &amp; Unklarheiten, bei Ausk\u00fcnfte oder f\u00fcr einen Termin setzen Sie sich mit dem LEBENS-IMPULS-CENTER in Verbindung:<\/em><\/p>\n<p><em><strong>E-Mail:\u00a0<\/strong>\u00a0\u00a0\u00a0\u00a0\u00a0\u00a0 <strong>info@lebens-impuls-center.ch<\/strong><\/em><\/p>\n<p><em><strong>Mobile:<\/strong>\u00a0\u00a0\u00a0\u00a0\u00a0 <strong>079 869 48 56<\/strong><br \/>\n<\/em><\/p>\n<p>&nbsp;<\/p>\n","protected":false},"excerpt":{"rendered":"<p>Erkenne wer Du bist, dann weisst Du, welches Deinen wahrhaftigen Weg ist! &nbsp; Jeder Mensch ist ein Teil vom gesamten System des Universums. Jedes einzelne Teilst\u00fcck entspringt von der All-Umfassender-Sch\u00f6pfungskraft oder man kann es auch benennen, aus dem reinen unendlichen Geist, welches der Sch\u00f6pfer von allem ist. Man kann es sich so vorstellen: Jemanden hat [&hellip;]<\/p>\n","protected":false},"author":2,"featured_media":0,"parent":13,"menu_order":0,"comment_status":"closed","ping_status":"closed","template":"","meta":{"footnotes":""},"class_list":["post-472","page","type-page","status-publish","hentry"],"aioseo_notices":[],"_links":{"self":[{"href":"https:\/\/www.lebens-impuls-center.ch\/index.php?rest_route=\/wp\/v2\/pages\/472","targetHints":{"allow":["GET"]}}],"collection":[{"href":"https:\/\/www.lebens-impuls-center.ch\/index.php?rest_route=\/wp\/v2\/pages"}],"about":[{"href":"https:\/\/www.lebens-impuls-center.ch\/index.php?rest_route=\/wp\/v2\/types\/page"}],"author":[{"embeddable":true,"href":"https:\/\/www.lebens-impuls-center.ch\/index.php?rest_route=\/wp\/v2\/users\/2"}],"replies":[{"embeddable":true,"href":"https:\/\/www.lebens-impuls-center.ch\/index.php?rest_route=%2Fwp%2Fv2%2Fcomments&post=472"}],"version-history":[{"count":2,"href":"https:\/\/www.lebens-impuls-center.ch\/index.php?rest_route=\/wp\/v2\/pages\/472\/revisions"}],"predecessor-version":[{"id":984,"href":"https:\/\/www.lebens-impuls-center.ch\/index.php?rest_route=\/wp\/v2\/pages\/472\/revisions\/984"}],"up":[{"embeddable":true,"href":"https:\/\/www.lebens-impuls-center.ch\/index.php?rest_route=\/wp\/v2\/pages\/13"}],"wp:attachment":[{"href":"https:\/\/www.lebens-impuls-center.ch\/index.php?rest_route=%2Fwp%2Fv2%2Fmedia&parent=472"}],"curies":[{"name":"wp","href":"https:\/\/api.w.org\/{rel}","templated":true}]}}