{"id":45,"date":"2015-09-13T14:01:28","date_gmt":"2015-09-13T12:01:28","guid":{"rendered":"http:\/\/www.lebens-impuls-center.ch\/?page_id=45"},"modified":"2015-10-13T21:28:51","modified_gmt":"2015-10-13T19:28:51","slug":"anliegenaufstellung","status":"publish","type":"page","link":"https:\/\/www.lebens-impuls-center.ch\/?page_id=45","title":{"rendered":"Anliegenaufstellung"},"content":{"rendered":"<blockquote><p>Vereinnahmt eine Problematik das Leben eines Menschen voll,<\/p>\n<p>ist die Zeit gekommen,<\/p>\n<p>das dahintersteckende Geheimnis zu l\u00fcften<\/p>\n<p>und es in St\u00e4rke umzuwandeln!<\/p><\/blockquote>\n<p>&nbsp;<\/p>\n<p><em>Mit der Methode der Anliegen-Aufstellung darf man die Hintergr\u00fcnde von einer Problematik anschauen, die Disharmonie der Ordnung wird wieder hergestellt und der Weg des L\u00f6sungsprozesses mit der neugewonnenen inneren Haltung weitergef\u00fchrt. Durch das bewusste Anschauen hat sich die Sicht-Weise zu etwas ver\u00e4ndert, die L\u00fccke zwischen intellektueller Erkenntnis und der gef\u00fchlten Erfahrungen wurde miteinander verbunden; damit wird ein entwicklungsreiches Potential geschaffen, welches angezapft werden kann.\u00a0 <\/em><\/p>\n<p>&nbsp;<\/p>\n<h5><strong>was kann man alles als Anliegen aufstellen&#8230;..<\/strong><\/h5>\n<p><em>Bei dieser Form der systemischen Arbeit k\u00f6nnen Sie alles, was Sie derzeit bewegt und Sie gerne ver\u00e4ndert haben m\u00f6chten in einer Gruppe oder bei der Einzelbegleitung aufstellen, um so alles sichtbar zu machen, was f\u00fcr den gew\u00fcnschten Wandel notwendig ist.<\/em><\/p>\n<p><em>Hier kann man unter anderem Berufsschwierigkeiten (Arbeitsplatz, Arbeitsklima, Personalentscheidungen, Mitarbeitermotivationen, Chefthematik, Mobbing, Arbeitslosigkeit, berufliche Ziele gelingen nie usw.), \u00fcbertriebenes Pflichtgef\u00fchl, Unterwerfung, Abh\u00e4ngigkeiten, Beziehungsproblematik (Eltern- Kind, Partnerschaften, Arbeitsbeziehungen, Schule usw.), &#8222;unsinnige&#8220; belastende immer wiederkehrende Verhaltensweisen, Glaubenss\u00e4tze, Gef\u00fchle, Krankheiten, Bef\u00fcrchtungen, \u00c4ngste, Pr\u00fcfungen, Entscheidungen, Produkteinf\u00fchrungen, Herausfinden der Wirkung auf die Kunden einer Dienstleistung oder eines Produktes, Auftr\u00e4ge, Schuldgef\u00fchle, Konfliktstoffe, Gewaltbereitschaft, Suchtproblematik, Gedankenmuster, Dynamiken und\u00a0 und\u00a0 und\u00a0 und\u00a0 und\u00a0 vieles mehr; diese Dinge kann man mit einem erweiternden Blickwinkel neu betrachten. Dabei spielt es keine Rolle, ob es etwas von der Vergangenheit, Gegenwart oder Zukunft betrifft, der urspr\u00fcngliche Zeitfaktor hat keinen Einfluss bei der Bereinigung des Systems und dem daraus entstehende Endergebnis. <\/em><\/p>\n<p><em>Erstaunlicher Weise treten oft Gef\u00fchle und Verhaltensweisen von Vorfahren zutage, welche von uns als ihre Nachkommen stillschweigend und unbewusst \u00fcbernommen wurden; dabei handelt es sich oft um von l\u00e4ngst verstorbenen Familienmitgliedern, die man nie pers\u00f6nlich kennen lernte oder deren Existenz verschwiegen wurde (Abtreibungen, Fehlgeburten, fr\u00fch Verstorbene, ausgeschlossene Familienmitglieder, etc.). Deren Gef\u00fchle wirken aber unbewusst weiter und steuern oft ein Leben lang die Verhaltensweisen jener Nachkommen, die diese sogenannten Verstrickungen unbewusst tragen. Durch diese systemische Arbeit kann diese unterschwellig wirkende Beeinflussung aufgedeckt werden und die notwendige Richtigkeit des Systems wieder hergestellt werden. Die hilfesuchende betroffene Person kann durch diese Aufl\u00f6sung der Verstrickung befreit werden und viele Blockierungen vom Alltag l\u00f6sen sich pl\u00f6tzlich auf! Das Leben kommt wieder in den Fluss!<\/em><\/p>\n<p>&nbsp;<\/p>\n<h5><strong><a href=\"https:\/\/www.lebens-impuls-center.ch\/?page_id=424\">Anmeldeformular f\u00fcr ein Aufstellungsseminar&#8230;..<\/a><\/strong><\/h5>\n<p><strong>\u00a0<\/strong><\/p>\n<p>&nbsp;<\/p>\n","protected":false},"excerpt":{"rendered":"<p>Vereinnahmt eine Problematik das Leben eines Menschen voll, ist die Zeit gekommen, das dahintersteckende Geheimnis zu l\u00fcften und es in St\u00e4rke umzuwandeln! &nbsp; Mit der Methode der Anliegen-Aufstellung darf man die Hintergr\u00fcnde von einer Problematik anschauen, die Disharmonie der Ordnung wird wieder hergestellt und der Weg des L\u00f6sungsprozesses mit der neugewonnenen inneren Haltung weitergef\u00fchrt. Durch [&hellip;]<\/p>\n","protected":false},"author":1,"featured_media":0,"parent":15,"menu_order":0,"comment_status":"closed","ping_status":"closed","template":"","meta":{"footnotes":""},"class_list":["post-45","page","type-page","status-publish","hentry"],"aioseo_notices":[],"_links":{"self":[{"href":"https:\/\/www.lebens-impuls-center.ch\/index.php?rest_route=\/wp\/v2\/pages\/45","targetHints":{"allow":["GET"]}}],"collection":[{"href":"https:\/\/www.lebens-impuls-center.ch\/index.php?rest_route=\/wp\/v2\/pages"}],"about":[{"href":"https:\/\/www.lebens-impuls-center.ch\/index.php?rest_route=\/wp\/v2\/types\/page"}],"author":[{"embeddable":true,"href":"https:\/\/www.lebens-impuls-center.ch\/index.php?rest_route=\/wp\/v2\/users\/1"}],"replies":[{"embeddable":true,"href":"https:\/\/www.lebens-impuls-center.ch\/index.php?rest_route=%2Fwp%2Fv2%2Fcomments&post=45"}],"version-history":[{"count":0,"href":"https:\/\/www.lebens-impuls-center.ch\/index.php?rest_route=\/wp\/v2\/pages\/45\/revisions"}],"up":[{"embeddable":true,"href":"https:\/\/www.lebens-impuls-center.ch\/index.php?rest_route=\/wp\/v2\/pages\/15"}],"wp:attachment":[{"href":"https:\/\/www.lebens-impuls-center.ch\/index.php?rest_route=%2Fwp%2Fv2%2Fmedia&parent=45"}],"curies":[{"name":"wp","href":"https:\/\/api.w.org\/{rel}","templated":true}]}}