{"id":376,"date":"2015-10-06T13:23:17","date_gmt":"2015-10-06T11:23:17","guid":{"rendered":"http:\/\/www.lebens-impuls-center.ch\/?page_id=376"},"modified":"2018-11-12T17:26:45","modified_gmt":"2018-11-12T16:26:45","slug":"oeffnungszeiten","status":"publish","type":"page","link":"https:\/\/www.lebens-impuls-center.ch\/?page_id=376","title":{"rendered":"\u00d6ffnungszeiten"},"content":{"rendered":"<h5><strong>Telefonische Auskunft und Terminvereinbarungen&#8230;..<\/strong><\/h5>\n<p><em><strong>\u00bb Montag<\/strong> bis <strong>Freitag: Vormittags<\/strong> von 8:15 bis 11:30 Uhr <\/em><em>und <strong>Nachmittags <\/strong>von 13:00 bis 17:30 Uhr<\/em><\/p>\n<p><em>Kann in einem Moment das Telefon nicht bedient werden, so bitten wir Sie, dass Sie es sp\u00e4ter nochmals versuchen. Es besteht aber auch die M\u00f6glichkeit der schriftlichen Kontaktaufnahme per Mobile-Nachrichten: 079 869 48 56, \u00fcber die E-Mailadresse: info@lebens-impuls-center.ch oder direkt hier \u00fcber dieses\u00a0 <a href=\"https:\/\/www.lebens-impuls-center.ch\/?page_id=19\">Kontaktformular<\/a>. \u00dcber den schriftlichen Weg darf jeder Zeit probiert werden.<\/em><\/p>\n<p><em>Das LEBENS-IMPULS-CENTER ist stets bem\u00fcht, bei verpasstem Anruf so bald wie m\u00f6glich Sie zur\u00fcckzurufen. H\u00f6ren Sie, aus welchen Gr\u00fcnden auch immer, mehr als einer Woche nichts vom LEBENS-IMPULS-CENTER so bitten wir Sie, dass Sie nochmals erneut Kontakt aufnehmen.<\/em><\/p>\n<p><em><strong>\u00bb Termine: <\/strong><\/em><em>Die Termine werden durch pers\u00f6nlichen\u00a0<a href=\"https:\/\/www.lebens-impuls-center.ch\/?page_id=19\">Kontakt<\/a> miteinander festgelegt.<\/em><\/p>\n<p>&nbsp;<\/p>\n<p>&nbsp;<\/p>\n<h5><em><strong>M\u00f6gliche Terminvereinbarungen&#8230;..<\/strong><\/em><\/h5>\n<p><em>\u00bb <strong>Dienstagvormittag<\/strong> von 8:15 bis 11:15 Uhr<br \/>\n<\/em><\/p>\n<p><em>\u00bb <strong>Mittwochvormittag<\/strong> von 8:15 bis 11:15 Uhr<br \/>\n<\/em><br \/>\n<em>\u00bb <strong>Donnerstagvormittag<\/strong> von 8:15 bis 11:15 Uhr<br \/>\n<\/em><br \/>\n<em>\u00bb <strong>Freitagvormittag<\/strong> von 8:15 bis 11:15 Uhr<br \/>\n<\/em><br \/>\n<em>\u00bb zwischenzeitlich auch <strong>Samstag<\/strong> von 9:30 bis 12:00 Uhr<\/em><br \/>\n<em>\u00bb bei dringenden Notf\u00e4llen, besteht zwischendurch die M\u00f6glichkeit, ausserhalb der \u00d6ffnungszeiten einen Termin wahrzunehmen.<\/em><\/p>\n<p>&nbsp;<\/p>\n<p>&nbsp;<\/p>\n<h5><strong>Termine&#8230;..<\/strong><\/h5>\n<p><em>Die Termine werden durch pers\u00f6nlichen\u00a0<a href=\"https:\/\/www.lebens-impuls-center.ch\/?page_id=19\">Kontakt<\/a> miteinander festgelegt.<\/em><\/p>\n<p><em><strong>Mobile:\u00a0\u00a0\u00a0\u00a0\u00a0\u00a0\u00a0\u00a0 079 869 48 56<\/strong><\/em><\/p>\n<p><em><strong>E-Mail:<\/strong>\u00a0\u00a0\u00a0\u00a0\u00a0\u00a0\u00a0\u00a0<strong> info@lebens-impuls-center.ch<\/strong><\/em><\/p>\n","protected":false},"excerpt":{"rendered":"<p>Telefonische Auskunft und Terminvereinbarungen&#8230;.. \u00bb Montag bis Freitag: Vormittags von 8:15 bis 11:30 Uhr und Nachmittags von 13:00 bis 17:30 Uhr Kann in einem Moment das Telefon nicht bedient werden, so bitten wir Sie, dass Sie es sp\u00e4ter nochmals versuchen. Es besteht aber auch die M\u00f6glichkeit der schriftlichen Kontaktaufnahme per Mobile-Nachrichten: 079 869 48 56, [&hellip;]<\/p>\n","protected":false},"author":2,"featured_media":0,"parent":49,"menu_order":0,"comment_status":"closed","ping_status":"closed","template":"","meta":{"footnotes":""},"class_list":["post-376","page","type-page","status-publish","hentry"],"aioseo_notices":[],"_links":{"self":[{"href":"https:\/\/www.lebens-impuls-center.ch\/index.php?rest_route=\/wp\/v2\/pages\/376","targetHints":{"allow":["GET"]}}],"collection":[{"href":"https:\/\/www.lebens-impuls-center.ch\/index.php?rest_route=\/wp\/v2\/pages"}],"about":[{"href":"https:\/\/www.lebens-impuls-center.ch\/index.php?rest_route=\/wp\/v2\/types\/page"}],"author":[{"embeddable":true,"href":"https:\/\/www.lebens-impuls-center.ch\/index.php?rest_route=\/wp\/v2\/users\/2"}],"replies":[{"embeddable":true,"href":"https:\/\/www.lebens-impuls-center.ch\/index.php?rest_route=%2Fwp%2Fv2%2Fcomments&post=376"}],"version-history":[{"count":3,"href":"https:\/\/www.lebens-impuls-center.ch\/index.php?rest_route=\/wp\/v2\/pages\/376\/revisions"}],"predecessor-version":[{"id":935,"href":"https:\/\/www.lebens-impuls-center.ch\/index.php?rest_route=\/wp\/v2\/pages\/376\/revisions\/935"}],"up":[{"embeddable":true,"href":"https:\/\/www.lebens-impuls-center.ch\/index.php?rest_route=\/wp\/v2\/pages\/49"}],"wp:attachment":[{"href":"https:\/\/www.lebens-impuls-center.ch\/index.php?rest_route=%2Fwp%2Fv2%2Fmedia&parent=376"}],"curies":[{"name":"wp","href":"https:\/\/api.w.org\/{rel}","templated":true}]}}