{"id":359,"date":"2015-10-05T20:56:55","date_gmt":"2015-10-05T18:56:55","guid":{"rendered":"http:\/\/www.lebens-impuls-center.ch\/?page_id=359"},"modified":"2018-05-17T17:43:01","modified_gmt":"2018-05-17T15:43:01","slug":"daten-und-kosten-von-den-systemischen-aufstellungen","status":"publish","type":"page","link":"https:\/\/www.lebens-impuls-center.ch\/?page_id=359","title":{"rendered":"Daten und Kosten von den systemischen Aufstellungen"},"content":{"rendered":"<h5><strong>geplante Aufstellungstagesseminare&#8230;..<\/strong><\/h5>\n<p><em><strong>Daten folgen&#8230;<br \/>\n<\/strong><\/em><\/p>\n<p>&nbsp;<\/p>\n<h5><\/h5>\n<h5><strong>Kosten f\u00fcr ein Aufstellungstagesseminar&#8230;..<br \/>\n<\/strong><\/h5>\n<p><em>Das Aufstellungstagesseminar bel\u00e4uft sich von 9:45 bis ca. 18:00 Uhr <\/em><\/p>\n<p><em>Die Preise beinhalten die Getr\u00e4nke und Snacks von den Pausen exkl. Mittagessen.<\/em><\/p>\n<p><em><br \/>\n<\/em><\/p>\n<p>&nbsp;<\/p>\n<p><strong><em>CHF 190.-\u00a0 <\/em><\/strong><em>eigene Aufstellung inkl. kostenloser Begleitperson und wenn notwendig ein Vorgespr\u00e4ch.<br \/>\n(Der Aufstellende darf zus\u00e4tzlich bei einem weiteren Aufstellungsseminar gratis als StellvertreterIn dabei sein.)<br \/>\n<\/em><\/p>\n<p><em><strong>CHF\u00a0 80.-\u00a0 <\/strong>als StellvertreterIn oder BeobachterIn<\/em><\/p>\n<p><strong><br \/>\n<\/strong><\/p>\n<h5><\/h5>\n<h5><strong>Anmeldeformular f\u00fcr ein Aufstellungsseminar&#8230;..<\/strong><\/h5>\n<p>&nbsp;<\/p>\n<p>&nbsp;<\/p>\n<h5><strong>Kosten f\u00fcr eine Einzelaufstellung&#8230;..<\/strong><\/h5>\n<p><em>Bei der Einzelaufstellung erh\u00e4lt der\/die KlientIn die M\u00f6glichkeit in einem kleinen Rahmen alleine mit der tiefenpsychologischen Systemmentorin eine eigene Aufstellung abzuhalten. Empfehlenswert ist, dass eine Begleitperson mitgebracht wird (diese ist nat\u00fcrlich kostenlos)<br \/>\n<\/em><\/p>\n<p><em>F\u00fcr eine Einzelaufstellung muss\u00a0 <strong>1 1\/2h bis 2h<\/strong> Zeit eingerechnet werden, je nach Komplexit\u00e4t des Anliegens. <\/em><\/p>\n<p><em>Der Tarif bel\u00e4uft sich bei\u00a0\u00a0 <strong>CHF\u00a0 120.-\u00a0<\/strong> pro Stunde.\u00a0 Bei finanziellen H\u00e4rtef\u00e4llen kann \u00fcber einen angepassten Preis verhandelt werden.<br \/>\n<\/em><\/p>\n<p>&nbsp;<\/p>\n<p><em>Bei Interessen nehmen Sie\u00a0Kontakt\u00a0 auf mit dem LEBENS-IMPULS-CENTER <\/em><\/p>\n","protected":false},"excerpt":{"rendered":"<p>geplante Aufstellungstagesseminare&#8230;.. Daten folgen&#8230; &nbsp; Kosten f\u00fcr ein Aufstellungstagesseminar&#8230;.. Das Aufstellungstagesseminar bel\u00e4uft sich von 9:45 bis ca. 18:00 Uhr Die Preise beinhalten die Getr\u00e4nke und Snacks von den Pausen exkl. Mittagessen. &nbsp; CHF 190.-\u00a0 eigene Aufstellung inkl. kostenloser Begleitperson und wenn notwendig ein Vorgespr\u00e4ch. (Der Aufstellende darf zus\u00e4tzlich bei einem weiteren Aufstellungsseminar gratis als StellvertreterIn [&hellip;]<\/p>\n","protected":false},"author":2,"featured_media":0,"parent":15,"menu_order":0,"comment_status":"closed","ping_status":"closed","template":"","meta":{"footnotes":""},"class_list":["post-359","page","type-page","status-publish","hentry"],"aioseo_notices":[],"_links":{"self":[{"href":"https:\/\/www.lebens-impuls-center.ch\/index.php?rest_route=\/wp\/v2\/pages\/359","targetHints":{"allow":["GET"]}}],"collection":[{"href":"https:\/\/www.lebens-impuls-center.ch\/index.php?rest_route=\/wp\/v2\/pages"}],"about":[{"href":"https:\/\/www.lebens-impuls-center.ch\/index.php?rest_route=\/wp\/v2\/types\/page"}],"author":[{"embeddable":true,"href":"https:\/\/www.lebens-impuls-center.ch\/index.php?rest_route=\/wp\/v2\/users\/2"}],"replies":[{"embeddable":true,"href":"https:\/\/www.lebens-impuls-center.ch\/index.php?rest_route=%2Fwp%2Fv2%2Fcomments&post=359"}],"version-history":[{"count":3,"href":"https:\/\/www.lebens-impuls-center.ch\/index.php?rest_route=\/wp\/v2\/pages\/359\/revisions"}],"predecessor-version":[{"id":907,"href":"https:\/\/www.lebens-impuls-center.ch\/index.php?rest_route=\/wp\/v2\/pages\/359\/revisions\/907"}],"up":[{"embeddable":true,"href":"https:\/\/www.lebens-impuls-center.ch\/index.php?rest_route=\/wp\/v2\/pages\/15"}],"wp:attachment":[{"href":"https:\/\/www.lebens-impuls-center.ch\/index.php?rest_route=%2Fwp%2Fv2%2Fmedia&parent=359"}],"curies":[{"name":"wp","href":"https:\/\/api.w.org\/{rel}","templated":true}]}}