{"id":28,"date":"2015-09-13T13:27:06","date_gmt":"2015-09-13T11:27:06","guid":{"rendered":"http:\/\/www.lebens-impuls-center.ch\/?page_id=28"},"modified":"2019-12-03T14:02:42","modified_gmt":"2019-12-03T13:02:42","slug":"home","status":"publish","type":"page","link":"https:\/\/www.lebens-impuls-center.ch\/","title":{"rendered":"Home"},"content":{"rendered":"<blockquote><p>Die Kunst des Lebens ist,<\/p>\n<p>aus allen M\u00f6glichkeiten,<\/p>\n<p>das herausholen,<\/p>\n<p>so dass das Leben besonders lebenswert ist!<\/p><\/blockquote>\n<h3><\/h3>\n<h3><em><strong>Herzlich willkommen beim LEBENS-IMPULS-CENTER<br \/>\n<\/strong><\/em><\/h3>\n<p><a href=\"https:\/\/www.lebens-impuls-center.ch\/wp-content\/uploads\/2018\/11\/Free-Flow-Energy.jpg\"><img loading=\"lazy\" decoding=\"async\" class=\"size-medium wp-image-916 alignleft\" src=\"https:\/\/www.lebens-impuls-center.ch\/wp-content\/uploads\/2018\/11\/Free-Flow-Energy-298x300.jpg\" alt=\"\" width=\"298\" height=\"300\" srcset=\"https:\/\/www.lebens-impuls-center.ch\/wp-content\/uploads\/2018\/11\/Free-Flow-Energy-298x300.jpg 298w, https:\/\/www.lebens-impuls-center.ch\/wp-content\/uploads\/2018\/11\/Free-Flow-Energy-150x150.jpg 150w, https:\/\/www.lebens-impuls-center.ch\/wp-content\/uploads\/2018\/11\/Free-Flow-Energy-768x773.jpg 768w, https:\/\/www.lebens-impuls-center.ch\/wp-content\/uploads\/2018\/11\/Free-Flow-Energy.jpg 886w\" sizes=\"auto, (max-width: 298px) 100vw, 298px\" \/><\/a><\/p>\n<p><em><strong><span style=\"color: #ff0000;\">WELTNEUHEIT:<\/span> &#8222;Free Flow Energy&#8220;<\/strong><\/em><\/p>\n<p><em><strong>Es freut mich au\u00dferordentlich, dass das LEBENS-IMPULS-CENTER nun das bisher weltweit einmalige &#8222;Free Flow Energy-System&#8220;\u00a0 als wertvolles zeitgeistiges Angebot anbieten darf. <\/strong><\/em><\/p>\n<p><em><strong>Free Flow Energy ist ein revolution\u00e4res Entwicklungs-Werkzeug der neuen Energiearbeit, welches immer den ganzheitlichen gesunden Lebensaspekt in sich vereint und somit die M\u00f6glichkeit der Heilung in sich tr\u00e4gt. Genau dies braucht es jetzt in unserem aktuellen Welt-\/Erdenwandel, bei welchem nichts mehr garantiert und sicher ist. \u00dcber das individuell pers\u00f6nliche Klang- und Farbfrequenzenmuster von Free Flow Energy-System bekommt der Mensch\/Tier\/Lebewesen den so lebensnotwendigen gesunden Halt in der so schnell ver\u00e4nderbaren Lebensbegebenheiten des Alltages. <a href=\"https:\/\/www.lebens-impuls-center.ch\/?page_id=936\" target=\"_blank\" rel=\"noopener noreferrer\">Weitere Informationen und die unterst\u00fctzenden Sitzungsangebote<\/a><\/strong><strong><br \/>\n<\/strong><\/em><\/p>\n<p><em><strong>Der Entwickler von &#8222;Free Flow Energy&#8220; Andreas Klinksiek ist auch der Gr\u00fcnder von der Akademie der Harmonik in \u00d6sterreich. Wer selber mit der Software &#8222;Free Flow Energy&#8220; arbeiten m\u00f6chte, sowie als zeitgem\u00e4sses Energiearbeitswerkzeug die eigenen Klienten begleiten m\u00f6chte, kann bei der Akademie der Harmonik den Online-Ausbildungs-Lehrgang als SchwingungsEnergetikerIn absolvieren. <a href=\"https:\/\/time21.info\/licht-und-klangtherapeutische-ausbildung\/\" target=\"_blank\" rel=\"noopener noreferrer\">Weitere Informationen \u00fcber die Ausbildung als SchwingungsEnergetikerIn bei der Akademie der Harmonik<\/a><\/strong><\/em><em>. <strong>Diesen Ausbildungslehrgang kann \u00fcber das LEBENS-IMPULS-CENTER gebucht werden und \u00fcbernimmt schweizweit die notwendige Betreuungsaufgaben. <\/strong><br \/>\n<\/em><\/p>\n<h5><strong>\u00d6ffnungszeiten&#8230;..<\/strong><\/h5>\n<p><em><strong>Telefonische Auskunft und Terminvereinbarungen:<\/strong><\/em><\/p>\n<p><em><strong>\u00bb Montag<\/strong> bis <strong>Freitag: Vormittags<\/strong> von 8:15 bis 11:30 Uhr <\/em><em>und <strong>Nachmittags <\/strong>von 13:00 bis 17:30 Uhr<\/em><\/p>\n<p><em>Kann in einem Moment das Telefon nicht bedient werden, so bitten wir Sie, dass Sie es sp\u00e4ter nochmals versuchen. Es besteht aber auch die M\u00f6glichkeit der schriftlichen Kontaktaufnahme per Mobile-Nachrichten: 079 869 48 56, \u00fcber die E-Mailadresse: info@lebens-impuls-center.ch oder direkt hier \u00fcber dieses\u00a0 <a href=\"https:\/\/www.lebens-impuls-center.ch\/?page_id=19\">Kontaktformular<\/a>. \u00dcber den schriftlichen Weg darf jeder Zeit probiert werden.<\/em><\/p>\n<p><em>Das LEBENS-IMPULS-CENTER ist stets bem\u00fcht, bei verpasstem Anruf so bald wie m\u00f6glich Sie zur\u00fcckzurufen. H\u00f6ren Sie, aus welchen Gr\u00fcnden auch immer, mehr als einer Woche nichts vom LEBENS-IMPULS-CENTER so bitten wir Sie, dass Sie nochmals erneut Kontakt aufnehmen.<\/em><\/p>\n<p><em><strong>\u00bb Termine: <\/strong><\/em><em>Die Termine werden durch pers\u00f6nlichen\u00a0<a href=\"https:\/\/www.lebens-impuls-center.ch\/?page_id=19\">Kontakt<\/a> miteinander festgelegt.<br \/>\n<\/em><\/p>\n<h5><\/h5>\n<h5><strong>Preise&#8230;..<\/strong><\/h5>\n<p><em>Das LEBENS-IMPULS-CENTER m\u00f6cht jeder Person die M\u00f6glichkeit geben, die Hilfe und Unterst\u00fctzung holen zu k\u00f6nnen, egal in welchen finanziellen Verh\u00e4ltnisse man gerade steckt. Daher kann bei finanziellen H\u00e4rtef\u00e4llen \u00fcber einen angepassten Tarif verhandelt werden. <\/em><\/p>\n<p><em>Mit dem\u00a0 <a href=\"https:\/\/www.lebens-impuls-center.ch\/?page_id=239\">Preis<\/a> \u00a0\u00a0 wird der notwendige Ausgleich geschaffen.<\/em><\/p>\n<h5><strong>Gutscheine &#8211; Freude des Verschenkens&#8230;..<\/strong><\/h5>\n<p><em>Das LEBENS-IMPULS-CENTER hat aktuell\u00a0 <a href=\"https:\/\/www.lebens-impuls-center.ch\/?page_id=631\" target=\"_blank\" rel=\"noopener noreferrer\">Gutscheine<\/a> in der H\u00f6he von jeweils CHF 50.-, welche in unterschiedlicher Anzahl ausgeh\u00e4ndigt werden kann.<br \/>\nDiese Gutscheine k\u00f6nnen bei allen Angeboten vom LEBENS-IMPULS-CENTER eingesetzt werden.<\/em><\/p>\n<p>Bin mir sicher, dass f\u00fcr jede beschenkte Person garantiert etwas gefunden wird, bei welchem das LEBENS-IMPULS-CENTER ihren wertsch\u00e4tzenden Dienst leisten kann.<br \/>\nManchmal ist einfach ein vorg\u00e4ngiges pers\u00f6nliches Gespr\u00e4ch am Telefon notwendig, so dass gemeinsam herausgefunden werden kann, welches Angebot dem Beschenkten gerade am Meisten dient.<\/p>\n<h5><em><strong>Weitere Angebote vom LEBENS-IMPULS-CENTER&#8230;..<\/strong><\/em><\/h5>\n<p><a href=\"https:\/\/www.lebens-impuls-center.ch\/wp-content\/uploads\/2015\/09\/P1060531.jpg\"><img loading=\"lazy\" decoding=\"async\" class=\"wp-image-334 size-medium alignleft\" src=\"https:\/\/www.lebens-impuls-center.ch\/wp-content\/uploads\/2015\/09\/P1060531-300x225.jpg\" alt=\"\" width=\"300\" height=\"225\" srcset=\"https:\/\/www.lebens-impuls-center.ch\/wp-content\/uploads\/2015\/09\/P1060531-300x225.jpg 300w, https:\/\/www.lebens-impuls-center.ch\/wp-content\/uploads\/2015\/09\/P1060531-1024x768.jpg 1024w\" sizes=\"auto, (max-width: 300px) 100vw, 300px\" \/><\/a><strong><em><span style=\"color: #000000;\">\u00bb <\/span>unser selbsterstelltes Bilderbuch\u00a0 <a href=\"https:\/\/www.lebens-impuls-center.ch\/?page_id=851&amp;preview=true\">\u201eWo sind die Farben? Eine schwarz-wei\u00dfe Welt wird bunt\u201c<\/a> von Anita von Ah &amp; Katrin von Ah-Tschirky<br \/>\n<\/em><\/strong><\/p>\n<p><strong><em>\u00bb Paartherapie<br \/>\n<\/em><\/strong><\/p>\n<p><strong><em>\u00bb<\/em> <em>Familienbegleitung<\/em><\/strong><\/p>\n<p><strong><em>\u00bb Lebensbegleitung bei Krisen und Schwierigkeiten<br \/>\n<\/em><\/strong><\/p>\n<p><strong><em>\u00bb<\/em> <em>Unterst\u00fctzung bei der Pers\u00f6nlichkeitsentwicklung<br \/>\n<\/em><\/strong><\/p>\n<p><strong><em>\u00bb<\/em> <em>Hilfe bei Entscheidungsfragen<\/em><\/strong><\/p>\n<p><strong><em>\u00bb systemische Aufstellungsarbeit, wie Familienstellen, Anliegen-, Organisations- und Systemaufstellungen in der Gruppe und in Einzelsitzung <a href=\"https:\/\/www.lebens-impuls-center.ch\/?page_id=213\">Info<\/a><\/em><\/strong><\/p>\n<p><strong><em>\u00bb<\/em> <em>Suchttherapie <a href=\"https:\/\/www.lebens-impuls-center.ch\/?page_id=152\">Info<\/a><\/em><\/strong><\/p>\n<p><strong><em>\u00bb<\/em> <em>Kurse f\u00fcr Kinder: Sich selber und die Welt verstehen lernen und die einfache Umsetzung der Integration im eigenen Leben <a href=\"https:\/\/www.lebens-impuls-center.ch\/?page_id=110\">Info\u00a0<\/a><\/em><\/strong><\/p>\n<p><strong><em>\u00a0<\/em><\/strong><\/p>\n<h5><strong>Auskunft&#8230;..<\/strong><\/h5>\n<p><em>Gerne erteilt Ihnen das LEBENS-IMPULS-CENTER pers\u00f6nlich weitere Ausk\u00fcnfte. Mit dem folgenden <a href=\"https:\/\/www.lebens-impuls-center.ch\/?page_id=19\" target=\"_blank\" rel=\"noopener noreferrer\">Kontaktformular<\/a> k\u00f6nnen Sie sich sofort an uns wenden. <strong>Bekommen Sie nach mehr als einer Woche keine R\u00fcckmeldung, dann bitte ich Sie um erneute Kontaktaufnahme.<\/strong><br \/>\n<\/em><\/p>\n<p><em><strong>E-Mail:<\/strong>\u00a0\u00a0\u00a0\u00a0\u00a0\u00a0\u00a0\u00a0<strong> info@lebens-impuls-center.ch<\/strong><\/em><\/p>\n<p><em><strong>Mobile:\u00a0\u00a0\u00a0\u00a0\u00a0\u00a0 079 869 48 56<\/strong><br \/>\n<\/em><\/p>\n<p><strong><em> Das LEBENS-IMPULS-CENTER w\u00fcnscht viel Spass beim Erforschen des Inhaltes und freut sich auf R\u00fcckmeldungen.<\/em><\/strong><br \/>\n<strong> <em> Sch\u00f6n ist, wenn wir die Eine oder der Andere mal pers\u00f6nlich bei einem Angebot begr\u00fcssen d\u00fcrfen.<br \/>\n<\/em><\/strong><\/p>\n<p><strong><em><span style=\"color: #808080;\">\u00a0 <a href=\"https:\/\/www.lebens-impuls-center.ch\/wp-content\/uploads\/2015\/09\/Herzlich-Willkommen.jpg\"><img loading=\"lazy\" decoding=\"async\" class=\"alignnone wp-image-369\" src=\"https:\/\/www.lebens-impuls-center.ch\/wp-content\/uploads\/2015\/09\/Herzlich-Willkommen-150x150.jpg\" alt=\"Herzlich Willkommen\" width=\"56\" height=\"56\" \/><\/a><\/span><span style=\"color: #808080;\">&#8211;<\/span><span style=\"color: #808080;\">lichen Dank f\u00fcr Ihren Besuch.<\/span><\/em><\/strong><\/p>\n<h5><strong>Kontaktformular&#8230;..<\/strong><\/h5>\n\n<div class=\"wpcf7 no-js\" id=\"wpcf7-f455-o1\" lang=\"de-DE\" dir=\"ltr\" data-wpcf7-id=\"455\">\n<div class=\"screen-reader-response\"><p role=\"status\" aria-live=\"polite\" aria-atomic=\"true\"><\/p> <ul><\/ul><\/div>\n<form action=\"\/index.php?rest_route=%2Fwp%2Fv2%2Fpages%2F28#wpcf7-f455-o1\" method=\"post\" class=\"wpcf7-form init\" aria-label=\"Kontaktformular\" novalidate=\"novalidate\" data-status=\"init\">\n<fieldset class=\"hidden-fields-container\"><input type=\"hidden\" name=\"_wpcf7\" value=\"455\" \/><input type=\"hidden\" name=\"_wpcf7_version\" value=\"6.1.5\" \/><input type=\"hidden\" name=\"_wpcf7_locale\" value=\"de_DE\" \/><input type=\"hidden\" name=\"_wpcf7_unit_tag\" value=\"wpcf7-f455-o1\" \/><input type=\"hidden\" name=\"_wpcf7_container_post\" value=\"0\" \/><input type=\"hidden\" name=\"_wpcf7_posted_data_hash\" value=\"\" \/>\n<\/fieldset>\n<p>Name (Pflichtfeld)\n<\/p>\n<p><span class=\"wpcf7-form-control-wrap\" data-name=\"your-name\"><input size=\"40\" maxlength=\"400\" class=\"wpcf7-form-control wpcf7-text wpcf7-validates-as-required\" aria-required=\"true\" aria-invalid=\"false\" value=\"\" type=\"text\" name=\"your-name\" \/><\/span>\n<\/p>\n<p>Vorname (Pflichtfeld)\n<\/p>\n<p><span class=\"wpcf7-form-control-wrap\" data-name=\"text-928\"><input size=\"40\" maxlength=\"400\" class=\"wpcf7-form-control wpcf7-text wpcf7-validates-as-required\" aria-required=\"true\" aria-invalid=\"false\" value=\"\" type=\"text\" name=\"text-928\" \/><\/span>\n<\/p>\n<p>Strasse mit Hausnummer (Pflichtfeld)\n<\/p>\n<p><span class=\"wpcf7-form-control-wrap\" data-name=\"text-521\"><input size=\"40\" maxlength=\"400\" class=\"wpcf7-form-control wpcf7-text wpcf7-validates-as-required\" aria-required=\"true\" aria-invalid=\"false\" value=\"\" type=\"text\" name=\"text-521\" \/><\/span>\n<\/p>\n<p>PLZ mit Ort (Pflichtfeld)\n<\/p>\n<p><span class=\"wpcf7-form-control-wrap\" data-name=\"text-364\"><input size=\"40\" maxlength=\"400\" class=\"wpcf7-form-control wpcf7-text wpcf7-validates-as-required\" aria-required=\"true\" aria-invalid=\"false\" placeholder=\"\" value=\"\" type=\"text\" name=\"text-364\" \/><\/span>\n<\/p>\n<p>Ihre E-Mail-Adresse (Pflichtfeld)\n<\/p>\n<p><span class=\"wpcf7-form-control-wrap\" data-name=\"your-email\"><input size=\"40\" maxlength=\"400\" class=\"wpcf7-form-control wpcf7-email wpcf7-validates-as-required wpcf7-text wpcf7-validates-as-email\" aria-required=\"true\" aria-invalid=\"false\" value=\"\" type=\"email\" name=\"your-email\" \/><\/span>\n<\/p>\n<p>erreichbare Telefonnummer (Pflichtfeld)\n<\/p>\n<p><span class=\"wpcf7-form-control-wrap\" data-name=\"tel-826\"><input size=\"40\" maxlength=\"400\" class=\"wpcf7-form-control wpcf7-tel wpcf7-validates-as-required wpcf7-text wpcf7-validates-as-tel\" aria-required=\"true\" aria-invalid=\"false\" value=\"\" type=\"tel\" name=\"tel-826\" \/><\/span>\n<\/p>\n<p>Ihr Grund\n<\/p>\n<p><span class=\"wpcf7-form-control-wrap\" data-name=\"text-472\"><input size=\"40\" maxlength=\"400\" class=\"wpcf7-form-control wpcf7-text wpcf7-validates-as-required\" aria-required=\"true\" aria-invalid=\"false\" value=\"\" type=\"text\" name=\"text-472\" \/><\/span>\n<\/p>\n<p>Ihre Nachricht\n<\/p>\n<p><span class=\"wpcf7-form-control-wrap\" data-name=\"your-message\"><textarea cols=\"40\" rows=\"10\" maxlength=\"2000\" class=\"wpcf7-form-control wpcf7-textarea\" aria-invalid=\"false\" name=\"your-message\"><\/textarea><\/span>\n<\/p>\n<p><input class=\"wpcf7-form-control wpcf7-submit has-spinner\" type=\"submit\" value=\"Senden\" \/>\n<\/p><p style=\"display: none !important;\" class=\"akismet-fields-container\" data-prefix=\"_wpcf7_ak_\"><label>&#916;<textarea name=\"_wpcf7_ak_hp_textarea\" cols=\"45\" rows=\"8\" maxlength=\"100\"><\/textarea><\/label><input type=\"hidden\" id=\"ak_js_1\" name=\"_wpcf7_ak_js\" value=\"17\"\/><script type=\"text\/javascript\">\n\/* <![CDATA[ *\/\ndocument.getElementById( \"ak_js_1\" ).setAttribute( \"value\", ( new Date() ).getTime() );\n\/* ]]> *\/\n<\/script>\n<\/p><div class=\"wpcf7-response-output\" aria-hidden=\"true\"><\/div>\n<\/form>\n<\/div>\n\n","protected":false},"excerpt":{"rendered":"<p>Die Kunst des Lebens ist, aus allen M\u00f6glichkeiten, das herausholen, so dass das Leben besonders lebenswert ist! Herzlich willkommen beim LEBENS-IMPULS-CENTER WELTNEUHEIT: &#8222;Free Flow Energy&#8220; Es freut mich au\u00dferordentlich, dass das LEBENS-IMPULS-CENTER nun das bisher weltweit einmalige &#8222;Free Flow Energy-System&#8220;\u00a0 als wertvolles zeitgeistiges Angebot anbieten darf. Free Flow Energy ist ein revolution\u00e4res Entwicklungs-Werkzeug der neuen [&hellip;]<\/p>\n","protected":false},"author":1,"featured_media":0,"parent":0,"menu_order":1,"comment_status":"closed","ping_status":"closed","template":"","meta":{"footnotes":""},"class_list":["post-28","page","type-page","status-publish","hentry"],"aioseo_notices":[],"_links":{"self":[{"href":"https:\/\/www.lebens-impuls-center.ch\/index.php?rest_route=\/wp\/v2\/pages\/28","targetHints":{"allow":["GET"]}}],"collection":[{"href":"https:\/\/www.lebens-impuls-center.ch\/index.php?rest_route=\/wp\/v2\/pages"}],"about":[{"href":"https:\/\/www.lebens-impuls-center.ch\/index.php?rest_route=\/wp\/v2\/types\/page"}],"author":[{"embeddable":true,"href":"https:\/\/www.lebens-impuls-center.ch\/index.php?rest_route=\/wp\/v2\/users\/1"}],"replies":[{"embeddable":true,"href":"https:\/\/www.lebens-impuls-center.ch\/index.php?rest_route=%2Fwp%2Fv2%2Fcomments&post=28"}],"version-history":[{"count":36,"href":"https:\/\/www.lebens-impuls-center.ch\/index.php?rest_route=\/wp\/v2\/pages\/28\/revisions"}],"predecessor-version":[{"id":1004,"href":"https:\/\/www.lebens-impuls-center.ch\/index.php?rest_route=\/wp\/v2\/pages\/28\/revisions\/1004"}],"wp:attachment":[{"href":"https:\/\/www.lebens-impuls-center.ch\/index.php?rest_route=%2Fwp%2Fv2%2Fmedia&parent=28"}],"curies":[{"name":"wp","href":"https:\/\/api.w.org\/{rel}","templated":true}]}}