{"id":272,"date":"2015-10-03T16:52:58","date_gmt":"2015-10-03T14:52:58","guid":{"rendered":"http:\/\/www.lebens-impuls-center.ch\/?page_id=272"},"modified":"2015-10-04T19:33:11","modified_gmt":"2015-10-04T17:33:11","slug":"philosophie-des-lebens-impuls-center","status":"publish","type":"page","link":"https:\/\/www.lebens-impuls-center.ch\/?page_id=272","title":{"rendered":"Philosophie des Lebens-Impuls-Center"},"content":{"rendered":"<h5><strong>\u00a0<\/strong><\/h5>\n<blockquote><p>Alles ist miteinander Verbunden und nur die vollst\u00e4ndige Gesamtheit der Unterschiedlichkeiten und deren Zusammenspieles macht das Leben aus.<\/p><\/blockquote>\n<p>&nbsp;<\/p>\n<p><a href=\"https:\/\/www.lebens-impuls-center.ch\/wp-content\/uploads\/2015\/09\/gezeihetes-8-Symbol1-e1443979665885.png\"><img loading=\"lazy\" decoding=\"async\" class=\"wp-image-262 size-medium alignleft\" src=\"https:\/\/www.lebens-impuls-center.ch\/wp-content\/uploads\/2015\/09\/gezeihetes-8-Symbol1-e1443979665885-203x300.png\" alt=\"\" width=\"203\" height=\"300\" srcset=\"https:\/\/www.lebens-impuls-center.ch\/wp-content\/uploads\/2015\/09\/gezeihetes-8-Symbol1-e1443979665885-203x300.png 203w, https:\/\/www.lebens-impuls-center.ch\/wp-content\/uploads\/2015\/09\/gezeihetes-8-Symbol1-e1443979665885.png 210w\" sizes=\"auto, (max-width: 203px) 100vw, 203px\" \/><\/a><em>Will man die Harmonie, die Freiheit und die unendliche Sch\u00f6pfungskraft geniessen, so muss man das Allumfassende des Universums anerkennen, diese verstehen und nach deren Gesetzen leben und handeln. Es ist ein einfaches\u00a0<strong>Sein,<\/strong> im Fluss des Lebens in seiner vollkommenen Ganzheit mit all ihren Rhythmen, Regeln, Resonanzen, Ordnungen, Schwingungen, Entsprechungen, Geschlechtlichkeiten, Polarit\u00e4ten usw.<br \/>\n<\/em><\/p>\n<p><em>Bezieht man nun diese vorhergehenden Gedanken einmal nur auf den Menschen, so darf man ein paar wertvolle Wegweiser erkennen.<\/em><br \/>\n<em> Die Kraft des Lebens liegt in unserem Inneren. Jede Person bestimmt selber, wie sein Leben ist und wie er mit seinem Leben umgehen kann. In jedem Augenblick hat ein bewusster Mensch die M\u00f6glichkeit und die volle Freiheit zu entscheiden, was gerade sein soll. Wir sind kein Sklave von jemanden, h\u00f6chstens von sich selber!<\/em><br \/>\n<em> Daher ist zu empfehlen, sich der Selbsterkenntnis und Pers\u00f6nlichkeitsentwicklung zu widmen, dann k\u00f6nnen Berge versetzen werden und vor allem ist man gewappnet f\u00fcr die Situationen und Herausforderungen, welche das Leben von einem so fordert!<\/em><\/p>\n<p><em>Die Aufgabe des LEBENS-IMPULS-CENTER ist es, die Menschen zu begleiten auf der Suche ihres Weges, ihnen beizustehen bei ihren Prozessen und anregende weiterf\u00fchrende Impulse zu geben.<\/em><br \/>\n<em> In schwierigen Lebensmomenten ist man froh, wenn jemanden einem begleitend beisteht und mit einem das Leben aus einer anderen Sichtweise betrachtet, so dass man bereichert mit neuen Blickwinkeln und Erkenntnisse,\u00a0 gest\u00e4rkt, klar, mutig und bewusst seine weiteren Schritte tut!<\/em><\/p>\n<p>&nbsp;<\/p>\n<p>&nbsp;<\/p>\n<h5><strong>einige Gedanken dazu&#8230;&#8230;<\/strong><\/h5>\n<p>&nbsp;<\/p>\n<h6><strong><em>Wer sich selbst kennt, weiss auch, wie sein Leben zu gestalten ist.<\/em><\/strong><\/h6>\n<h6><strong>Die Kunst des Lebens ist, das F\u00dcHLEN \u2013 DENKEN \u2013 HANDELN zu einem gemeinsamen Nenner zusammen zu bringen!<br \/>\n<\/strong><\/h6>\n<h6><strong>Erkenne DEINE innere WAHRHEIT und lebe nach ihr!<br \/>\n<\/strong><\/h6>\n<h6><strong>Finde das Urvertrauen und gib Dich Deinem Lebensfluss hin.<br \/>\n<\/strong><\/h6>\n<h6><strong>Die gr\u00f6ssten Sch\u00e4tze darf man entgegen nehmen, wenn man den Sinn hinter jeder Situation erkennen kann!<br \/>\n<\/strong><\/h6>\n<p>&nbsp;<\/p>\n","protected":false},"excerpt":{"rendered":"<p>\u00a0 Alles ist miteinander Verbunden und nur die vollst\u00e4ndige Gesamtheit der Unterschiedlichkeiten und deren Zusammenspieles macht das Leben aus. &nbsp; Will man die Harmonie, die Freiheit und die unendliche Sch\u00f6pfungskraft geniessen, so muss man das Allumfassende des Universums anerkennen, diese verstehen und nach deren Gesetzen leben und handeln. Es ist ein einfaches\u00a0Sein, im Fluss des [&hellip;]<\/p>\n","protected":false},"author":2,"featured_media":0,"parent":9,"menu_order":0,"comment_status":"closed","ping_status":"closed","template":"","meta":{"footnotes":""},"class_list":["post-272","page","type-page","status-publish","hentry"],"aioseo_notices":[],"_links":{"self":[{"href":"https:\/\/www.lebens-impuls-center.ch\/index.php?rest_route=\/wp\/v2\/pages\/272","targetHints":{"allow":["GET"]}}],"collection":[{"href":"https:\/\/www.lebens-impuls-center.ch\/index.php?rest_route=\/wp\/v2\/pages"}],"about":[{"href":"https:\/\/www.lebens-impuls-center.ch\/index.php?rest_route=\/wp\/v2\/types\/page"}],"author":[{"embeddable":true,"href":"https:\/\/www.lebens-impuls-center.ch\/index.php?rest_route=\/wp\/v2\/users\/2"}],"replies":[{"embeddable":true,"href":"https:\/\/www.lebens-impuls-center.ch\/index.php?rest_route=%2Fwp%2Fv2%2Fcomments&post=272"}],"version-history":[{"count":0,"href":"https:\/\/www.lebens-impuls-center.ch\/index.php?rest_route=\/wp\/v2\/pages\/272\/revisions"}],"up":[{"embeddable":true,"href":"https:\/\/www.lebens-impuls-center.ch\/index.php?rest_route=\/wp\/v2\/pages\/9"}],"wp:attachment":[{"href":"https:\/\/www.lebens-impuls-center.ch\/index.php?rest_route=%2Fwp%2Fv2%2Fmedia&parent=272"}],"curies":[{"name":"wp","href":"https:\/\/api.w.org\/{rel}","templated":true}]}}