{"id":254,"date":"2015-10-02T13:18:30","date_gmt":"2015-10-02T11:18:30","guid":{"rendered":"http:\/\/www.lebens-impuls-center.ch\/?page_id=254"},"modified":"2015-10-05T12:36:01","modified_gmt":"2015-10-05T10:36:01","slug":"ursprung-einer-problematik","status":"publish","type":"page","link":"https:\/\/www.lebens-impuls-center.ch\/?page_id=254","title":{"rendered":"Ursprung einer Problematik"},"content":{"rendered":"<h5><strong>die Liebe, der Ursprung von allem sein&#8230;..<\/strong><\/h5>\n<p><em>Es gibt im Universum eine Energie, die \u00fcberall vorhanden ist&#8230;&#8230;&#8230;&#8230;&#8230;&#8230;die Liebe!<\/em><br \/>\n<em> Es ist die urspr\u00fcngliche Lebensenergie, welche aus einem Etwas, etwas Lebendiges macht. Erst wenn diesem Etwas die Universalenergie LIEBE eingehaucht wird, erst dann wird es zum Leben erweckt und begibt sich in das allumfassende Lebenssystem mit ihren Gesetzen, Ordnungen und Verk\u00f6rperungen.<\/em><br \/>\n<em> Nicht zu vergessen, ein Mensch entsteht nur aus dem Akt der Liebe! Auch wenn es auf den ersten Blick manchmal nicht so aussieht, im Ursprung ist und bleibt es ein Akt der Liebesenergie! <\/em><br \/>\n<em>Ja, jetzt kommt sofort die Frage, wo steckt die Liebe hinter dem Krieg, der Gewalt, den unverst\u00e4ndlichen Grausamkeiten?<\/em><br \/>\n<em> Nimmt man sich die Zeit und geht in die grosse Tiefe, so darf man erkennen, dass hinter diesen so grausamen Dinge eine erstickte, verdr\u00e4ngte Liebe steckt\u00a0 &#8211;\u00a0 welchen tragischen Vorfall auch immer dies ausl\u00f6ste\u00a0 &#8211;\u00a0 es ist ein Schrei von einer Liebe, welche in der Basis nicht gen\u00e4hrt wird und ein grosser Mangel an unbefriedigten Bed\u00fcrfnisse hat!<\/em><\/p>\n<p>&nbsp;<\/p>\n<h5><strong>wie kommt es zu einer Problematik&#8230;..<\/strong><\/h5>\n<p><em>Wohin fliesst die Liebe? Wie ist der Fluss der Liebe?<\/em><br \/>\n<em> Wo wurde der Fluss unterbrochen\u2026..dort, wo der Unterbruch der Liebe stattgefunden hat, dort ist der Beginn der Problematik, aber auch dort liegt die L\u00f6sung.<\/em><\/p>\n<p><em>Die heilende L\u00f6sung kann nur aktiviert werden, indem man diesen Punkt findet und dort wieder genau die Liebe ins fliessen bringt, welche zu einem Zeitpunkt der Ausl\u00f6ser der Blockierung war! Es geht darum, mit der bestimmten Liebesenergie wieder die notwendige Harmonie herzustellen. Die Problematik ist eine Geschichte des Liebesflusses, welches nach harmonischer Ganzheit ruft!<\/em><br \/>\n<em> Dies kann man besonders sehr gut zum Beispiel bei einer Familienaufstellung beobachten, durch das Feedback der Stellvertreterlnnen erkennt man, welche Dynamiken in einer Familie wirken, wohin die Liebe flie\u00dft und wohin sie eigentlich geh\u00f6rt, genau diesem sich zeigenden Punkt bringt man die fehlende Liebe zur\u00fcck!<\/em><\/p>\n","protected":false},"excerpt":{"rendered":"<p>die Liebe, der Ursprung von allem sein&#8230;.. Es gibt im Universum eine Energie, die \u00fcberall vorhanden ist&#8230;&#8230;&#8230;&#8230;&#8230;&#8230;die Liebe! Es ist die urspr\u00fcngliche Lebensenergie, welche aus einem Etwas, etwas Lebendiges macht. Erst wenn diesem Etwas die Universalenergie LIEBE eingehaucht wird, erst dann wird es zum Leben erweckt und begibt sich in das allumfassende Lebenssystem mit ihren [&hellip;]<\/p>\n","protected":false},"author":2,"featured_media":0,"parent":49,"menu_order":0,"comment_status":"closed","ping_status":"closed","template":"","meta":{"footnotes":""},"class_list":["post-254","page","type-page","status-publish","hentry"],"aioseo_notices":[],"_links":{"self":[{"href":"https:\/\/www.lebens-impuls-center.ch\/index.php?rest_route=\/wp\/v2\/pages\/254","targetHints":{"allow":["GET"]}}],"collection":[{"href":"https:\/\/www.lebens-impuls-center.ch\/index.php?rest_route=\/wp\/v2\/pages"}],"about":[{"href":"https:\/\/www.lebens-impuls-center.ch\/index.php?rest_route=\/wp\/v2\/types\/page"}],"author":[{"embeddable":true,"href":"https:\/\/www.lebens-impuls-center.ch\/index.php?rest_route=\/wp\/v2\/users\/2"}],"replies":[{"embeddable":true,"href":"https:\/\/www.lebens-impuls-center.ch\/index.php?rest_route=%2Fwp%2Fv2%2Fcomments&post=254"}],"version-history":[{"count":0,"href":"https:\/\/www.lebens-impuls-center.ch\/index.php?rest_route=\/wp\/v2\/pages\/254\/revisions"}],"up":[{"embeddable":true,"href":"https:\/\/www.lebens-impuls-center.ch\/index.php?rest_route=\/wp\/v2\/pages\/49"}],"wp:attachment":[{"href":"https:\/\/www.lebens-impuls-center.ch\/index.php?rest_route=%2Fwp%2Fv2%2Fmedia&parent=254"}],"curies":[{"name":"wp","href":"https:\/\/api.w.org\/{rel}","templated":true}]}}