{"id":239,"date":"2015-10-02T11:51:20","date_gmt":"2015-10-02T09:51:20","guid":{"rendered":"http:\/\/www.lebens-impuls-center.ch\/?page_id=239"},"modified":"2018-11-12T16:18:45","modified_gmt":"2018-11-12T15:18:45","slug":"preise","status":"publish","type":"page","link":"https:\/\/www.lebens-impuls-center.ch\/?page_id=239","title":{"rendered":"Preise"},"content":{"rendered":"<h5><strong>Preisaufbau&#8230;..<\/strong><\/h5>\n<p><em>Mit dem Preis wird das Gleichgewicht vom Geben und Nehmen hergestellt. Der notwendige Ausgleicht schafft die Basis eines erzielten Erfolges, welcher einen sehr wichtigen essenziellen Bestandteil f\u00fcr den eigenen Fluss seines erf\u00fcllten Lebens ist!\u00a0 <\/em><\/p>\n<p><em><strong>Bei finanziellen H\u00e4rtef\u00e4llen kann \u00fcber eine Tarifver\u00e4nderung verhandelt werden.<\/strong> Denn aus eigner Erfahrung weiss ich, dass die finanzielle Verh\u00e4ltnisse je nach Situation variieren kann. In welcher Lebenslage man gerade steckt, dies soll kein blockierendes Hindernis sein, f\u00fcr eine gesunde angestrebte Ver\u00e4nderung ohne dass die universellen Lebensgesetze missachtet werden! <\/em><\/p>\n<p><em>Der Ausgleich ist ein wesentlicher Punkt im zwischenmenschlichen Bereichen. Es spielt keine Rolle, um welche Art von zwischenmenschlichen Beziehung es sich handelt. F\u00fcr ein harmonisches Miteinander muss ein Gleichgewicht hergestellt sein, dieses beeinflusst wiederum das Erreichen eines Zieles\/ Wunsches\/ angestrebten positives Endergebnisses. Denn steht das Gleichgewicht zwischen Geben und Nehmen in Schieflage, so unterbindet man den harmonischen Lebensfluss, die Basis eines vollumfassenden gl\u00fccklichen Lebens.<\/em><br \/>\n<em> Es ist egal ob es sich um eine Liebesbeziehung, Gesch\u00e4ftsbeziehung, Arbeitsbeziehung, Therapiebeziehung, Freundschaftsbeziehung, famili\u00e4re Beziehung usw. handelt, ist etwas im Ungleichgewicht dann ist es blockiert und untergr\u00e4bt somit das positive Miteinander, welches die Basis von allem ist.<\/em><\/p>\n<p><em>Bei jeder 10. Sitzung wird Ihnen eine Begleitstunde geschenkt.<\/em><\/p>\n<p>&nbsp;<\/p>\n<h5><strong>Einzelbegleitung&#8230;..<\/strong><\/h5>\n<p><em>\u00a0120.00 CHF pro Stunde<br \/>\n<\/em><\/p>\n<p>&nbsp;<\/p>\n<h5><strong>Paarbegleitung&#8230;..<\/strong><\/h5>\n<p><em>170.00 CHF pro Stunde<br \/>\n<\/em><\/p>\n<p>&nbsp;<\/p>\n<h5><strong>Tagesseminare und Kurse&#8230;..<\/strong><\/h5>\n<p><em>Da diese Tagesseminare und Kurse so unterschiedlich aufgebaut sind, sind die Kosten beim jeweiligen Angebot ersichtlich.<\/em><\/p>\n<p><em>\u00a0<\/em><\/p>\n<p>&nbsp;<\/p>\n<p>&nbsp;<\/p>\n","protected":false},"excerpt":{"rendered":"<p>Preisaufbau&#8230;.. Mit dem Preis wird das Gleichgewicht vom Geben und Nehmen hergestellt. Der notwendige Ausgleicht schafft die Basis eines erzielten Erfolges, welcher einen sehr wichtigen essenziellen Bestandteil f\u00fcr den eigenen Fluss seines erf\u00fcllten Lebens ist!\u00a0 Bei finanziellen H\u00e4rtef\u00e4llen kann \u00fcber eine Tarifver\u00e4nderung verhandelt werden. Denn aus eigner Erfahrung weiss ich, dass die finanzielle Verh\u00e4ltnisse je [&hellip;]<\/p>\n","protected":false},"author":2,"featured_media":0,"parent":49,"menu_order":0,"comment_status":"closed","ping_status":"closed","template":"","meta":{"footnotes":""},"class_list":["post-239","page","type-page","status-publish","hentry"],"aioseo_notices":[],"_links":{"self":[{"href":"https:\/\/www.lebens-impuls-center.ch\/index.php?rest_route=\/wp\/v2\/pages\/239","targetHints":{"allow":["GET"]}}],"collection":[{"href":"https:\/\/www.lebens-impuls-center.ch\/index.php?rest_route=\/wp\/v2\/pages"}],"about":[{"href":"https:\/\/www.lebens-impuls-center.ch\/index.php?rest_route=\/wp\/v2\/types\/page"}],"author":[{"embeddable":true,"href":"https:\/\/www.lebens-impuls-center.ch\/index.php?rest_route=\/wp\/v2\/users\/2"}],"replies":[{"embeddable":true,"href":"https:\/\/www.lebens-impuls-center.ch\/index.php?rest_route=%2Fwp%2Fv2%2Fcomments&post=239"}],"version-history":[{"count":3,"href":"https:\/\/www.lebens-impuls-center.ch\/index.php?rest_route=\/wp\/v2\/pages\/239\/revisions"}],"predecessor-version":[{"id":924,"href":"https:\/\/www.lebens-impuls-center.ch\/index.php?rest_route=\/wp\/v2\/pages\/239\/revisions\/924"}],"up":[{"embeddable":true,"href":"https:\/\/www.lebens-impuls-center.ch\/index.php?rest_route=\/wp\/v2\/pages\/49"}],"wp:attachment":[{"href":"https:\/\/www.lebens-impuls-center.ch\/index.php?rest_route=%2Fwp%2Fv2%2Fmedia&parent=239"}],"curies":[{"name":"wp","href":"https:\/\/api.w.org\/{rel}","templated":true}]}}