{"id":155,"date":"2015-09-29T11:01:23","date_gmt":"2015-09-29T09:01:23","guid":{"rendered":"http:\/\/www.lebens-impuls-center.ch\/?page_id=155"},"modified":"2015-10-19T14:00:59","modified_gmt":"2015-10-19T12:00:59","slug":"referenzen","status":"publish","type":"page","link":"https:\/\/www.lebens-impuls-center.ch\/?page_id=155","title":{"rendered":"Referenzen"},"content":{"rendered":"<h5><strong>R\u00fcckmeldungen&#8230;..<\/strong><\/h5>\n<p>&nbsp;<\/p>\n<h6><span style=\"text-decoration: underline;\"><strong>Aufstellung mit l\u00e4ngerfristiger Begleitung:<\/strong><\/span><\/h6>\n<p><em>Liebe Anita,<\/em><\/p>\n<p><em>in dir vereinigt sich eine sehr gute Therapeutin und ein aufmerksamer an dem Wohl der Leute interessierter, herzensguter Mensch.<\/em><\/p>\n<p><em>Ein grosses Gl\u00fcck habe ich erfahren, dass ich dich Kennenlernen durfte. In offenherzigen Gespr\u00e4chen bereichert mit deiner Lebenserfahrung und vorsichtig ausgew\u00e4hlten therapeutischen Ans\u00e4tzen hilfst du mir \u00fcber eine meiner intensivsten Lebensphasen hinweg.<\/em><\/p>\n<p><em>Ob deine offenen Ohren und vielmehr dein offenes Herz oder ob es das achtsam durchgef\u00fchrte Familienstellen ist, du findest f\u00fcr jede schwierige Situation das richtige therapeutische Instrument und vor allem die helfenden Worte und die weiterf\u00fchrenden Impulse.<\/em><\/p>\n<p><em>Welch ein Gl\u00fcck von deinem grossen Erfahrungsschatz erfahren zu d\u00fcrfen. Ohne deine Hilfestellung, deine Professionalit\u00e4t und dein Menschsein w\u00e4re ich heute nicht halb soweit auf meinem Weg und h\u00e4tte die harten Lebenssituationen nicht immer ruhiger und besser \u00fcberwunden. Ich freue mich immer wieder auf deine Therapiestunden, ja vielmehr sind sie ein heilvoller Bestandteil der Verarbeitung meiner aktuellen Geschehnisse geworden.<\/em><\/p>\n<p><em>Ja, du hilfst meine Geschichte in eine positive Richtung mitzuschreiben. Ohne dich w\u00e4re das letzte Jahr kaum auszuhalten gewesen. Du standest aber immer bei, hast viel, sehr viel zugeh\u00f6rt, viele helfende Worte gespendet, deine Lebenserfahrung offenbart und Impulse gesetzt, welche mich immer vorw\u00e4rts gehen liessen. Wahrhaftig bist du eine Therapeutin mit vollem Einsatz von Geist, Herz und Seele.<\/em><\/p>\n<p><em>Mit ganz grossem Dank<\/em><br \/>\n<em> Johann<\/em><\/p>\n<p>&nbsp;<\/p>\n<p>&nbsp;<\/p>\n<h6><span style=\"text-decoration: underline;\"><strong>systemische Aufstellungsarbeit in der Gruppe:<\/strong><\/span><\/h6>\n<p><em>Liebe Anita <\/em><br \/>\n<em>Ich durfte bei dir an einem Fam. stellen teilnehmen um in einer hartn\u00e4ckigen, komlpexen Geschichte Kl\u00e4rung zu bekommen. Was durchaus statt finden durfte. Ich habe schon bei diversen Therapeuten an systemischer Arbeit teilgenommen und kann sagen, du geh\u00f6rst f\u00fcr mich ganz klar zu den Favoriten. Deine klare Art, dein Vertrauen in den Prozess, deine pr\u00e4sente Art ist bei dieser Arbeit sp\u00fcrbar und heilsam. Das feine Gesp\u00fcr f\u00fcr Die richtigen Fragen zum richtigen Zeitpunkt, den Prozess laufen lassen und unterst\u00fctzend leiten wenn es dies Bedarf, gelingt dir sehr gut. Und du hast erst mit der Ausbildung geendet und bist schon jetzt so gut.<\/em><\/p>\n<p><em>Ich w\u00fcnsche dir viele gute Begegnungen und dass du durch diese Arbeit viele Menschen unterst\u00fctzend begleiten darfst. Ich werde dich auf jedenfall weiter empfehlen. <\/em><br \/>\n<em>Herzlichen Dank Margarete=<\/em><\/p>\n","protected":false},"excerpt":{"rendered":"<p>R\u00fcckmeldungen&#8230;.. &nbsp; Aufstellung mit l\u00e4ngerfristiger Begleitung: Liebe Anita, in dir vereinigt sich eine sehr gute Therapeutin und ein aufmerksamer an dem Wohl der Leute interessierter, herzensguter Mensch. Ein grosses Gl\u00fcck habe ich erfahren, dass ich dich Kennenlernen durfte. In offenherzigen Gespr\u00e4chen bereichert mit deiner Lebenserfahrung und vorsichtig ausgew\u00e4hlten therapeutischen Ans\u00e4tzen hilfst du mir \u00fcber eine [&hellip;]<\/p>\n","protected":false},"author":2,"featured_media":0,"parent":0,"menu_order":0,"comment_status":"closed","ping_status":"closed","template":"","meta":{"footnotes":""},"class_list":["post-155","page","type-page","status-publish","hentry"],"aioseo_notices":[],"_links":{"self":[{"href":"https:\/\/www.lebens-impuls-center.ch\/index.php?rest_route=\/wp\/v2\/pages\/155","targetHints":{"allow":["GET"]}}],"collection":[{"href":"https:\/\/www.lebens-impuls-center.ch\/index.php?rest_route=\/wp\/v2\/pages"}],"about":[{"href":"https:\/\/www.lebens-impuls-center.ch\/index.php?rest_route=\/wp\/v2\/types\/page"}],"author":[{"embeddable":true,"href":"https:\/\/www.lebens-impuls-center.ch\/index.php?rest_route=\/wp\/v2\/users\/2"}],"replies":[{"embeddable":true,"href":"https:\/\/www.lebens-impuls-center.ch\/index.php?rest_route=%2Fwp%2Fv2%2Fcomments&post=155"}],"version-history":[{"count":0,"href":"https:\/\/www.lebens-impuls-center.ch\/index.php?rest_route=\/wp\/v2\/pages\/155\/revisions"}],"wp:attachment":[{"href":"https:\/\/www.lebens-impuls-center.ch\/index.php?rest_route=%2Fwp%2Fv2%2Fmedia&parent=155"}],"curies":[{"name":"wp","href":"https:\/\/api.w.org\/{rel}","templated":true}]}}