{"id":15,"date":"2015-09-13T13:14:23","date_gmt":"2015-09-13T11:14:23","guid":{"rendered":"http:\/\/www.lebens-impuls-center.ch\/?page_id=15"},"modified":"2015-10-08T22:29:17","modified_gmt":"2015-10-08T20:29:17","slug":"systhemische-arbeit-familienstellen","status":"publish","type":"page","link":"https:\/\/www.lebens-impuls-center.ch\/?page_id=15","title":{"rendered":"Systhemische Arbeit\/ Familienstellen"},"content":{"rendered":"<blockquote><p><em>Leiden ist oftmals lange Zeit leichter &#8211;<br \/>\n<\/em><\/p>\n<p>als Handeln!<\/p>\n<p>Es geht so lange, bis der absolute Schmerzpunkt erreicht ist,<\/p>\n<p>um dann mutig Schritte zu tun!<\/p>\n<p>&nbsp;<\/p><\/blockquote>\n<p><em>Vielen Klienten f\u00e4llt es schwer sich auf eine systemische Arbeit in der Tiefe der Seele wirklich einzulassen. Alle vom LEBENS-IMPULS-CENTER kennen es nur allzu gut vom eigenen selbst, wenn es darum geht, sich den anstehenden \u00c4ngsten zu stellen. Jeder Wendepunkt braucht <strong>MUT, wirklich grossen MUT!<\/strong><\/em><br \/>\n<em>Bei vielen Klienten dauerte es oft Monate bis den ersten Schritt in Richtung Systemischer Arbeit gewagt wird. Aber nachdem dieser Schritt gegangen war &#8211; erlebten die Klienten viel Klarheit und ber\u00fchrende Erkenntnisse. Als Geschenk f\u00fcr Ihren aufgebrachten Mut durften sie im Anschluss einem neuen befreienden L\u00f6sungsprozess folgen. <\/em><\/p>\n<p><em>Heute bin ich unendlich dankbar, dass ich dieses wundervolle Werkzeug entdecken durfte. Es fand \u00fcber mich den Weg ins LEBENS-IMPULS-CENTER und ist einen weiteren wertvollen Bestandteil bei der Arbeit als tiefenpsychologische Systemmentorin geworden. Dieses Werkzeug bereichert nicht nur meine Arbeit, sondern unterst\u00fctzt mich und meine Kinder bei unseren L\u00f6sungsprozessen im Lebensalltag. Viele Faktoren aus der Vergangenheit durften so angeschaut und bereinigt werden. Dadurch konnte der Weg in die Zukunft schon stark &amp; nachhaltig geebnete werden.<br \/>\nDie systemische Arbeit hat so einen grossen Wirkungskreis, dass ich weiterhin bei den Problematiken von meinen Kindern und bei mir selbst auf dieses Werkzeug zur\u00fcckgreifen und mit Freude &amp; wertsch\u00e4tzend zu anderen AufstellungsleiterInnen gehen.<br \/>\nNat\u00fcrlich bin ich bem\u00fcht, <strong>ALLEN, welche es wollen<\/strong>, dieses Werkzeug zug\u00e4nglich zu machen, um so in den Genuss der weitreichenden Wirkung und ihrer St\u00e4rke zu kommen. Ich biete die M\u00f6glichkeit in die universelle Ordnung der Liebe einzutauchen und diese f\u00fcr sein eigenes Leben einzusetzen.<br \/>\n<\/em><\/p>\n<p>&nbsp;<\/p>\n<blockquote><p><strong>Ein System ist wie ein Mobile, bewegt man einen Teil, bewegt sich auch der Rest!<\/strong><\/p>\n<p>&nbsp;<\/p><\/blockquote>\n<h5><\/h5>\n<h5><strong>was ist die systemische Arbeit&#8230;..<\/strong><\/h5>\n<p><em>Systemaufstellungen in der Gruppe, sowie systemische Einzelarbeit sind Methoden, um Vorg\u00e4nge \u201ein einem System\u201c \u2013<br \/>\nsei es bei einer Familie, einer Partnerschaft, beim Beruf, in der Schule, bei einem Verein oder einer anderen Organisation, aber auch das Zusammenspiel von Lebenssysteme wie der eigene K\u00f6rper (z.B. bei einer Krankheit)\u00a0\u00a0 usw.\u00a0\u00a0 &#8211;<br \/>\nsichtbar aber vor allem erfahrbar zu machen, um so zu einem Verst\u00e4ndnis zu kommen und gezielt ins <strong>tun <\/strong>zu gehen. Eine Systemaufstellung l\u00e4sst komplexe Beziehungswirklichkeiten anschaulich und damit begreifbar werden. Begebenheiten, Annahmen und Ansichten werden durch eine Systemaufstellung nach dem eigenen inneren Bild in einen dreidimensionalen Raum gestellt, eine andere Ebene wird dabei wortw\u00f6rtlich verk\u00f6rpert. Der leibliche K\u00f6rper wird ein Medium f\u00fcr das wissende Feld oder das morphogenetischeFeld, wie es viele heute nennen. <\/em><\/p>\n<p>&nbsp;<\/p>\n<h5><strong><a href=\"https:\/\/www.lebens-impuls-center.ch\/?page_id=359\">n\u00e4chste Daten und Kosten der systemischen Arbeit&#8230;..<\/a><\/strong><\/h5>\n<p>&nbsp;<\/p>\n<h5><strong><a href=\"https:\/\/www.lebens-impuls-center.ch\/?page_id=213\">weiterf\u00fchrende Informationen zur systemischen Arbeit&#8230;..<\/a><\/strong><\/h5>\n<p>&nbsp;<\/p>\n<h5><strong><a href=\"https:\/\/www.lebens-impuls-center.ch\/?page_id=424\">Anmeldeformular f\u00fcr ein Aufstellungsseminar&#8230;..<\/a><\/strong><\/h5>\n<p><strong>\u00a0<\/strong><\/p>\n<p>&nbsp;<\/p>\n<h5><strong>Arten der systemischen Arbeit&#8230;..<\/strong><\/h5>\n<p><strong><em><a href=\"https:\/\/www.lebens-impuls-center.ch\/?page_id=118\">Familienstellen: Herkunfts- und Gegenwartsfamilie<\/a><\/em><\/strong><\/p>\n<p><em><strong><a href=\"https:\/\/www.lebens-impuls-center.ch\/?page_id=45\">Anliegenaufstellung<\/a><\/strong><\/em><\/p>\n<p><em><strong><a href=\"https:\/\/www.lebens-impuls-center.ch\/?page_id=98\">Organisationsaufstellung<\/a><\/strong><\/em><\/p>\n<p><em><strong><a href=\"https:\/\/www.lebens-impuls-center.ch\/?page_id=100\">Strukturaufstellung<\/a><\/strong><\/em><\/p>\n<p>&nbsp;<\/p>\n<p>&nbsp;<\/p>\n<p>&nbsp;<\/p>\n<h5><\/h5>\n","protected":false},"excerpt":{"rendered":"<p>Leiden ist oftmals lange Zeit leichter &#8211; als Handeln! Es geht so lange, bis der absolute Schmerzpunkt erreicht ist, um dann mutig Schritte zu tun! &nbsp; Vielen Klienten f\u00e4llt es schwer sich auf eine systemische Arbeit in der Tiefe der Seele wirklich einzulassen. Alle vom LEBENS-IMPULS-CENTER kennen es nur allzu gut vom eigenen selbst, wenn [&hellip;]<\/p>\n","protected":false},"author":1,"featured_media":0,"parent":13,"menu_order":0,"comment_status":"closed","ping_status":"closed","template":"","meta":{"footnotes":""},"class_list":["post-15","page","type-page","status-publish","hentry"],"aioseo_notices":[],"_links":{"self":[{"href":"https:\/\/www.lebens-impuls-center.ch\/index.php?rest_route=\/wp\/v2\/pages\/15","targetHints":{"allow":["GET"]}}],"collection":[{"href":"https:\/\/www.lebens-impuls-center.ch\/index.php?rest_route=\/wp\/v2\/pages"}],"about":[{"href":"https:\/\/www.lebens-impuls-center.ch\/index.php?rest_route=\/wp\/v2\/types\/page"}],"author":[{"embeddable":true,"href":"https:\/\/www.lebens-impuls-center.ch\/index.php?rest_route=\/wp\/v2\/users\/1"}],"replies":[{"embeddable":true,"href":"https:\/\/www.lebens-impuls-center.ch\/index.php?rest_route=%2Fwp%2Fv2%2Fcomments&post=15"}],"version-history":[{"count":0,"href":"https:\/\/www.lebens-impuls-center.ch\/index.php?rest_route=\/wp\/v2\/pages\/15\/revisions"}],"up":[{"embeddable":true,"href":"https:\/\/www.lebens-impuls-center.ch\/index.php?rest_route=\/wp\/v2\/pages\/13"}],"wp:attachment":[{"href":"https:\/\/www.lebens-impuls-center.ch\/index.php?rest_route=%2Fwp%2Fv2%2Fmedia&parent=15"}],"curies":[{"name":"wp","href":"https:\/\/api.w.org\/{rel}","templated":true}]}}