{"id":149,"date":"2015-09-29T10:58:00","date_gmt":"2015-09-29T08:58:00","guid":{"rendered":"http:\/\/www.lebens-impuls-center.ch\/?page_id=149"},"modified":"2018-05-17T17:22:31","modified_gmt":"2018-05-17T15:22:31","slug":"paartherapie","status":"publish","type":"page","link":"https:\/\/www.lebens-impuls-center.ch\/?page_id=149","title":{"rendered":"Paartherapie"},"content":{"rendered":"<h5><strong>Paarbeziehung\/ Liebesbeziehung, ein komplexes Liebessystem&#8230;..<\/strong><\/h5>\n<p><em>Nimmt man eine Paarbeziehung, eine Liebesbeziehung in seiner Ganzheit wahr, erkennt man schnell, dass es sich hier um ein kleines komplexes Systemkonstrukt handelt, mit all seinen universellen Regeln und Gesetzen.<\/em><br \/>\n<em> Wird der Blickwinkel sehr stark ge\u00f6ffnet, so darf bewusst erkannt werden, warum dieses eigentlich so wundervolle Verbundenheitssystem der Liebe mit so vielen Herausforderungen behaftet ist. Die Mehrheit der Paare lebt die Version des unbewussten Zustands. Somit wird dieses vom Kern her <strong>&#8222;n\u00e4hrende Liebessystem&#8220;<\/strong> ein Ort von Missverst\u00e4ndnissen, Verletzungen, Abh\u00e4ngigkeiten, Machtspielen, Wut, Trauer, Erwartungen usw.<\/em><\/p>\n<p>&nbsp;<\/p>\n<h6><strong>!!!!! Nein, das muss so nicht sein!!!!! F\u00fcr das ist dieses Liebessystem nicht vorgesehen!<br \/>\n<\/strong><\/h6>\n<p><em>Es ist nicht der Sinn vom Leben, in einer problembehafteten Paarbeziehung stillschweigend auszuharren, all den Schmerz, die \u00c4ngste, Verletzungen, Machtk\u00e4mpfen usw.\u00a0 \u00fcber sich ergehen zu lassen. Es gibt hier keinen Schuldigen! Hier handelt es sich um zwei Individuen mit ihrem eigenen Rucksack &amp; Pr\u00e4gungen, welche sie in dieses Liebessystem miteingebracht haben. Der Partner\/die Partnerin aktiviert mit ihrem Sein und Verhalten nur tiefliegende, oftmals verdr\u00e4ngte, wunde Punkte. Nat\u00fcrlich darf man nicht vergessen, dass dieses gegenseitigen Spiegeln auch f\u00fcr all die positiven Aspekte einer Partnerschaft gilt! Dies ist einen wichtigen Ansatzpunkt bei der Begleitung eines Paares! Versteht man, dass in einem Liebessystem dauernd ein Wechselspiel von Aktion und Reaktion abl\u00e4uft, das auf ganz subtilen Verhaltensweisen aufgebaut ist &#8211; der Ursprung ist oftmals bei tiefverankerten Glaubensmustern zu suchen &#8211; so ist die erste H\u00fcrde f\u00fcr die Ver\u00e4nderung einer Partnerschaft erklommen.<\/em><\/p>\n<p>&nbsp;<\/p>\n<h5><strong>Aufgabe der Paartherapie&#8230;..<\/strong><\/h5>\n<p><em>Mit einem objektiven Blick wird auf das Liebessystem geschaut, durch gezielte Fragen einen ganzheitlichen \u00dcberblick verschafft und der Grund des Besuches f\u00fcr eine Paartherapie gekl\u00e4rt\/ herauskristallisiert. <\/em><br \/>\n<em> Mit einem Frageformular kann sich das Paar auf die erste Sitzung vorbereiten. Es hat sich gezeigt, mit einer guten Vorbereitung kann man schneller auf den Kernpunkt kommen. Diese vorhergehende Auseinandersetzung vom Paar ist bereits ein erster Schritt in die richtige Richtung.<\/em><br \/>\n<em> In der Paartherapie wird sehr viel mit bewusstem Verst\u00e4ndnis gearbeitet, dieses neu erlangte Bewusstsein wird genutzt f\u00fcr weiterf\u00fchrende eigenst\u00e4ndige Schritte. Die tiefenpsychologische Systemmentorin begleitet das Paar unterst\u00fctzend bei ihren pers\u00f6nlichen Prozessen! Sie gibt die Impulse, welche notwendig sind, f\u00fcr die eigenst\u00e4ndige nachhaltige Entwicklung des Paares! Das Paar wird gest\u00e4rkt, so dass die Ver\u00e4nderungen\/ der Wandel ihrer neuen Beziehungsform vollkommen in ihrem Leben integriert wird und immer mutig, klar &amp; bewusst, sich jeden Augenblick der aktuellen Situation stellen. Immer wieder aufs Neue den notwendigen Wandel im Leben bewusst zuzulassen und das zu tun, was gerade ansteht!<br \/>\n<\/em><\/p>\n<p>&nbsp;<\/p>\n<h5><strong>die liegende 8, die Idealform einer Beziehung&#8230;..<\/strong><\/h5>\n<p><em>8 das Symbol der Unendlichkeit und des Wandelns. So eine Acht hat mehr mit einem Beziehungssystem zutun, als im ersten Augenblick gedacht!<\/em><\/p>\n<h6><strong>Zwei Kreise die sich ber\u00fchren, zwei Menschen in Beziehung, jeder hat seinen eigenen Raum und sind doch miteinander verbunden.<\/strong><\/h6>\n<p><em>Alles, was jeder\/ jede in seinem eigenen Raum hat, kommt sofort in Bezug zum Anderen, wenn eine Beziehung eingegangen wird.<br \/>\n<\/em><\/p>\n","protected":false},"excerpt":{"rendered":"<p>Paarbeziehung\/ Liebesbeziehung, ein komplexes Liebessystem&#8230;.. Nimmt man eine Paarbeziehung, eine Liebesbeziehung in seiner Ganzheit wahr, erkennt man schnell, dass es sich hier um ein kleines komplexes Systemkonstrukt handelt, mit all seinen universellen Regeln und Gesetzen. Wird der Blickwinkel sehr stark ge\u00f6ffnet, so darf bewusst erkannt werden, warum dieses eigentlich so wundervolle Verbundenheitssystem der Liebe mit [&hellip;]<\/p>\n","protected":false},"author":2,"featured_media":0,"parent":13,"menu_order":0,"comment_status":"closed","ping_status":"closed","template":"","meta":{"footnotes":""},"class_list":["post-149","page","type-page","status-publish","hentry"],"aioseo_notices":[],"_links":{"self":[{"href":"https:\/\/www.lebens-impuls-center.ch\/index.php?rest_route=\/wp\/v2\/pages\/149","targetHints":{"allow":["GET"]}}],"collection":[{"href":"https:\/\/www.lebens-impuls-center.ch\/index.php?rest_route=\/wp\/v2\/pages"}],"about":[{"href":"https:\/\/www.lebens-impuls-center.ch\/index.php?rest_route=\/wp\/v2\/types\/page"}],"author":[{"embeddable":true,"href":"https:\/\/www.lebens-impuls-center.ch\/index.php?rest_route=\/wp\/v2\/users\/2"}],"replies":[{"embeddable":true,"href":"https:\/\/www.lebens-impuls-center.ch\/index.php?rest_route=%2Fwp%2Fv2%2Fcomments&post=149"}],"version-history":[{"count":1,"href":"https:\/\/www.lebens-impuls-center.ch\/index.php?rest_route=\/wp\/v2\/pages\/149\/revisions"}],"predecessor-version":[{"id":900,"href":"https:\/\/www.lebens-impuls-center.ch\/index.php?rest_route=\/wp\/v2\/pages\/149\/revisions\/900"}],"up":[{"embeddable":true,"href":"https:\/\/www.lebens-impuls-center.ch\/index.php?rest_route=\/wp\/v2\/pages\/13"}],"wp:attachment":[{"href":"https:\/\/www.lebens-impuls-center.ch\/index.php?rest_route=%2Fwp%2Fv2%2Fmedia&parent=149"}],"curies":[{"name":"wp","href":"https:\/\/api.w.org\/{rel}","templated":true}]}}