{"id":143,"date":"2015-09-28T21:09:27","date_gmt":"2015-09-28T19:09:27","guid":{"rendered":"http:\/\/www.lebens-impuls-center.ch\/?page_id=143"},"modified":"2015-10-06T15:56:08","modified_gmt":"2015-10-06T13:56:08","slug":"geschichtliches-ueber-die-systemische-arbeit","status":"publish","type":"page","link":"https:\/\/www.lebens-impuls-center.ch\/?page_id=143","title":{"rendered":"Herkunft und Entwicklung der systemischen Arbeit"},"content":{"rendered":"<div class=\"col-xs-12\">\n<blockquote><p>Alles was Bestand hat, geht mit der Zeit,<br \/>\nstellt sich immer aufs Neue ein,<br \/>\nnimmt Bezug auf das aktuellen Geschehen,<br \/>\nund bleibt so lebendig und wahrhaftig.<\/p>\n<p>&nbsp;<\/p>\n<p><strong>Das Einzige was stetig bleibt, das ist der Wandel!<\/strong><\/p><\/blockquote>\n<p>&nbsp;<\/p>\n<h5><strong>Rituale bei den Naturv\u00f6lkern&#8230;..<\/strong><\/h5>\n<p><em>&#8230;.. alles ist vernetzt, alles ist miteinander verbunden und vieles wirkt gr\u00f6sstenteils unbewusst&#8230;&#8230;..<\/em><\/p>\n<p><em>Nat\u00fcrlich hat es schon immer Menschen und V\u00f6lker gegeben, welche dieses Naturspiel durchschauten. Viele Naturv\u00f6lker haben sich dieses Ur-Wissen zu nutzen gemacht. Mit ihren verschiedenen Ritualen und ihrer inneren Haltung gegen\u00fcber dem Leben, zelebrierten sie dieses Wissen in ihrem t\u00e4glichen Dasein und sch\u00f6pften so aus dieser unendlichen Weisheit f\u00fcr ihren Lebensalltag.<\/em><\/p>\n<p><em>Virginia Satir und Bert Hellinger, zwei bekannte Personen, haben das Familienstellen\/ die systemische Arbeit wieder gr\u00f6sseren Menschenmassen n\u00e4her gebracht. Sie und weitere Neuentwickler haben dieses Ur-Wissen neu aufgenommen, erforscht und dem Zeitgeist angepasst. Beobachtet man die unterschiedlichen Str\u00f6mungen, welche inzwischen daraus entstanden sind, merkt man schnell, wie alles der Zeit folgt.<\/em><br \/>\n<em> Ein sch\u00f6nes Beispiel ist Bert Hellinger. Man darf ihm sehr dankbar sein, dieses wertvolle Instrument der systemischen Arbeit wieder nach Europa gebracht zu haben. Trotzdem ist er heute eine sehr fragliche Person und darum distanziere ich mich in vielen Punkten von ihm. Mit seiner autorit\u00e4ren Art, mit seiner eigenartigen Aufstellungsmethodik, welchen nicht mehr der Zeit angepasst ist, ist es nicht verwunderlich, dass oft kritische wahre berechtigte Worte \u00fcber ihn in der Medien zu h\u00f6ren sind.<\/em><br \/>\n<em> Wenn ich die aktuellen erfolgversprechenden Methoden vergleiche, dann bin sehr froh, dass die systemische Aufstellungsarbeit immer mehr stark gepr\u00e4gt ist, von einer wertsch\u00e4tzenden, achtvolleren und st\u00fctzenden Haltung, die insbesondere Virginia Satir repr\u00e4sentierte. Es werden weder st\u00e4rkere Provokationen noch Abbr\u00fcche durchgef\u00fchrt.<\/em><\/p>\n<p>&nbsp;<\/p>\n<h5><strong>Wiederentdeckung in den USA \u2013 Virginia Satir&#8230;..<\/strong><\/h5>\n<p><em>Virginia Satir, geboren am 26. Juni 1916 in Neillsville USA,\u00a0\u2020 am 10. September 1988 in Kalifornien, war eine der bedeutendsten Familientherapeutinnen in der Geschichte. Sie wird oft auch als \u201eMutter der Familientherapie\u201c bezeichnet. Kurz nach dem College-Abschluss engagierte sie sich als Lehrerin in der Eltern-Kind-Beratung und sammelte bei der Arbeit im Sozialdienst viel Erfahrung zum Thema Familienbeziehungen\/-konstellationen. Berufsbegleitend absolvierte sie an der University of Chicago ein Nachdiplomstudium in sozialer Arbeit. Da dieser Studiengang psychoanalytisch ausgerichtet war, absolvierte sie dazu die Ausbildung der Psychoanalyse, welche eine Lehranalyse einschliesst. Im Jahr 1951, bei der begleitenden Arbeit einer schizophrenen Patientin, kam Virginia Satir erstmal auf die Idee, anstatt Einzelpersonen die ganze dazugeh\u00f6rige Familie zu therapieren. Sp\u00e4ter bem\u00fchte sie sich bei ihrer therapeutischen Arbeit regelm\u00e4ssig, den Mitgliedern einer Klienten-Familie im Rahmen der sogenannten Familienrekonstruktonen die generations\u00fcbergreifenden Muster und die Problematik innerhalb des gesamten Familiensystems bewusst zu machen. Sie entwickelte weiter die gruppentherapeutische Methode der Familienskulptur (siehe Erkl\u00e4rung im n\u00e4chsten Abschnitt). 1959 wurde sie von Don D. Jackson und Jules Ruskin in das Gr\u00fcndungsteam des Mental Research Institute in Palo Alto bei Stanford (USA) berufen und wurde mit der Leitung der Ausbildungsabteilung des Instituts betraut. Unter ihrer Leitung entstand das erste familientherapeutische Ausbildungsprogramm der USA. Virginia Satir lehrte das Fach Familiendynamik am Illinois State Psychiatric Institute.<\/em><\/p>\n<p><em>Ihr Verfahren betont die Bedeutung der r\u00e4umlichen Anordnung bei der Prozessarbeit bzw. bei der Herausarbeitung der Bedeutung der Position von Familienmitgliedern und f\u00fchrt das Ausw\u00e4hlen von \u201eStellvertretern\u201c unter dem Begriff \u201eFamilienskulptur\u201c im Jahr 1969 in die Fachwelt ein. Dieses Schaffen baut auf der Basis einer nonverbalen universalg\u00fcltigen hierarchischen Familienordnung auf.\u00a0 Diese Methode erm\u00f6glicht den Klienten, Familienbeziehungen nonverbal darzustellen, diese zu erkennen und zu verstehen. Widerspr\u00fcche oder Abweichungen zwischen dem, was k\u00f6rperlich gezeigt, und dem, was gesagt wird, k\u00f6nnen reflektiert werden. Da hinderliche Pflichtgef\u00fchle vergessen werden, kann auf diese Weise ein recht wirklichkeitsgetreues Abbild der Gef\u00fchlsbeziehungen innerhalb der Familie entstehen. Anhand der dargestellten Konstellation kann sich der Therapeut ein Bild vom sozialen Gef\u00fcge machen, in dem der Klient lebt und von dem er beeinflusst wird. Gleichzeitig ist es dem Klienten m\u00f6glich, innerhalb dieses nun auch in \u00e4usserlich sichtbarer Weise dargestellten Beziehungsgeflechtes unmittelbar eine Reaktion auf sein Verhalten zu erfahren, die anschliessend auf der verbalen und emotionalen Ebene befragt werden kann.<\/em><\/p>\n<p><em>Virginia Satirs Anliegen war es, Menschen ihre M\u00f6glichkeiten aufzuzeigen, wie sie ihr &#8222;Grundpotential&#8220; nutzen k\u00f6nnen, um Wachstum und Frieden zu f\u00f6rdern. Virginia Satir dr\u00fcckte dies in den \u201eF\u00fcnf Freiheiten\u201c aus, zu denen sie ihren Patienten verhelfen wollte:<\/em><\/p>\n<p><em>&#8211; Die Freiheit <strong>sehen &amp; h\u00f6ren, was im Moment wirklich da ist, <\/strong>anstatt das, was sein sollte, gewesen ist oder erst sein wird.<\/em><\/p>\n<p><em>&#8211; Die Freiheit <strong>das auszusprechen, was ich wirklich f\u00fchle und denke<\/strong> und nicht das, was von mir erwartet wird.<\/em><\/p>\n<p><em>&#8211; Die Freiheit <strong>zu meinen Gef\u00fchlen zu stehen<\/strong> und nicht etwas Anderes vorzut\u00e4uschen.<\/em><\/p>\n<p><em>&#8211; Die Freiheit, <strong>um das zu bitten, was ich brauche,<\/strong> anstatt immer erst auf eine Erlaubnis zu warten.<\/em><\/p>\n<p><em>&#8211; Die Freiheit zu haben, <strong>in eigener Verantwortung Risiken einzugehen,<\/strong> anstatt immer nur auf \u201eNummer sicher zu gehen\u201c und nichts Neues zu wagen.<\/em><\/p>\n<p>&nbsp;<\/p>\n<p><em>Virginia Satir wurde ein Ehrendoktorat der University of Wisconsin verliehen und sie hielt bis zu ihrem Tod im Jahr 1988 weltweit Vortr\u00e4ge und Kurse.<\/em><\/p>\n<p><em>\u201eIch glaube daran, dass das gr\u00f6sste Geschenk, das ich von jemandem empfangen kann, ist,<br \/>\ngesehen, geh\u00f6rt, verstanden und ber\u00fchrt zu werden.<br \/>\nDas gr\u00f6sste Geschenk, das ich geben kann, ist,<br \/>\nden anderen zu sehen, zu h\u00f6ren, zu verstehen und zu ber\u00fchren.<br \/>\nWenn dies geschieht, entsteht Beziehung\u201c<\/em><\/p>\n<p>&nbsp;<\/p>\n<h5><strong>der Weg nach Europa \u2013 Bert Hellinger&#8230;&#8230; <\/strong><\/h5>\n<p><em>Wie bereits oben erw\u00e4hnt, wurde das Familienstellen urspr\u00fcnglich massgebend von Bert Hellinger innerhalb von Europa verbreitet. Sein Konzept basiert dabei wesentlich auf den Methoden und Erkenntnissen von Virginia Satir. Hellinger ver\u00e4ndert diese jedoch im Laufe der Zeit in gewissen Punkten, woraus die h\u00e4ufig als \u201e das klassische Familienstellen\u201c\u00a0 bezeichnete Methode entstand.<\/em><\/p>\n<p>&nbsp;<\/p>\n<h5><strong>Weiterentwicklungen&#8230;..<\/strong><\/h5>\n<p><em>Das klassische Familienstellen wurde im Verlauf der Zeiten von verschiedenen Familientherapeuten weiterentwickelt bzw. abgewandelt. Dadurch wird der \u00dcberbegriff \u201eFamilienstellen\/Familienaufstellungen\u201c zum Teil sehr unterschiedlich verstanden.<\/em><\/p>\n<p><em>Meine monatelange intensive Ausbildung als systemischer Heilcoach,\u00a0 ist eine der weiter entwickelten Auspr\u00e4gung des systemischen Schaffens.\u00a0 Sie verbindet die verschiedenen Formen des Familienstellens in den unterschiedlichsten Nuancen mit der Matrix-\/2 Punkt-Quantenheilung. Dies erm\u00f6glicht unter anderem, dass nicht nur Personen, sondern auch pers\u00f6nliche Anliegen, wie z.B. die Frage \u201eIst dieser potenzielle neue Job der richtige f\u00fcr mich?\u201c aufgestellt werden kann.<\/em><\/p>\n<p>&nbsp;<\/p>\n<p>&nbsp;<\/p>\n<\/div>\n","protected":false},"excerpt":{"rendered":"<p>Alles was Bestand hat, geht mit der Zeit, stellt sich immer aufs Neue ein, nimmt Bezug auf das aktuellen Geschehen, und bleibt so lebendig und wahrhaftig. &nbsp; Das Einzige was stetig bleibt, das ist der Wandel! &nbsp; Rituale bei den Naturv\u00f6lkern&#8230;.. &#8230;.. alles ist vernetzt, alles ist miteinander verbunden und vieles wirkt gr\u00f6sstenteils unbewusst&#8230;&#8230;.. Nat\u00fcrlich [&hellip;]<\/p>\n","protected":false},"author":2,"featured_media":0,"parent":15,"menu_order":0,"comment_status":"closed","ping_status":"closed","template":"","meta":{"footnotes":""},"class_list":["post-143","page","type-page","status-publish","hentry"],"aioseo_notices":[],"_links":{"self":[{"href":"https:\/\/www.lebens-impuls-center.ch\/index.php?rest_route=\/wp\/v2\/pages\/143","targetHints":{"allow":["GET"]}}],"collection":[{"href":"https:\/\/www.lebens-impuls-center.ch\/index.php?rest_route=\/wp\/v2\/pages"}],"about":[{"href":"https:\/\/www.lebens-impuls-center.ch\/index.php?rest_route=\/wp\/v2\/types\/page"}],"author":[{"embeddable":true,"href":"https:\/\/www.lebens-impuls-center.ch\/index.php?rest_route=\/wp\/v2\/users\/2"}],"replies":[{"embeddable":true,"href":"https:\/\/www.lebens-impuls-center.ch\/index.php?rest_route=%2Fwp%2Fv2%2Fcomments&post=143"}],"version-history":[{"count":0,"href":"https:\/\/www.lebens-impuls-center.ch\/index.php?rest_route=\/wp\/v2\/pages\/143\/revisions"}],"up":[{"embeddable":true,"href":"https:\/\/www.lebens-impuls-center.ch\/index.php?rest_route=\/wp\/v2\/pages\/15"}],"wp:attachment":[{"href":"https:\/\/www.lebens-impuls-center.ch\/index.php?rest_route=%2Fwp%2Fv2%2Fmedia&parent=143"}],"curies":[{"name":"wp","href":"https:\/\/api.w.org\/{rel}","templated":true}]}}