{"id":118,"date":"2015-09-14T14:10:22","date_gmt":"2015-09-14T12:10:22","guid":{"rendered":"http:\/\/www.lebens-impuls-center.ch\/?page_id=118"},"modified":"2015-10-08T22:27:37","modified_gmt":"2015-10-08T20:27:37","slug":"familienstellen","status":"publish","type":"page","link":"https:\/\/www.lebens-impuls-center.ch\/?page_id=118","title":{"rendered":"Familienstellen"},"content":{"rendered":"<p><em>Bei dem Familienstellen hat man das Augenmerk auf Schwierigkeiten im Familiensystem. Diese Problematiken werden mehrheitlich unbewusst von Generationen zu Generationen weitergegeben. Der Ursprung liegt oft bei systemischen Verstrickungen zu ehemaligen Familienmitgliedern, welche aus x verschiedenen Gr\u00fcnden aus der Ordnung der Liebe, aus dem Familienverbund, ausgeschlossen wurden.<br \/>\n<\/em><\/p>\n<p>&nbsp;<\/p>\n<blockquote><p><strong>Jedes Familienmitglied hat das Recht,<\/strong><\/p>\n<p><strong>seinen ihm zugeh\u00f6rigen Platz im Familiensystem zu haben!<\/strong><\/p><\/blockquote>\n<p><em> Verstrickungen, \u00c4ngste\u00a0 und tiefliegende Glaubens- und Verhaltensmuster entstehen aus fr\u00fcheren Ereignissen, welche in der Familien geschahen und nicht verarbeitet wurden. Hier sind einige Vorkommnisse, welche auf ein Ungleichgewicht im Familiensystem hinweisen:<br \/>\n<\/em><br \/>\n<em> \u00bb Tod im Kindsbett, sonstige fr\u00fche Tode<\/em><\/p>\n<p><em> \u00bb gewaltsame Tode (Krieg, Selbstmord, Mord, Unfall)<br \/>\n<\/em><br \/>\n<em> \u00bb Abtreibung, Tod- und Fr\u00fchgeburt, Adoptionen<\/em><\/p>\n<p><em> \u00bb Inzest, Vergewaltigung, Kriegserlebnisse<br \/>\n<\/em><br \/>\n<em> \u00bb &#8230;gibt es Geschwister aus fr\u00fcheren oder gleichzeitigen Beziehungen der Eltern?<br \/>\n<\/em><br \/>\n<em> \u00bb &#8230;.gab es fr\u00fchere Partner, Verlobte, Ehen der Eltern, bei einem selbst?<\/em><\/p>\n<p><em> \u00bb &#8230;ist jemand im System ausgeschlossen, weggegeben oder verleugnet worden?<br \/>\n<\/em><br \/>\n<em> \u00bb &#8230;gibt es Familiengeheimnisse?<\/em><\/p>\n<p><em> \u00bb pr\u00e4gende Geschehnisse in der Familie und das oft bis zu 4 oder mehr Generationen zur\u00fcck<br \/>\n<\/em><\/p>\n<p>\u00bb <em>unerf\u00fcllter Kinderwunsch<\/em><\/p>\n<p>&nbsp;<\/p>\n<h5><em><strong>wie kann es soweit kommen&#8230;..<\/strong><\/em><\/h5>\n<p><em>Im Angesicht schrecklicher Taten fragen wir uns: Wie konnte das nur geschehen? &#8211; Wir f\u00fchlen uns ohnm\u00e4chtig.<br \/>\n<\/em><br \/>\n<em> Die Arbeit mit von Wut und Gewalt erf\u00fcllten Klienten zeigen, dass das freie Familienstellen \u00fcber die Grenzen der Familie hinausgeht.<br \/>\nWenn es in Familien z. B. T\u00e4ter aus Kriegen gibt, aber auch Vertreibungen, Flucht, Mord oder anderes Unrecht an einem vergangenen Zeitpunkt passiert ist, dann sieht man z.B. beim Familienstellen der Stellvertreter des T\u00e4ters, dass dieser keine Reue zeigt, daf\u00fcr im Gegenzug wird sichtbar, dass ein sp\u00e4ter Geborener mit dem T\u00e4ter identifiziert ist oder die Opfer s\u00fchnen m\u00f6chte. Dieser sp\u00e4t Geborener hat Dinge auf sich genommen, welche im Ursprung nichts pers\u00f6nlich mit ihm zu tun hat. Die daraus entspringende blinde Wut und Gewaltbereitschaft zeigt sich, als eine der Ursachen f\u00fcr die uns oft so unverst\u00e4ndlich erscheinenden Gewalttaten im Leben eines Menschen. Die Polarit\u00e4t auf dieser Welt hat nun einmal beide Pole und jeder von uns darf seinen Platz darin finden! Das angestrebte Ziel w\u00e4re, eine gesunde Harmonie zwischen den zwei Polen zu finden.<\/em><br \/>\n<em> So lange dieses Ungleichgewicht im Familiensystem nicht wieder in die notwendige Ordnung gebracht wird, so lange wird es sich auf eine Art und Weise sich sichtbar machen, oftmals auf eine unsch\u00f6ne Art. Dies \u00fcberdauert oft Generationen, bis endlich jemanden aus der Familie es wagt, den Mut hat einen Blick ins Familiensystem zu werfen und dabei die M\u00f6glichkeit bietet wieder die richtige Ordnung zu schaffen. Erst wenn Opfer und T\u00e4ter in der Aufstellung angeschaut werden und wir uns nicht mehr \u00fcber die T\u00e4ter erheben, sondern durch Frieden stiftende Familienaufstellungsarbeit, achtsam den ihnen geb\u00fcrtigen Platz im Familiensystem zur\u00fcckgeben, gelingt es, Frieden &amp; Harmonie in das Familiensystem einzukehren. Der T\u00e4ter beginnt oftmals seine Schuld zu f\u00fchlen und zu tragen. Der Sohn\/die Tochter, der Enkel\/die Enkelin oder der Urenkel\/die Urenkelin kann sich im Angesicht der Opfer und T\u00e4ter aus seiner &#8222;heldenhaften&#8220; blinden Rolle zur\u00fcckziehen und ein ganz normaler Mensch sein.<br \/>\n<\/em><br \/>\n<em> Die im Verborgenen wirkenden Kr\u00e4fte der Liebe werden sichtbar und in teilweise wirklich bewegenden <strong>PRO<\/strong>zessen zum Fliessen gebracht, was sich in einem guten Abschlussbild zeigt, indem jeder Teilnehmer sich wohl f\u00fchlt. <\/em><\/p>\n<p><em><br \/>\n<strong>Wer an diesem Knotenpunkt\u00a0 in seinem Leben angekommen ist, indem er\/sie immer wieder aufmerksam auf die systemische Arbeit wird, ist vielleicht ein Wink der Ahnen, welche Ihnen signalisieren m\u00f6chten, dass die Zeit reif ist f\u00fcr eine Ver\u00e4nderung! Jemanden m\u00f6chte Ihnen mitteilen, dass gerade Sie die Person sind, welche alles mitbringt, um einen Blick hinter die Kulissen des Familiensystems zu werfen. <\/strong><\/em><\/p>\n<p><em><strong>Warum noch lange leiden, wenn die L\u00f6sung so nah ist!\u00a0 <\/strong><br \/>\n<\/em><\/p>\n<p><em><strong>Haben Sie den Mut, jetzt den Schritt zu wagen, sich Ihnen und Ihrem Familiensystem den ehrenvollen Dienst zu erweisen, dass auch Ihr Familiensystem in Ordnung gebracht werden darf!\u00a0 <\/strong><br \/>\n<strong>Suchen Sie den\/die AufstellungsleiterIn, bei welcher Sie ein gutes Bauchgef\u00fchl haben, egal wie weit der Weg daf\u00fcr zu bew\u00e4ltigen ist. Der Bauch ist immer der beste Ratgeber! \u00a0 \u00a0 \u00a0 \u00a0 \u00a0\u00a0<\/strong><br \/>\n<strong>In vielen Familien hat es so viele Schicksale, daher lohnt es sich, dass manchmal mehrere Familienmitglieder sich dem Familienstellen hinwenden, wichtig ist dabei, dass jeder der Teilaspekt herausnimmt, welcher ihn am Meisten beeintr\u00e4chtigt und so vor allem f\u00fcr sich und sein Leben eine Ver\u00e4nderung angestrebt werden kann. <\/strong><\/em><\/p>\n<p><em><strong>\u00a0\u00a0\u00a0\u00a0<\/strong><br \/>\n<\/em><\/p>\n<h5><strong><a href=\"https:\/\/www.lebens-impuls-center.ch\/?page_id=359\">Daten und Kosten der n\u00e4chsten Aufstellungsseminaren&#8230;..<\/a><\/strong><\/h5>\n<p>&nbsp;<\/p>\n<h5><strong><a href=\"https:\/\/www.lebens-impuls-center.ch\/?page_id=424\">Anmeldeformular f\u00fcr ein Aufstellungsseminar&#8230;..<\/a><\/strong><\/h5>\n<h5><em><strong>\u00a0<\/strong><\/em><\/h5>\n<p>&nbsp;<\/p>\n","protected":false},"excerpt":{"rendered":"<p>Bei dem Familienstellen hat man das Augenmerk auf Schwierigkeiten im Familiensystem. Diese Problematiken werden mehrheitlich unbewusst von Generationen zu Generationen weitergegeben. Der Ursprung liegt oft bei systemischen Verstrickungen zu ehemaligen Familienmitgliedern, welche aus x verschiedenen Gr\u00fcnden aus der Ordnung der Liebe, aus dem Familienverbund, ausgeschlossen wurden. &nbsp; Jedes Familienmitglied hat das Recht, seinen ihm zugeh\u00f6rigen [&hellip;]<\/p>\n","protected":false},"author":2,"featured_media":0,"parent":15,"menu_order":0,"comment_status":"closed","ping_status":"closed","template":"","meta":{"footnotes":""},"class_list":["post-118","page","type-page","status-publish","hentry"],"aioseo_notices":[],"_links":{"self":[{"href":"https:\/\/www.lebens-impuls-center.ch\/index.php?rest_route=\/wp\/v2\/pages\/118","targetHints":{"allow":["GET"]}}],"collection":[{"href":"https:\/\/www.lebens-impuls-center.ch\/index.php?rest_route=\/wp\/v2\/pages"}],"about":[{"href":"https:\/\/www.lebens-impuls-center.ch\/index.php?rest_route=\/wp\/v2\/types\/page"}],"author":[{"embeddable":true,"href":"https:\/\/www.lebens-impuls-center.ch\/index.php?rest_route=\/wp\/v2\/users\/2"}],"replies":[{"embeddable":true,"href":"https:\/\/www.lebens-impuls-center.ch\/index.php?rest_route=%2Fwp%2Fv2%2Fcomments&post=118"}],"version-history":[{"count":0,"href":"https:\/\/www.lebens-impuls-center.ch\/index.php?rest_route=\/wp\/v2\/pages\/118\/revisions"}],"up":[{"embeddable":true,"href":"https:\/\/www.lebens-impuls-center.ch\/index.php?rest_route=\/wp\/v2\/pages\/15"}],"wp:attachment":[{"href":"https:\/\/www.lebens-impuls-center.ch\/index.php?rest_route=%2Fwp%2Fv2%2Fmedia&parent=118"}],"curies":[{"name":"wp","href":"https:\/\/api.w.org\/{rel}","templated":true}]}}