{"id":100,"date":"2015-09-14T10:58:25","date_gmt":"2015-09-14T08:58:25","guid":{"rendered":"http:\/\/www.lebens-impuls-center.ch\/?page_id=100"},"modified":"2015-10-13T21:35:46","modified_gmt":"2015-10-13T19:35:46","slug":"strukturaufstellung","status":"publish","type":"page","link":"https:\/\/www.lebens-impuls-center.ch\/?page_id=100","title":{"rendered":"Strukturaufstellung"},"content":{"rendered":"<p>&nbsp;<\/p>\n<p><em>Systemische Strukturaufstellung\u00a0 ist eine Aufstellungsform bei der neben menschlichen K\u00f6rperteilen und Organen auch abstrakte Systemelemente (z.B. Ziele, Hindernisse, Ideen) ber\u00fccksichtigt werden k\u00f6nnen. Die Stellvertreter \u00fcbernehmen dabei die Rolle der einzelnen Systemanteile (z.B. das Hindernis, ein K\u00f6rperorgan, welches z.B. krank ist usw.). Die hilfesuchende Person stellt diese abstrakte Systemanteile so im Raum auf, wie es seinem\/ ihrem momentanen inneren Bild entspricht. Durch die Empfindungen der aufgestellten Personen kann so ein Verst\u00e4ndnis f\u00fcr das gesamte System entstehen. Mit Ver\u00e4nderungen im aufgestellten System k\u00f6nnen L\u00f6sungen zu Problemsituationen ausprobiert und erarbeitet werden.\u00a0<\/em><\/p>\n<p>&nbsp;<\/p>\n<p>&nbsp;<\/p>\n<h5><strong><a href=\"https:\/\/www.lebens-impuls-center.ch\/?page_id=424\">Anmeldeformular f\u00fcr ein Aufstellungsseminar&#8230;..<\/a><\/strong><\/h5>\n","protected":false},"excerpt":{"rendered":"<p>&nbsp; Systemische Strukturaufstellung\u00a0 ist eine Aufstellungsform bei der neben menschlichen K\u00f6rperteilen und Organen auch abstrakte Systemelemente (z.B. Ziele, Hindernisse, Ideen) ber\u00fccksichtigt werden k\u00f6nnen. Die Stellvertreter \u00fcbernehmen dabei die Rolle der einzelnen Systemanteile (z.B. das Hindernis, ein K\u00f6rperorgan, welches z.B. krank ist usw.). Die hilfesuchende Person stellt diese abstrakte Systemanteile so im Raum auf, wie es [&hellip;]<\/p>\n","protected":false},"author":2,"featured_media":0,"parent":15,"menu_order":0,"comment_status":"closed","ping_status":"closed","template":"","meta":{"footnotes":""},"class_list":["post-100","page","type-page","status-publish","hentry"],"aioseo_notices":[],"_links":{"self":[{"href":"https:\/\/www.lebens-impuls-center.ch\/index.php?rest_route=\/wp\/v2\/pages\/100","targetHints":{"allow":["GET"]}}],"collection":[{"href":"https:\/\/www.lebens-impuls-center.ch\/index.php?rest_route=\/wp\/v2\/pages"}],"about":[{"href":"https:\/\/www.lebens-impuls-center.ch\/index.php?rest_route=\/wp\/v2\/types\/page"}],"author":[{"embeddable":true,"href":"https:\/\/www.lebens-impuls-center.ch\/index.php?rest_route=\/wp\/v2\/users\/2"}],"replies":[{"embeddable":true,"href":"https:\/\/www.lebens-impuls-center.ch\/index.php?rest_route=%2Fwp%2Fv2%2Fcomments&post=100"}],"version-history":[{"count":0,"href":"https:\/\/www.lebens-impuls-center.ch\/index.php?rest_route=\/wp\/v2\/pages\/100\/revisions"}],"up":[{"embeddable":true,"href":"https:\/\/www.lebens-impuls-center.ch\/index.php?rest_route=\/wp\/v2\/pages\/15"}],"wp:attachment":[{"href":"https:\/\/www.lebens-impuls-center.ch\/index.php?rest_route=%2Fwp%2Fv2%2Fmedia&parent=100"}],"curies":[{"name":"wp","href":"https:\/\/api.w.org\/{rel}","templated":true}]}}